{"id":24234,"date":"2023-01-10T13:22:18","date_gmt":"2023-01-10T18:22:18","guid":{"rendered":"https:\/\/espanolconmaria.com\/teacher-maria\/"},"modified":"2023-10-12T11:50:22","modified_gmt":"2023-10-12T16:50:22","slug":"teacher-maria","status":"publish","type":"page","link":"https:\/\/espanolconmaria.com\/en\/teacher-maria\/","title":{"rendered":"Teacher Maria"},"content":{"rendered":"\t\t<div data-elementor-type=\"wp-page\" data-elementor-id=\"24234\" class=\"elementor elementor-24234 elementor-21740\" data-elementor-post-type=\"page\">\n\t\t\t\t\t\t<section class=\"elementor-section elementor-top-section elementor-element elementor-element-6b376e2 elementor-section-boxed elementor-section-height-default elementor-section-height-default\" data-id=\"6b376e2\" data-element_type=\"section\" data-e-type=\"section\">\n\t\t\t\t\t\t<div class=\"elementor-container elementor-column-gap-default\">\n\t\t\t\t\t<div class=\"elementor-column elementor-col-50 elementor-top-column elementor-element elementor-element-ed2cbfb\" data-id=\"ed2cbfb\" data-element_type=\"column\" data-e-type=\"column\">\n\t\t\t<div class=\"elementor-widget-wrap elementor-element-populated\">\n\t\t\t\t\t\t<div class=\"elementor-element elementor-element-ca9d511 elementor-widget elementor-widget-heading\" data-id=\"ca9d511\" data-element_type=\"widget\" data-e-type=\"widget\" data-widget_type=\"heading.default\">\n\t\t\t\t<div class=\"elementor-widget-container\">\n\t\t\t\t\t<h2 class=\"elementor-heading-title elementor-size-default\">To make you feel the tropicality of Spanish<\/h2>\t\t\t\t<\/div>\n\t\t\t\t<\/div>\n\t\t\t\t<div class=\"elementor-element elementor-element-52fa1b4 elementor-widget elementor-widget-text-editor\" data-id=\"52fa1b4\" data-element_type=\"widget\" data-e-type=\"widget\" data-widget_type=\"text-editor.default\">\n\t\t\t\t<div class=\"elementor-widget-container\">\n\t\t\t\t\t\t\t\t\t<p>I am the founder of Espa\u00f1ol con Mar\u00eda and I created this community so that all those who are learning Spanish as a foreign language could find support to make their process fun and allow them to meet fascinating people and stories. I am Colombian and I am a professional in social communication and journalism.<\/p>\n\t\t\t\t\t\t\t\t<\/div>\n\t\t\t\t<\/div>\n\t\t\t\t\t<\/div>\n\t\t<\/div>\n\t\t\t\t<div class=\"elementor-column elementor-col-50 elementor-top-column elementor-element elementor-element-93c138d\" data-id=\"93c138d\" data-element_type=\"column\" data-e-type=\"column\">\n\t\t\t<div class=\"elementor-widget-wrap elementor-element-populated\">\n\t\t\t\t\t\t<div class=\"elementor-element elementor-element-21bd8e1 elementor-widget elementor-widget-video\" data-id=\"21bd8e1\" data-element_type=\"widget\" data-e-type=\"widget\" data-settings=\"{&quot;youtube_url&quot;:&quot;https:\\\/\\\/www.youtube.com\\\/watch?v=U2hLC-SJtAQ&quot;,&quot;video_type&quot;:&quot;youtube&quot;,&quot;controls&quot;:&quot;yes&quot;}\" data-widget_type=\"video.default\">\n\t\t\t\t<div class=\"elementor-widget-container\">\n\t\t\t\t\t\t\t<div class=\"elementor-wrapper elementor-open-inline\">\n\t\t\t<div class=\"elementor-video\"><\/div>\t\t<\/div>\n\t\t\t\t\t\t<\/div>\n\t\t\t\t<\/div>\n\t\t\t\t\t<\/div>\n\t\t<\/div>\n\t\t\t\t\t<\/div>\n\t\t<\/section>\n\t\t\t\t<section class=\"elementor-section elementor-top-section elementor-element elementor-element-e4ee051 elementor-section-boxed elementor-section-height-default elementor-section-height-default\" data-id=\"e4ee051\" data-element_type=\"section\" data-e-type=\"section\">\n\t\t\t\t\t\t<div class=\"elementor-container elementor-column-gap-default\">\n\t\t\t\t\t<div class=\"elementor-column elementor-col-100 elementor-top-column elementor-element elementor-element-91171c4\" data-id=\"91171c4\" data-element_type=\"column\" data-e-type=\"column\">\n\t\t\t<div class=\"elementor-widget-wrap elementor-element-populated\">\n\t\t\t\t\t\t<div class=\"elementor-element elementor-element-91bbc71 elementor-widget elementor-widget-heading\" data-id=\"91bbc71\" data-element_type=\"widget\" data-e-type=\"widget\" data-widget_type=\"heading.default\">\n\t\t\t\t<div class=\"elementor-widget-container\">\n\t\t\t\t\t<h2 class=\"elementor-heading-title elementor-size-default\">Schedule a Spanish class with Maria<\/h2>\t\t\t\t<\/div>\n\t\t\t\t<\/div>\n\t\t\t\t\t<\/div>\n\t\t<\/div>\n\t\t\t\t\t<\/div>\n\t\t<\/section>\n\t\t\t\t<section class=\"elementor-section elementor-top-section elementor-element elementor-element-6884609 elementor-section-boxed elementor-section-height-default elementor-section-height-default\" data-id=\"6884609\" data-element_type=\"section\" data-e-type=\"section\">\n\t\t\t\t\t\t<div class=\"elementor-container elementor-column-gap-default\">\n\t\t\t\t\t<div class=\"elementor-column elementor-col-100 elementor-top-column elementor-element elementor-element-1776610\" data-id=\"1776610\" data-element_type=\"column\" data-e-type=\"column\">\n\t\t\t<div class=\"elementor-widget-wrap elementor-element-populated\">\n\t\t\t\t\t\t<div class=\"elementor-element elementor-element-f1f8949 elementor-widget elementor-widget-html\" data-id=\"f1f8949\" data-element_type=\"widget\" data-e-type=\"widget\" data-widget_type=\"html.default\">\n\t\t\t\t<div class=\"elementor-widget-container\">\n\t\t\t\t\t<iframe src=\"https:\/\/app.acuityscheduling.com\/schedule.php?owner=18030220&amp;calendarID=3115674\" title=\"Schedule Appointment\" width=\"100%\" height=\"800\" frameborder=\"0\"><\/iframe><script src=\"https:\/\/embed.acuityscheduling.com\/js\/embed.js\" type=\"text\/javascript\"><\/script>\t\t\t\t<\/div>\n\t\t\t\t<\/div>\n\t\t\t\t\t<\/div>\n\t\t<\/div>\n\t\t\t\t\t<\/div>\n\t\t<\/section>\n\t\t\t\t<section class=\"elementor-section elementor-top-section elementor-element elementor-element-d8b52df elementor-section-boxed elementor-section-height-default elementor-section-height-default\" data-id=\"d8b52df\" data-element_type=\"section\" data-e-type=\"section\">\n\t\t\t\t\t\t<div class=\"elementor-container elementor-column-gap-default\">\n\t\t\t\t\t<div class=\"elementor-column elementor-col-100 elementor-top-column elementor-element elementor-element-64b3698\" data-id=\"64b3698\" data-element_type=\"column\" data-e-type=\"column\">\n\t\t\t<div class=\"elementor-widget-wrap elementor-element-populated\">\n\t\t\t\t\t\t<div class=\"elementor-element elementor-element-c4a7fea elementor-widget elementor-widget-heading\" data-id=\"c4a7fea\" data-element_type=\"widget\" data-e-type=\"widget\" data-widget_type=\"heading.default\">\n\t\t\t\t<div class=\"elementor-widget-container\">\n\t\t\t\t\t<h2 class=\"elementor-heading-title elementor-size-default\">Some interesting facts about Professor Maria<\/h2>\t\t\t\t<\/div>\n\t\t\t\t<\/div>\n\t\t\t\t\t<\/div>\n\t\t<\/div>\n\t\t\t\t\t<\/div>\n\t\t<\/section>\n\t\t\t\t<section class=\"elementor-section elementor-top-section elementor-element elementor-element-b1591e7 elementor-section-boxed elementor-section-height-default elementor-section-height-default\" data-id=\"b1591e7\" data-element_type=\"section\" data-e-type=\"section\">\n\t\t\t\t\t\t<div class=\"elementor-container elementor-column-gap-default\">\n\t\t\t\t\t<div class=\"elementor-column elementor-col-50 elementor-top-column elementor-element elementor-element-34d1d3c\" data-id=\"34d1d3c\" data-element_type=\"column\" data-e-type=\"column\">\n\t\t\t<div class=\"elementor-widget-wrap elementor-element-populated\">\n\t\t\t\t\t\t<div class=\"elementor-element elementor-element-72eef13 elementor-widget elementor-widget-image\" data-id=\"72eef13\" data-element_type=\"widget\" data-e-type=\"widget\" data-widget_type=\"image.default\">\n\t\t\t\t<div class=\"elementor-widget-container\">\n\t\t\t\t\t\t\t\t\t\t\t\t\t\t\t<img fetchpriority=\"high\" decoding=\"async\" width=\"640\" height=\"640\" src=\"https:\/\/espanolconmaria.com\/wp-content\/uploads\/2023\/01\/Maria-de-Espanol-con-Maria-1024x1024.png\" class=\"attachment-large size-large wp-image-21658\" alt=\"Mar\u00eda de Espa\u00f1ol con Mar\u00eda\" srcset=\"https:\/\/espanolconmaria.com\/wp-content\/uploads\/2023\/01\/Maria-de-Espanol-con-Maria-1024x1024.png.webp 1024w, https:\/\/espanolconmaria.com\/wp-content\/uploads\/2023\/01\/Maria-de-Espanol-con-Maria-150x150.png.webp 150w, https:\/\/espanolconmaria.com\/wp-content\/uploads\/2023\/01\/Maria-de-Espanol-con-Maria-300x300.png.webp 300w, https:\/\/espanolconmaria.com\/wp-content\/uploads\/2023\/01\/Maria-de-Espanol-con-Maria-100x100.png.webp 100w\" sizes=\"(max-width: 640px) 100vw, 640px\" \/>\t\t\t\t\t\t\t\t\t\t\t\t\t\t\t<\/div>\n\t\t\t\t<\/div>\n\t\t\t\t\t<\/div>\n\t\t<\/div>\n\t\t\t\t<div class=\"elementor-column elementor-col-50 elementor-top-column elementor-element elementor-element-585da13\" data-id=\"585da13\" data-element_type=\"column\" data-e-type=\"column\">\n\t\t\t<div class=\"elementor-widget-wrap elementor-element-populated\">\n\t\t\t\t\t\t<div class=\"elementor-element elementor-element-84f94db elementor-widget elementor-widget-text-editor\" data-id=\"84f94db\" data-element_type=\"widget\" data-e-type=\"widget\" data-widget_type=\"text-editor.default\">\n\t\t\t\t<div class=\"elementor-widget-container\">\n\t\t\t\t\t\t\t\t\t<p><strong>Languages spoken:<\/strong> Spanish, English, French and Portuguese.<\/p>\n<p><strong>Where do I live:<\/strong> Bucaramanga, Colombia.<\/p>\n<p><strong>Profession:<\/strong> Social communicator and journalist<\/p>\n<p><strong>Interests:<\/strong> world cultures, history, creativity, politics.<\/p>\n<p><strong>Strengths for Spanish class:<\/strong> because I have experience in radio and television, I can especially help you to improve your pronunciation when speaking Spanish and fluency when expressing yourself so that you sound natural.<\/p>\n\t\t\t\t\t\t\t\t<\/div>\n\t\t\t\t<\/div>\n\t\t\t\t\t<\/div>\n\t\t<\/div>\n\t\t\t\t\t<\/div>\n\t\t<\/section>\n\t\t\t\t<\/div>\n\t\t","protected":false},"excerpt":{"rendered":"<p>To make you feel the tropicality of Spanish I am the founder of Espa\u00f1ol con Mar\u00eda and I created this community so that all those who are learning Spanish as a foreign language could find support to make their process &hellip; <\/p>\n","protected":false},"author":1,"featured_media":0,"parent":0,"menu_order":0,"comment_status":"closed","ping_status":"closed","template":"","meta":{"pmpro_default_level":"","footnotes":""},"class_list":["post-24234","page","type-page","status-publish","hentry","pmpro-has-access"],"yoast_head":"<!-- This site is optimized with the Yoast SEO plugin v27.3 - https:\/\/yoast.com\/product\/yoast-seo-wordpress\/ -->\n<title>Teacher Maria - Espa\u00f1ol con Mar\u00eda<\/title>\n<meta name=\"robots\" content=\"index, follow, max-snippet:-1, max-image-preview:large, max-video-preview:-1\" \/>\n<link rel=\"canonical\" href=\"https:\/\/espanolconmaria.com\/en\/teacher-maria\/\" \/>\n<meta property=\"og:locale\" content=\"en_US\" \/>\n<meta property=\"og:type\" content=\"article\" \/>\n<meta property=\"og:title\" content=\"Teacher Maria - Espa\u00f1ol con Mar\u00eda\" \/>\n<meta property=\"og:description\" content=\"To make you feel the tropicality of Spanish I am the founder of Espa\u00f1ol con Mar\u00eda and I created this community so that all those who are learning Spanish as a foreign language could find support to make their process &hellip;\" \/>\n<meta property=\"og:url\" content=\"https:\/\/espanolconmaria.com\/en\/teacher-maria\/\" \/>\n<meta property=\"og:site_name\" content=\"Espa\u00f1ol con Mar\u00eda\" \/>\n<meta property=\"article:publisher\" content=\"https:\/\/www.facebook.com\/AprenderEspanolConMaria\/\" \/>\n<meta property=\"article:modified_time\" content=\"2023-10-12T16:50:22+00:00\" \/>\n<meta property=\"og:image\" content=\"https:\/\/espanolconmaria.com\/wp-content\/uploads\/2023\/01\/Maria-de-Espanol-con-Maria-1024x1024.png\" \/>\n<meta name=\"twitter:card\" content=\"summary_large_image\" \/>\n<meta name=\"twitter:site\" content=\"@espanolconmaria\" \/>\n<meta name=\"twitter:label1\" content=\"Est. reading time\" \/>\n\t<meta name=\"twitter:data1\" content=\"1 minute\" \/>\n<script type=\"application\/ld+json\" class=\"yoast-schema-graph\">{\"@context\":\"https:\\\/\\\/schema.org\",\"@graph\":[{\"@type\":\"WebPage\",\"@id\":\"https:\\\/\\\/espanolconmaria.com\\\/en\\\/teacher-maria\\\/\",\"url\":\"https:\\\/\\\/espanolconmaria.com\\\/en\\\/teacher-maria\\\/\",\"name\":\"Teacher Maria - Espa\u00f1ol con Mar\u00eda\",\"isPartOf\":{\"@id\":\"https:\\\/\\\/espanolconmaria.com\\\/#website\"},\"primaryImageOfPage\":{\"@id\":\"https:\\\/\\\/espanolconmaria.com\\\/en\\\/teacher-maria\\\/#primaryimage\"},\"image\":{\"@id\":\"https:\\\/\\\/espanolconmaria.com\\\/en\\\/teacher-maria\\\/#primaryimage\"},\"thumbnailUrl\":\"https:\\\/\\\/espanolconmaria.com\\\/wp-content\\\/uploads\\\/2023\\\/01\\\/Maria-de-Espanol-con-Maria-1024x1024.png\",\"datePublished\":\"2023-01-10T18:22:18+00:00\",\"dateModified\":\"2023-10-12T16:50:22+00:00\",\"breadcrumb\":{\"@id\":\"https:\\\/\\\/espanolconmaria.com\\\/en\\\/teacher-maria\\\/#breadcrumb\"},\"inLanguage\":\"en-US\",\"potentialAction\":[{\"@type\":\"ReadAction\",\"target\":[\"https:\\\/\\\/espanolconmaria.com\\\/en\\\/teacher-maria\\\/\"]}]},{\"@type\":\"ImageObject\",\"inLanguage\":\"en-US\",\"@id\":\"https:\\\/\\\/espanolconmaria.com\\\/en\\\/teacher-maria\\\/#primaryimage\",\"url\":\"https:\\\/\\\/espanolconmaria.com\\\/wp-content\\\/uploads\\\/2023\\\/01\\\/Maria-de-Espanol-con-Maria-1024x1024.png\",\"contentUrl\":\"https:\\\/\\\/espanolconmaria.com\\\/wp-content\\\/uploads\\\/2023\\\/01\\\/Maria-de-Espanol-con-Maria-1024x1024.png\"},{\"@type\":\"BreadcrumbList\",\"@id\":\"https:\\\/\\\/espanolconmaria.com\\\/en\\\/teacher-maria\\\/#breadcrumb\",\"itemListElement\":[{\"@type\":\"ListItem\",\"position\":1,\"name\":\"Portada\",\"item\":\"https:\\\/\\\/espanolconmaria.com\\\/en\\\/\"},{\"@type\":\"ListItem\",\"position\":2,\"name\":\"Teacher Maria\"}]},{\"@type\":\"WebSite\",\"@id\":\"https:\\\/\\\/espanolconmaria.com\\\/#website\",\"url\":\"https:\\\/\\\/espanolconmaria.com\\\/\",\"name\":\"Espa\u00f1ol con Mar\u00eda\",\"description\":\"La forma tropical de aprender espa\u00f1ol\",\"publisher\":{\"@id\":\"https:\\\/\\\/espanolconmaria.com\\\/#organization\"},\"potentialAction\":[{\"@type\":\"SearchAction\",\"target\":{\"@type\":\"EntryPoint\",\"urlTemplate\":\"https:\\\/\\\/espanolconmaria.com\\\/?s={search_term_string}\"},\"query-input\":{\"@type\":\"PropertyValueSpecification\",\"valueRequired\":true,\"valueName\":\"search_term_string\"}}],\"inLanguage\":\"en-US\"},{\"@type\":\"Organization\",\"@id\":\"https:\\\/\\\/espanolconmaria.com\\\/#organization\",\"name\":\"Espa\u00f1ol con Mar\u00eda\",\"url\":\"https:\\\/\\\/espanolconmaria.com\\\/\",\"logo\":{\"@type\":\"ImageObject\",\"inLanguage\":\"en-US\",\"@id\":\"https:\\\/\\\/espanolconmaria.com\\\/#\\\/schema\\\/logo\\\/image\\\/\",\"url\":\"https:\\\/\\\/espanolconmaria.com\\\/wp-content\\\/uploads\\\/2022\\\/11\\\/elementos-grma\u0301ticos-cambio-de-logo-espan\u0303ol-con-maria-07.png\",\"contentUrl\":\"https:\\\/\\\/espanolconmaria.com\\\/wp-content\\\/uploads\\\/2022\\\/11\\\/elementos-grma\u0301ticos-cambio-de-logo-espan\u0303ol-con-maria-07.png\",\"width\":1254,\"height\":398,\"caption\":\"Espa\u00f1ol con Mar\u00eda\"},\"image\":{\"@id\":\"https:\\\/\\\/espanolconmaria.com\\\/#\\\/schema\\\/logo\\\/image\\\/\"},\"sameAs\":[\"https:\\\/\\\/www.facebook.com\\\/AprenderEspanolConMaria\\\/\",\"https:\\\/\\\/x.com\\\/espanolconmaria\",\"https:\\\/\\\/www.instagram.com\\\/espanolconmaria\\\/\",\"https:\\\/\\\/www.tiktok.com\\\/@espanolconmaria\"]}]}<\/script>\n<!-- \/ Yoast SEO plugin. -->","yoast_head_json":{"title":"Teacher Maria - Espa\u00f1ol con Mar\u00eda","robots":{"index":"index","follow":"follow","max-snippet":"max-snippet:-1","max-image-preview":"max-image-preview:large","max-video-preview":"max-video-preview:-1"},"canonical":"https:\/\/espanolconmaria.com\/en\/teacher-maria\/","og_locale":"en_US","og_type":"article","og_title":"Teacher Maria - Espa\u00f1ol con Mar\u00eda","og_description":"To make you feel the tropicality of Spanish I am the founder of Espa\u00f1ol con Mar\u00eda and I created this community so that all those who are learning Spanish as a foreign language could find support to make their process &hellip;","og_url":"https:\/\/espanolconmaria.com\/en\/teacher-maria\/","og_site_name":"Espa\u00f1ol con Mar\u00eda","article_publisher":"https:\/\/www.facebook.com\/AprenderEspanolConMaria\/","article_modified_time":"2023-10-12T16:50:22+00:00","og_image":[{"url":"https:\/\/espanolconmaria.com\/wp-content\/uploads\/2023\/01\/Maria-de-Espanol-con-Maria-1024x1024.png","type":"","width":"","height":""}],"twitter_card":"summary_large_image","twitter_site":"@espanolconmaria","twitter_misc":{"Est. reading time":"1 minute"},"schema":{"@context":"https:\/\/schema.org","@graph":[{"@type":"WebPage","@id":"https:\/\/espanolconmaria.com\/en\/teacher-maria\/","url":"https:\/\/espanolconmaria.com\/en\/teacher-maria\/","name":"Teacher Maria - Espa\u00f1ol con Mar\u00eda","isPartOf":{"@id":"https:\/\/espanolconmaria.com\/#website"},"primaryImageOfPage":{"@id":"https:\/\/espanolconmaria.com\/en\/teacher-maria\/#primaryimage"},"image":{"@id":"https:\/\/espanolconmaria.com\/en\/teacher-maria\/#primaryimage"},"thumbnailUrl":"https:\/\/espanolconmaria.com\/wp-content\/uploads\/2023\/01\/Maria-de-Espanol-con-Maria-1024x1024.png","datePublished":"2023-01-10T18:22:18+00:00","dateModified":"2023-10-12T16:50:22+00:00","breadcrumb":{"@id":"https:\/\/espanolconmaria.com\/en\/teacher-maria\/#breadcrumb"},"inLanguage":"en-US","potentialAction":[{"@type":"ReadAction","target":["https:\/\/espanolconmaria.com\/en\/teacher-maria\/"]}]},{"@type":"ImageObject","inLanguage":"en-US","@id":"https:\/\/espanolconmaria.com\/en\/teacher-maria\/#primaryimage","url":"https:\/\/espanolconmaria.com\/wp-content\/uploads\/2023\/01\/Maria-de-Espanol-con-Maria-1024x1024.png","contentUrl":"https:\/\/espanolconmaria.com\/wp-content\/uploads\/2023\/01\/Maria-de-Espanol-con-Maria-1024x1024.png"},{"@type":"BreadcrumbList","@id":"https:\/\/espanolconmaria.com\/en\/teacher-maria\/#breadcrumb","itemListElement":[{"@type":"ListItem","position":1,"name":"Portada","item":"https:\/\/espanolconmaria.com\/en\/"},{"@type":"ListItem","position":2,"name":"Teacher Maria"}]},{"@type":"WebSite","@id":"https:\/\/espanolconmaria.com\/#website","url":"https:\/\/espanolconmaria.com\/","name":"Espa\u00f1ol con Mar\u00eda","description":"La forma tropical de aprender espa\u00f1ol","publisher":{"@id":"https:\/\/espanolconmaria.com\/#organization"},"potentialAction":[{"@type":"SearchAction","target":{"@type":"EntryPoint","urlTemplate":"https:\/\/espanolconmaria.com\/?s={search_term_string}"},"query-input":{"@type":"PropertyValueSpecification","valueRequired":true,"valueName":"search_term_string"}}],"inLanguage":"en-US"},{"@type":"Organization","@id":"https:\/\/espanolconmaria.com\/#organization","name":"Espa\u00f1ol con Mar\u00eda","url":"https:\/\/espanolconmaria.com\/","logo":{"@type":"ImageObject","inLanguage":"en-US","@id":"https:\/\/espanolconmaria.com\/#\/schema\/logo\/image\/","url":"https:\/\/espanolconmaria.com\/wp-content\/uploads\/2022\/11\/elementos-grma\u0301ticos-cambio-de-logo-espan\u0303ol-con-maria-07.png","contentUrl":"https:\/\/espanolconmaria.com\/wp-content\/uploads\/2022\/11\/elementos-grma\u0301ticos-cambio-de-logo-espan\u0303ol-con-maria-07.png","width":1254,"height":398,"caption":"Espa\u00f1ol con Mar\u00eda"},"image":{"@id":"https:\/\/espanolconmaria.com\/#\/schema\/logo\/image\/"},"sameAs":["https:\/\/www.facebook.com\/AprenderEspanolConMaria\/","https:\/\/x.com\/espanolconmaria","https:\/\/www.instagram.com\/espanolconmaria\/","https:\/\/www.tiktok.com\/@espanolconmaria"]}]}},"_hostinger_reach_plugin_has_subscription_block":false,"_hostinger_reach_plugin_is_elementor":false,"_links":{"self":[{"href":"https:\/\/espanolconmaria.com\/en\/wp-json\/wp\/v2\/pages\/24234","targetHints":{"allow":["GET"]}}],"collection":[{"href":"https:\/\/espanolconmaria.com\/en\/wp-json\/wp\/v2\/pages"}],"about":[{"href":"https:\/\/espanolconmaria.com\/en\/wp-json\/wp\/v2\/types\/page"}],"author":[{"embeddable":true,"href":"https:\/\/espanolconmaria.com\/en\/wp-json\/wp\/v2\/users\/1"}],"replies":[{"embeddable":true,"href":"https:\/\/espanolconmaria.com\/en\/wp-json\/wp\/v2\/comments?post=24234"}],"version-history":[{"count":1,"href":"https:\/\/espanolconmaria.com\/en\/wp-json\/wp\/v2\/pages\/24234\/revisions"}],"predecessor-version":[{"id":24236,"href":"https:\/\/espanolconmaria.com\/en\/wp-json\/wp\/v2\/pages\/24234\/revisions\/24236"}],"wp:attachment":[{"href":"https:\/\/espanolconmaria.com\/en\/wp-json\/wp\/v2\/media?parent=24234"}],"curies":[{"name":"wp","href":"https:\/\/api.w.org\/{rel}","templated":true}]}}