{"id":25634,"date":"2023-01-04T15:54:52","date_gmt":"2023-01-04T20:54:52","guid":{"rendered":"https:\/\/espanolconmaria.com\/how-to-start-learning-spanish-with-maria\/"},"modified":"2024-04-03T19:06:44","modified_gmt":"2024-04-04T00:06:44","slug":"how-to-start-learning-spanish-with-maria","status":"publish","type":"page","link":"https:\/\/espanolconmaria.com\/en\/how-to-start-learning-spanish-with-maria\/","title":{"rendered":"How to start learning Spanish with Maria"},"content":{"rendered":"\t\t<div data-elementor-type=\"wp-page\" data-elementor-id=\"25634\" class=\"elementor elementor-25634 elementor-21620\" data-elementor-post-type=\"page\">\n\t\t\t\t\t\t<section class=\"elementor-section elementor-top-section elementor-element elementor-element-8ee7c0e elementor-section-boxed elementor-section-height-default elementor-section-height-default\" data-id=\"8ee7c0e\" data-element_type=\"section\" data-e-type=\"section\">\n\t\t\t\t\t\t<div class=\"elementor-container elementor-column-gap-default\">\n\t\t\t\t\t<div class=\"elementor-column elementor-col-100 elementor-top-column elementor-element elementor-element-693aecd\" data-id=\"693aecd\" data-element_type=\"column\" data-e-type=\"column\">\n\t\t\t<div class=\"elementor-widget-wrap elementor-element-populated\">\n\t\t\t\t\t\t<div class=\"elementor-element elementor-element-c5492aa elementor-widget elementor-widget-heading\" data-id=\"c5492aa\" data-element_type=\"widget\" data-e-type=\"widget\" data-widget_type=\"heading.default\">\n\t\t\t\t<div class=\"elementor-widget-container\">\n\t\t\t\t\t<h2 class=\"elementor-heading-title elementor-size-default\">Do you know how you learn languages?<\/h2>\t\t\t\t<\/div>\n\t\t\t\t<\/div>\n\t\t\t\t<div class=\"elementor-element elementor-element-759b17b elementor-widget elementor-widget-text-editor\" data-id=\"759b17b\" data-element_type=\"widget\" data-e-type=\"widget\" data-widget_type=\"text-editor.default\">\n\t\t\t\t<div class=\"elementor-widget-container\">\n\t\t\t\t\t\t\t\t\t<p>Answer this questionnaire and receive in your e-mail our analysis of your learning style and some ideas of activities that will help you learn Spanish much faster. It will take you 10 minutes.<\/p>\n\t\t\t\t\t\t\t\t<\/div>\n\t\t\t\t<\/div>\n\t\t\t\t<div class=\"elementor-element elementor-element-f242495 elementor-widget elementor-widget-html\" data-id=\"f242495\" data-element_type=\"widget\" data-e-type=\"widget\" data-widget_type=\"html.default\">\n\t\t\t\t<div class=\"elementor-widget-container\">\n\t\t\t\t\t<div data-tf-live=\"01HSHK4ZWGY20YBCDWBHXXBVT5\"><\/div><script src=\"\/\/embed.typeform.com\/next\/embed.js\"><\/script>\t\t\t\t<\/div>\n\t\t\t\t<\/div>\n\t\t\t\t\t<\/div>\n\t\t<\/div>\n\t\t\t\t\t<\/div>\n\t\t<\/section>\n\t\t\t\t<section class=\"elementor-section elementor-top-section elementor-element elementor-element-68db4aa elementor-section-boxed elementor-section-height-default elementor-section-height-default\" data-id=\"68db4aa\" data-element_type=\"section\" data-e-type=\"section\">\n\t\t\t\t\t\t<div class=\"elementor-container elementor-column-gap-default\">\n\t\t\t\t\t<div class=\"elementor-column elementor-col-100 elementor-top-column elementor-element elementor-element-a181b9b\" data-id=\"a181b9b\" data-element_type=\"column\" data-e-type=\"column\">\n\t\t\t<div class=\"elementor-widget-wrap elementor-element-populated\">\n\t\t\t\t\t\t<div class=\"elementor-element elementor-element-a750709 elementor-widget elementor-widget-heading\" data-id=\"a750709\" data-element_type=\"widget\" data-e-type=\"widget\" data-widget_type=\"heading.default\">\n\t\t\t\t<div class=\"elementor-widget-container\">\n\t\t\t\t\t<h2 class=\"elementor-heading-title elementor-size-default\">A diagnostic test of Spanish<\/h2>\t\t\t\t<\/div>\n\t\t\t\t<\/div>\n\t\t\t\t<div class=\"elementor-element elementor-element-ae34a2f elementor-widget elementor-widget-text-editor\" data-id=\"ae34a2f\" data-element_type=\"widget\" data-e-type=\"widget\" data-widget_type=\"text-editor.default\">\n\t\t\t\t<div class=\"elementor-widget-container\">\n\t\t\t\t\t\t\t\t\t<p>The diagnostic test of Spanish with Maria is very special, because more than seeking to discover what your level of Spanish is, this test tries to identify which are the most useful study methods for each student and also deciphers your motivations and interests so that we can suggest a series of activities to learn, practice and improve the level of Spanish.&nbsp;<\/p>\n<p>Many students of Spanish want to learn independently, but do not know where to start or how to do it. This test will allow us to suggest a series of activities that will guide you on the road to learning Spanish.&nbsp;<\/p>\n\t\t\t\t\t\t\t\t<\/div>\n\t\t\t\t<\/div>\n\t\t\t\t<div class=\"elementor-element elementor-element-43dc077 elementor-widget elementor-widget-heading\" data-id=\"43dc077\" data-element_type=\"widget\" data-e-type=\"widget\" data-widget_type=\"heading.default\">\n\t\t\t\t<div class=\"elementor-widget-container\">\n\t\t\t\t\t<h5 class=\"elementor-heading-title elementor-size-default\">How long does it take to take the Spanish diagnostic test?<\/h5>\t\t\t\t<\/div>\n\t\t\t\t<\/div>\n\t\t\t\t<div class=\"elementor-element elementor-element-d517c26 elementor-widget elementor-widget-text-editor\" data-id=\"d517c26\" data-element_type=\"widget\" data-e-type=\"widget\" data-widget_type=\"text-editor.default\">\n\t\t\t\t<div class=\"elementor-widget-container\">\n\t\t\t\t\t\t\t\t\t<p>The average student does it in less than 10 minutes. The test has 3 parts, the first is to identify the motivations of each student, the second, to evaluate how each student feels in the basic skills: expressing oneself by speaking, expressing oneself by writing, understanding by reading and understanding by listening.  <\/p>\n<p>In the end, we seek to know the time and budget that each student has, so we can suggest learning resources that adapt to what the student is looking for.  <\/p>\n\t\t\t\t\t\t\t\t<\/div>\n\t\t\t\t<\/div>\n\t\t\t\t<div class=\"elementor-element elementor-element-e11ec68 elementor-widget elementor-widget-heading\" data-id=\"e11ec68\" data-element_type=\"widget\" data-e-type=\"widget\" data-widget_type=\"heading.default\">\n\t\t\t\t<div class=\"elementor-widget-container\">\n\t\t\t\t\t<h3 class=\"elementor-heading-title elementor-size-default\">What we will send you once you finish the Spanish diagnostic test with Maria.<\/h3>\t\t\t\t<\/div>\n\t\t\t\t<\/div>\n\t\t\t\t<div class=\"elementor-element elementor-element-c93ea18 elementor-widget elementor-widget-image\" data-id=\"c93ea18\" data-element_type=\"widget\" data-e-type=\"widget\" data-widget_type=\"image.default\">\n\t\t\t\t<div class=\"elementor-widget-container\">\n\t\t\t\t\t\t\t\t\t\t\t\t\t\t\t<img fetchpriority=\"high\" decoding=\"async\" width=\"640\" height=\"360\" src=\"https:\/\/espanolconmaria.com\/wp-content\/uploads\/2024\/03\/Unete-1-1024x576.jpg\" class=\"attachment-large size-large wp-image-25460\" alt=\"diagn\u00f3stico de espa\u00f1ol\" srcset=\"https:\/\/espanolconmaria.com\/wp-content\/uploads\/2024\/03\/Unete-1-1024x576.jpg 1024w, https:\/\/espanolconmaria.com\/wp-content\/uploads\/2024\/03\/Unete-1-300x169.jpg 300w, https:\/\/espanolconmaria.com\/wp-content\/uploads\/2024\/03\/Unete-1-768x432.jpg 768w, https:\/\/espanolconmaria.com\/wp-content\/uploads\/2024\/03\/Unete-1-1536x864.jpg 1536w, https:\/\/espanolconmaria.com\/wp-content\/uploads\/2024\/03\/Unete-1-600x338.jpg 600w, https:\/\/espanolconmaria.com\/wp-content\/uploads\/2024\/03\/Unete-1.jpg 1920w\" sizes=\"(max-width: 640px) 100vw, 640px\" \/>\t\t\t\t\t\t\t\t\t\t\t\t\t\t\t<\/div>\n\t\t\t\t<\/div>\n\t\t\t\t<div class=\"elementor-element elementor-element-f230ba9 elementor-widget elementor-widget-text-editor\" data-id=\"f230ba9\" data-element_type=\"widget\" data-e-type=\"widget\" data-widget_type=\"text-editor.default\">\n\t\t\t\t<div class=\"elementor-widget-container\">\n\t\t\t\t\t\t\t\t\t<p>When you finish the diagnostic test, we ask you to enter your email address. Within 5 minutes, our system will have analyzed the answers and will send you the results by email. The next day, we will send you a special activity for you to practice your Spanish.  <\/p>\n<p>We hope it will be very useful for you.  <\/p>\n\t\t\t\t\t\t\t\t<\/div>\n\t\t\t\t<\/div>\n\t\t\t\t\t<\/div>\n\t\t<\/div>\n\t\t\t\t\t<\/div>\n\t\t<\/section>\n\t\t\t\t<\/div>\n\t\t","protected":false},"excerpt":{"rendered":"<p>Do you know how you learn languages? Answer this questionnaire and receive in your e-mail our analysis of your learning style and some ideas of activities that will help you learn Spanish much faster. It will take you 10 minutes. &hellip; <\/p>\n","protected":false},"author":1,"featured_media":0,"parent":0,"menu_order":0,"comment_status":"closed","ping_status":"closed","template":"","meta":{"pmpro_default_level":"","footnotes":""},"class_list":["post-25634","page","type-page","status-publish","hentry","pmpro-has-access"],"yoast_head":"<!-- This site is optimized with the Yoast SEO plugin v27.4 - https:\/\/yoast.com\/product\/yoast-seo-wordpress\/ -->\n<title>Do you know how to learn Spanish? Find out, diagnostic test<\/title>\n<meta name=\"description\" content=\"This Spanish diagnostic test with Maria allows us to identify the best way for you to learn Spanish.\" \/>\n<meta name=\"robots\" content=\"index, follow, max-snippet:-1, max-image-preview:large, max-video-preview:-1\" \/>\n<link rel=\"canonical\" href=\"https:\/\/espanolconmaria.com\/diagnostico-espanol-con-maria\/\" \/>\n<meta property=\"og:locale\" content=\"en_US\" \/>\n<meta property=\"og:type\" content=\"article\" \/>\n<meta property=\"og:title\" content=\"Do you know how to learn Spanish? Find out, diagnostic test\" \/>\n<meta property=\"og:description\" content=\"This Spanish diagnostic test with Maria allows us to identify the best way for you to learn Spanish.\" \/>\n<meta property=\"og:url\" content=\"https:\/\/espanolconmaria.com\/diagnostico-espanol-con-maria\/\" \/>\n<meta property=\"og:site_name\" content=\"Espa\u00f1ol con Mar\u00eda\" \/>\n<meta property=\"article:publisher\" content=\"https:\/\/www.facebook.com\/AprenderEspanolConMaria\/\" \/>\n<meta property=\"article:modified_time\" content=\"2024-04-04T00:06:44+00:00\" \/>\n<meta property=\"og:image\" content=\"https:\/\/espanolconmaria.com\/wp-content\/uploads\/2024\/03\/Unete-1-1024x576.jpg\" \/>\n<meta name=\"twitter:card\" content=\"summary_large_image\" \/>\n<meta name=\"twitter:site\" content=\"@espanolconmaria\" \/>\n<meta name=\"twitter:label1\" content=\"Est. reading time\" \/>\n\t<meta name=\"twitter:data1\" content=\"2 minutes\" \/>\n<script type=\"application\/ld+json\" class=\"yoast-schema-graph\">{\"@context\":\"https:\\\/\\\/schema.org\",\"@graph\":[{\"@type\":\"WebPage\",\"@id\":\"https:\\\/\\\/espanolconmaria.com\\\/diagnostico-espanol-con-maria\\\/\",\"url\":\"https:\\\/\\\/espanolconmaria.com\\\/diagnostico-espanol-con-maria\\\/\",\"name\":\"Do you know how to learn Spanish? Find out, diagnostic test\",\"isPartOf\":{\"@id\":\"https:\\\/\\\/espanolconmaria.com\\\/#website\"},\"primaryImageOfPage\":{\"@id\":\"https:\\\/\\\/espanolconmaria.com\\\/diagnostico-espanol-con-maria\\\/#primaryimage\"},\"image\":{\"@id\":\"https:\\\/\\\/espanolconmaria.com\\\/diagnostico-espanol-con-maria\\\/#primaryimage\"},\"thumbnailUrl\":\"https:\\\/\\\/espanolconmaria.com\\\/wp-content\\\/uploads\\\/2024\\\/03\\\/Unete-1-1024x576.jpg\",\"datePublished\":\"2023-01-04T20:54:52+00:00\",\"dateModified\":\"2024-04-04T00:06:44+00:00\",\"description\":\"This Spanish diagnostic test with Maria allows us to identify the best way for you to learn Spanish.\",\"breadcrumb\":{\"@id\":\"https:\\\/\\\/espanolconmaria.com\\\/diagnostico-espanol-con-maria\\\/#breadcrumb\"},\"inLanguage\":\"en-US\",\"potentialAction\":[{\"@type\":\"ReadAction\",\"target\":[\"https:\\\/\\\/espanolconmaria.com\\\/diagnostico-espanol-con-maria\\\/\"]}]},{\"@type\":\"ImageObject\",\"inLanguage\":\"en-US\",\"@id\":\"https:\\\/\\\/espanolconmaria.com\\\/diagnostico-espanol-con-maria\\\/#primaryimage\",\"url\":\"https:\\\/\\\/espanolconmaria.com\\\/wp-content\\\/uploads\\\/2024\\\/03\\\/Unete-1-1024x576.jpg\",\"contentUrl\":\"https:\\\/\\\/espanolconmaria.com\\\/wp-content\\\/uploads\\\/2024\\\/03\\\/Unete-1-1024x576.jpg\"},{\"@type\":\"BreadcrumbList\",\"@id\":\"https:\\\/\\\/espanolconmaria.com\\\/diagnostico-espanol-con-maria\\\/#breadcrumb\",\"itemListElement\":[{\"@type\":\"ListItem\",\"position\":1,\"name\":\"Portada\",\"item\":\"https:\\\/\\\/espanolconmaria.com\\\/en\\\/\"},{\"@type\":\"ListItem\",\"position\":2,\"name\":\"How to start learning Spanish with Maria\"}]},{\"@type\":\"WebSite\",\"@id\":\"https:\\\/\\\/espanolconmaria.com\\\/#website\",\"url\":\"https:\\\/\\\/espanolconmaria.com\\\/\",\"name\":\"Espa\u00f1ol con Mar\u00eda\",\"description\":\"La forma tropical de aprender espa\u00f1ol\",\"publisher\":{\"@id\":\"https:\\\/\\\/espanolconmaria.com\\\/#organization\"},\"potentialAction\":[{\"@type\":\"SearchAction\",\"target\":{\"@type\":\"EntryPoint\",\"urlTemplate\":\"https:\\\/\\\/espanolconmaria.com\\\/?s={search_term_string}\"},\"query-input\":{\"@type\":\"PropertyValueSpecification\",\"valueRequired\":true,\"valueName\":\"search_term_string\"}}],\"inLanguage\":\"en-US\"},{\"@type\":\"Organization\",\"@id\":\"https:\\\/\\\/espanolconmaria.com\\\/#organization\",\"name\":\"Espa\u00f1ol con Mar\u00eda\",\"url\":\"https:\\\/\\\/espanolconmaria.com\\\/\",\"logo\":{\"@type\":\"ImageObject\",\"inLanguage\":\"en-US\",\"@id\":\"https:\\\/\\\/espanolconmaria.com\\\/#\\\/schema\\\/logo\\\/image\\\/\",\"url\":\"https:\\\/\\\/espanolconmaria.com\\\/wp-content\\\/uploads\\\/2022\\\/11\\\/elementos-grma\u0301ticos-cambio-de-logo-espan\u0303ol-con-maria-07.png\",\"contentUrl\":\"https:\\\/\\\/espanolconmaria.com\\\/wp-content\\\/uploads\\\/2022\\\/11\\\/elementos-grma\u0301ticos-cambio-de-logo-espan\u0303ol-con-maria-07.png\",\"width\":1254,\"height\":398,\"caption\":\"Espa\u00f1ol con Mar\u00eda\"},\"image\":{\"@id\":\"https:\\\/\\\/espanolconmaria.com\\\/#\\\/schema\\\/logo\\\/image\\\/\"},\"sameAs\":[\"https:\\\/\\\/www.facebook.com\\\/AprenderEspanolConMaria\\\/\",\"https:\\\/\\\/x.com\\\/espanolconmaria\",\"https:\\\/\\\/www.instagram.com\\\/espanolconmaria\\\/\",\"https:\\\/\\\/www.tiktok.com\\\/@espanolconmaria\"]}]}<\/script>\n<!-- \/ Yoast SEO plugin. -->","yoast_head_json":{"title":"Do you know how to learn Spanish? Find out, diagnostic test","description":"This Spanish diagnostic test with Maria allows us to identify the best way for you to learn Spanish.","robots":{"index":"index","follow":"follow","max-snippet":"max-snippet:-1","max-image-preview":"max-image-preview:large","max-video-preview":"max-video-preview:-1"},"canonical":"https:\/\/espanolconmaria.com\/diagnostico-espanol-con-maria\/","og_locale":"en_US","og_type":"article","og_title":"Do you know how to learn Spanish? Find out, diagnostic test","og_description":"This Spanish diagnostic test with Maria allows us to identify the best way for you to learn Spanish.","og_url":"https:\/\/espanolconmaria.com\/diagnostico-espanol-con-maria\/","og_site_name":"Espa\u00f1ol con Mar\u00eda","article_publisher":"https:\/\/www.facebook.com\/AprenderEspanolConMaria\/","article_modified_time":"2024-04-04T00:06:44+00:00","og_image":[{"url":"https:\/\/espanolconmaria.com\/wp-content\/uploads\/2024\/03\/Unete-1-1024x576.jpg","type":"","width":"","height":""}],"twitter_card":"summary_large_image","twitter_site":"@espanolconmaria","twitter_misc":{"Est. reading time":"2 minutes"},"schema":{"@context":"https:\/\/schema.org","@graph":[{"@type":"WebPage","@id":"https:\/\/espanolconmaria.com\/diagnostico-espanol-con-maria\/","url":"https:\/\/espanolconmaria.com\/diagnostico-espanol-con-maria\/","name":"Do you know how to learn Spanish? Find out, diagnostic test","isPartOf":{"@id":"https:\/\/espanolconmaria.com\/#website"},"primaryImageOfPage":{"@id":"https:\/\/espanolconmaria.com\/diagnostico-espanol-con-maria\/#primaryimage"},"image":{"@id":"https:\/\/espanolconmaria.com\/diagnostico-espanol-con-maria\/#primaryimage"},"thumbnailUrl":"https:\/\/espanolconmaria.com\/wp-content\/uploads\/2024\/03\/Unete-1-1024x576.jpg","datePublished":"2023-01-04T20:54:52+00:00","dateModified":"2024-04-04T00:06:44+00:00","description":"This Spanish diagnostic test with Maria allows us to identify the best way for you to learn Spanish.","breadcrumb":{"@id":"https:\/\/espanolconmaria.com\/diagnostico-espanol-con-maria\/#breadcrumb"},"inLanguage":"en-US","potentialAction":[{"@type":"ReadAction","target":["https:\/\/espanolconmaria.com\/diagnostico-espanol-con-maria\/"]}]},{"@type":"ImageObject","inLanguage":"en-US","@id":"https:\/\/espanolconmaria.com\/diagnostico-espanol-con-maria\/#primaryimage","url":"https:\/\/espanolconmaria.com\/wp-content\/uploads\/2024\/03\/Unete-1-1024x576.jpg","contentUrl":"https:\/\/espanolconmaria.com\/wp-content\/uploads\/2024\/03\/Unete-1-1024x576.jpg"},{"@type":"BreadcrumbList","@id":"https:\/\/espanolconmaria.com\/diagnostico-espanol-con-maria\/#breadcrumb","itemListElement":[{"@type":"ListItem","position":1,"name":"Portada","item":"https:\/\/espanolconmaria.com\/en\/"},{"@type":"ListItem","position":2,"name":"How to start learning Spanish with Maria"}]},{"@type":"WebSite","@id":"https:\/\/espanolconmaria.com\/#website","url":"https:\/\/espanolconmaria.com\/","name":"Espa\u00f1ol con Mar\u00eda","description":"La forma tropical de aprender espa\u00f1ol","publisher":{"@id":"https:\/\/espanolconmaria.com\/#organization"},"potentialAction":[{"@type":"SearchAction","target":{"@type":"EntryPoint","urlTemplate":"https:\/\/espanolconmaria.com\/?s={search_term_string}"},"query-input":{"@type":"PropertyValueSpecification","valueRequired":true,"valueName":"search_term_string"}}],"inLanguage":"en-US"},{"@type":"Organization","@id":"https:\/\/espanolconmaria.com\/#organization","name":"Espa\u00f1ol con Mar\u00eda","url":"https:\/\/espanolconmaria.com\/","logo":{"@type":"ImageObject","inLanguage":"en-US","@id":"https:\/\/espanolconmaria.com\/#\/schema\/logo\/image\/","url":"https:\/\/espanolconmaria.com\/wp-content\/uploads\/2022\/11\/elementos-grma\u0301ticos-cambio-de-logo-espan\u0303ol-con-maria-07.png","contentUrl":"https:\/\/espanolconmaria.com\/wp-content\/uploads\/2022\/11\/elementos-grma\u0301ticos-cambio-de-logo-espan\u0303ol-con-maria-07.png","width":1254,"height":398,"caption":"Espa\u00f1ol con Mar\u00eda"},"image":{"@id":"https:\/\/espanolconmaria.com\/#\/schema\/logo\/image\/"},"sameAs":["https:\/\/www.facebook.com\/AprenderEspanolConMaria\/","https:\/\/x.com\/espanolconmaria","https:\/\/www.instagram.com\/espanolconmaria\/","https:\/\/www.tiktok.com\/@espanolconmaria"]}]}},"_hostinger_reach_plugin_has_subscription_block":false,"_hostinger_reach_plugin_is_elementor":false,"_links":{"self":[{"href":"https:\/\/espanolconmaria.com\/en\/wp-json\/wp\/v2\/pages\/25634","targetHints":{"allow":["GET"]}}],"collection":[{"href":"https:\/\/espanolconmaria.com\/en\/wp-json\/wp\/v2\/pages"}],"about":[{"href":"https:\/\/espanolconmaria.com\/en\/wp-json\/wp\/v2\/types\/page"}],"author":[{"embeddable":true,"href":"https:\/\/espanolconmaria.com\/en\/wp-json\/wp\/v2\/users\/1"}],"replies":[{"embeddable":true,"href":"https:\/\/espanolconmaria.com\/en\/wp-json\/wp\/v2\/comments?post=25634"}],"version-history":[{"count":2,"href":"https:\/\/espanolconmaria.com\/en\/wp-json\/wp\/v2\/pages\/25634\/revisions"}],"predecessor-version":[{"id":25637,"href":"https:\/\/espanolconmaria.com\/en\/wp-json\/wp\/v2\/pages\/25634\/revisions\/25637"}],"wp:attachment":[{"href":"https:\/\/espanolconmaria.com\/en\/wp-json\/wp\/v2\/media?parent=25634"}],"curies":[{"name":"wp","href":"https:\/\/api.w.org\/{rel}","templated":true}]}}