{"id":25870,"date":"2024-04-30T16:14:51","date_gmt":"2024-04-30T21:14:51","guid":{"rendered":"https:\/\/espanolconmaria.com\/we-hack-the-way-you-learn-spanish\/"},"modified":"2024-05-02T18:24:12","modified_gmt":"2024-05-02T23:24:12","slug":"we-hack-the-way-you-learn-spanish","status":"publish","type":"page","link":"https:\/\/espanolconmaria.com\/en\/we-hack-the-way-you-learn-spanish\/","title":{"rendered":"We hack the way you learn Spanish."},"content":{"rendered":"\t\t<div data-elementor-type=\"wp-page\" data-elementor-id=\"25870\" class=\"elementor elementor-25870 elementor-25847\" data-elementor-post-type=\"page\">\n\t\t\t\t\t\t<section class=\"elementor-section elementor-top-section elementor-element elementor-element-5fe728e elementor-section-boxed elementor-section-height-default elementor-section-height-default\" data-id=\"5fe728e\" data-element_type=\"section\" data-e-type=\"section\">\n\t\t\t\t\t\t<div class=\"elementor-container elementor-column-gap-default\">\n\t\t\t\t\t<div class=\"elementor-column elementor-col-50 elementor-top-column elementor-element elementor-element-d887311\" data-id=\"d887311\" data-element_type=\"column\" data-e-type=\"column\">\n\t\t\t<div class=\"elementor-widget-wrap elementor-element-populated\">\n\t\t\t\t\t\t<div class=\"elementor-element elementor-element-32baff4 elementor-widget elementor-widget-heading\" data-id=\"32baff4\" data-element_type=\"widget\" data-e-type=\"widget\" data-widget_type=\"heading.default\">\n\t\t\t\t<div class=\"elementor-widget-container\">\n\t\t\t\t\t<h2 class=\"elementor-heading-title elementor-size-default\">The best methodology to learn Spanish is the one that adapts to you.<\/h2>\t\t\t\t<\/div>\n\t\t\t\t<\/div>\n\t\t\t\t<div class=\"elementor-element elementor-element-8858746 elementor-widget elementor-widget-text-editor\" data-id=\"8858746\" data-element_type=\"widget\" data-e-type=\"widget\" data-widget_type=\"text-editor.default\">\n\t\t\t\t<div class=\"elementor-widget-container\">\n\t\t\t\t\t\t\t\t\t<p>We all learn for different reasons, we like different activities and our brain works in a unique way, that is why we must adapt the methodologies for each student.  <strong>Take the Spanish with Maria diagnostic test and receive in your email an analysis of your way of learning Spanish<\/strong> and suggestions with tools and activities that suit you.<\/p>\n\t\t\t\t\t\t\t\t<\/div>\n\t\t\t\t<\/div>\n\t\t\t\t\t<\/div>\n\t\t<\/div>\n\t\t\t\t<div class=\"elementor-column elementor-col-50 elementor-top-column elementor-element elementor-element-e77a1de\" data-id=\"e77a1de\" data-element_type=\"column\" data-e-type=\"column\">\n\t\t\t<div class=\"elementor-widget-wrap elementor-element-populated\">\n\t\t\t\t\t\t<div class=\"elementor-element elementor-element-99b5de8 elementor-widget elementor-widget-video\" data-id=\"99b5de8\" data-element_type=\"widget\" data-e-type=\"widget\" data-settings=\"{&quot;youtube_url&quot;:&quot;https:\\\/\\\/youtu.be\\\/_IMqw_RQWPg&quot;,&quot;video_type&quot;:&quot;youtube&quot;,&quot;controls&quot;:&quot;yes&quot;}\" data-widget_type=\"video.default\">\n\t\t\t\t<div class=\"elementor-widget-container\">\n\t\t\t\t\t\t\t<div class=\"elementor-wrapper elementor-open-inline\">\n\t\t\t<div class=\"elementor-video\"><\/div>\t\t<\/div>\n\t\t\t\t\t\t<\/div>\n\t\t\t\t<\/div>\n\t\t\t\t\t<\/div>\n\t\t<\/div>\n\t\t\t\t\t<\/div>\n\t\t<\/section>\n\t\t\t\t<section class=\"elementor-section elementor-top-section elementor-element elementor-element-519f39a elementor-section-stretched elementor-section-boxed elementor-section-height-default elementor-section-height-default\" data-id=\"519f39a\" data-element_type=\"section\" data-e-type=\"section\" data-settings=\"{&quot;stretch_section&quot;:&quot;section-stretched&quot;,&quot;background_background&quot;:&quot;slideshow&quot;,&quot;background_slideshow_gallery&quot;:[{&quot;id&quot;:25849,&quot;url&quot;:&quot;https:\\\/\\\/espanolconmaria.com\\\/wp-content\\\/uploads\\\/2024\\\/04\\\/Untitled-design-35.jpg&quot;}],&quot;background_slideshow_loop&quot;:&quot;yes&quot;,&quot;background_slideshow_slide_duration&quot;:5000,&quot;background_slideshow_slide_transition&quot;:&quot;fade&quot;,&quot;background_slideshow_transition_duration&quot;:500}\">\n\t\t\t\t\t\t\t<div class=\"elementor-background-overlay\"><\/div>\n\t\t\t\t\t\t\t<div class=\"elementor-container elementor-column-gap-default\">\n\t\t\t\t\t<div class=\"elementor-column elementor-col-16 elementor-top-column elementor-element elementor-element-955fc61\" data-id=\"955fc61\" data-element_type=\"column\" data-e-type=\"column\">\n\t\t\t<div class=\"elementor-widget-wrap\">\n\t\t\t\t\t\t\t<\/div>\n\t\t<\/div>\n\t\t\t\t<div class=\"elementor-column elementor-col-66 elementor-top-column elementor-element elementor-element-9287764\" data-id=\"9287764\" data-element_type=\"column\" data-e-type=\"column\">\n\t\t\t<div class=\"elementor-widget-wrap elementor-element-populated\">\n\t\t\t\t\t\t<div class=\"elementor-element elementor-element-eb705f9 elementor-widget elementor-widget-heading\" data-id=\"eb705f9\" data-element_type=\"widget\" data-e-type=\"widget\" data-widget_type=\"heading.default\">\n\t\t\t\t<div class=\"elementor-widget-container\">\n\t\t\t\t\t<h2 class=\"elementor-heading-title elementor-size-default\">In 10 minutes we can hack your way of learning Spanish.<\/h2>\t\t\t\t<\/div>\n\t\t\t\t<\/div>\n\t\t\t\t\t<\/div>\n\t\t<\/div>\n\t\t\t\t<div class=\"elementor-column elementor-col-16 elementor-top-column elementor-element elementor-element-d467edc\" data-id=\"d467edc\" data-element_type=\"column\" data-e-type=\"column\">\n\t\t\t<div class=\"elementor-widget-wrap\">\n\t\t\t\t\t\t\t<\/div>\n\t\t<\/div>\n\t\t\t\t\t<\/div>\n\t\t<\/section>\n\t\t\t\t<section class=\"elementor-section elementor-top-section elementor-element elementor-element-abf570f elementor-section-boxed elementor-section-height-default elementor-section-height-default\" data-id=\"abf570f\" data-element_type=\"section\" data-e-type=\"section\">\n\t\t\t\t\t\t<div class=\"elementor-container elementor-column-gap-default\">\n\t\t\t\t\t<div class=\"elementor-column elementor-col-66 elementor-top-column elementor-element elementor-element-768bd55\" data-id=\"768bd55\" data-element_type=\"column\" data-e-type=\"column\">\n\t\t\t<div class=\"elementor-widget-wrap elementor-element-populated\">\n\t\t\t\t\t\t<div class=\"elementor-element elementor-element-9886174 elementor-widget elementor-widget-html\" data-id=\"9886174\" data-element_type=\"widget\" data-e-type=\"widget\" data-widget_type=\"html.default\">\n\t\t\t\t<div class=\"elementor-widget-container\">\n\t\t\t\t\t<div data-tf-live=\"01HSHK4ZWGY20YBCDWBHXXBVT5\"><\/div><script src=\"\/\/embed.typeform.com\/next\/embed.js\"><\/script>\t\t\t\t<\/div>\n\t\t\t\t<\/div>\n\t\t\t\t\t<\/div>\n\t\t<\/div>\n\t\t\t\t<div class=\"elementor-column elementor-col-33 elementor-top-column elementor-element elementor-element-50b91ed\" data-id=\"50b91ed\" data-element_type=\"column\" data-e-type=\"column\">\n\t\t\t<div class=\"elementor-widget-wrap elementor-element-populated\">\n\t\t\t\t\t\t<div class=\"elementor-element elementor-element-949250d elementor-widget elementor-widget-text-editor\" data-id=\"949250d\" data-element_type=\"widget\" data-e-type=\"widget\" data-widget_type=\"text-editor.default\">\n\t\t\t\t<div class=\"elementor-widget-container\">\n\t\t\t\t\t\t\t\t\t<p>In this diagnosis we will identify your preferences when studying, the subjects you are interested in, and your level of Spanish. With this information we will send you an analysis of the activities we suggest you to do in order to achieve your goal.<\/p>\n<p>It will only take you 10 minutes to respond to the diagnosis. At the end, share your email to receive the information.<\/p>\n\t\t\t\t\t\t\t\t<\/div>\n\t\t\t\t<\/div>\n\t\t\t\t\t<\/div>\n\t\t<\/div>\n\t\t\t\t\t<\/div>\n\t\t<\/section>\n\t\t\t\t<section class=\"elementor-section elementor-top-section elementor-element elementor-element-acec108 elementor-section-boxed elementor-section-height-default elementor-section-height-default\" data-id=\"acec108\" data-element_type=\"section\" data-e-type=\"section\">\n\t\t\t\t\t\t<div class=\"elementor-container elementor-column-gap-default\">\n\t\t\t\t\t<div class=\"elementor-column elementor-col-100 elementor-top-column elementor-element elementor-element-ab244b5\" data-id=\"ab244b5\" data-element_type=\"column\" data-e-type=\"column\">\n\t\t\t<div class=\"elementor-widget-wrap elementor-element-populated\">\n\t\t\t\t\t\t<div class=\"elementor-element elementor-element-2fe579a elementor-widget elementor-widget-heading\" data-id=\"2fe579a\" data-element_type=\"widget\" data-e-type=\"widget\" data-widget_type=\"heading.default\">\n\t\t\t\t<div class=\"elementor-widget-container\">\n\t\t\t\t\t<h2 class=\"elementor-heading-title elementor-size-default\">We are all unique, so we need unique methodologies to learn.<\/h2>\t\t\t\t<\/div>\n\t\t\t\t<\/div>\n\t\t\t\t\t<\/div>\n\t\t<\/div>\n\t\t\t\t\t<\/div>\n\t\t<\/section>\n\t\t\t\t<\/div>\n\t\t","protected":false},"excerpt":{"rendered":"<p>The best methodology to learn Spanish is the one that adapts to you. We all learn for different reasons, we like different activities and our brain works in a unique way, that is why we must adapt the methodologies for &hellip; <\/p>\n","protected":false},"author":1,"featured_media":0,"parent":0,"menu_order":0,"comment_status":"closed","ping_status":"closed","template":"","meta":{"pmpro_default_level":"","footnotes":""},"class_list":["post-25870","page","type-page","status-publish","hentry","pmpro-has-access"],"yoast_head":"<!-- This site is optimized with the Yoast SEO plugin v27.3 - https:\/\/yoast.com\/product\/yoast-seo-wordpress\/ -->\n<title>What is the perfect methodology for learning Spanish?<\/title>\n<meta name=\"description\" content=\"We believe that each person is unique and therefore the methodology for learning Spanish must be adapted to each student.\" \/>\n<meta name=\"robots\" content=\"index, follow, max-snippet:-1, max-image-preview:large, max-video-preview:-1\" \/>\n<link rel=\"canonical\" href=\"https:\/\/espanolconmaria.com\/en\/we-hack-the-way-you-learn-spanish\/\" \/>\n<meta property=\"og:locale\" content=\"en_US\" \/>\n<meta property=\"og:type\" content=\"article\" \/>\n<meta property=\"og:title\" content=\"What is the perfect methodology for learning Spanish?\" \/>\n<meta property=\"og:description\" content=\"We believe that each person is unique and therefore the methodology for learning Spanish must be adapted to each student.\" \/>\n<meta property=\"og:url\" content=\"https:\/\/espanolconmaria.com\/en\/we-hack-the-way-you-learn-spanish\/\" \/>\n<meta property=\"og:site_name\" content=\"Espa\u00f1ol con Mar\u00eda\" \/>\n<meta property=\"article:publisher\" content=\"https:\/\/www.facebook.com\/AprenderEspanolConMaria\/\" \/>\n<meta property=\"article:modified_time\" content=\"2024-05-02T23:24:12+00:00\" \/>\n<meta name=\"twitter:card\" content=\"summary_large_image\" \/>\n<meta name=\"twitter:site\" content=\"@espanolconmaria\" \/>\n<meta name=\"twitter:label1\" content=\"Est. reading time\" \/>\n\t<meta name=\"twitter:data1\" content=\"1 minute\" \/>\n<script type=\"application\/ld+json\" class=\"yoast-schema-graph\">{\"@context\":\"https:\\\/\\\/schema.org\",\"@graph\":[{\"@type\":\"WebPage\",\"@id\":\"https:\\\/\\\/espanolconmaria.com\\\/en\\\/we-hack-the-way-you-learn-spanish\\\/\",\"url\":\"https:\\\/\\\/espanolconmaria.com\\\/en\\\/we-hack-the-way-you-learn-spanish\\\/\",\"name\":\"What is the perfect methodology for learning Spanish?\",\"isPartOf\":{\"@id\":\"https:\\\/\\\/espanolconmaria.com\\\/#website\"},\"datePublished\":\"2024-04-30T21:14:51+00:00\",\"dateModified\":\"2024-05-02T23:24:12+00:00\",\"description\":\"We believe that each person is unique and therefore the methodology for learning Spanish must be adapted to each student.\",\"breadcrumb\":{\"@id\":\"https:\\\/\\\/espanolconmaria.com\\\/en\\\/we-hack-the-way-you-learn-spanish\\\/#breadcrumb\"},\"inLanguage\":\"en-US\",\"potentialAction\":[{\"@type\":\"ReadAction\",\"target\":[\"https:\\\/\\\/espanolconmaria.com\\\/en\\\/we-hack-the-way-you-learn-spanish\\\/\"]}]},{\"@type\":\"BreadcrumbList\",\"@id\":\"https:\\\/\\\/espanolconmaria.com\\\/en\\\/we-hack-the-way-you-learn-spanish\\\/#breadcrumb\",\"itemListElement\":[{\"@type\":\"ListItem\",\"position\":1,\"name\":\"Portada\",\"item\":\"https:\\\/\\\/espanolconmaria.com\\\/en\\\/\"},{\"@type\":\"ListItem\",\"position\":2,\"name\":\"We hack the way you learn Spanish.\"}]},{\"@type\":\"WebSite\",\"@id\":\"https:\\\/\\\/espanolconmaria.com\\\/#website\",\"url\":\"https:\\\/\\\/espanolconmaria.com\\\/\",\"name\":\"Espa\u00f1ol con Mar\u00eda\",\"description\":\"La forma tropical de aprender espa\u00f1ol\",\"publisher\":{\"@id\":\"https:\\\/\\\/espanolconmaria.com\\\/#organization\"},\"potentialAction\":[{\"@type\":\"SearchAction\",\"target\":{\"@type\":\"EntryPoint\",\"urlTemplate\":\"https:\\\/\\\/espanolconmaria.com\\\/?s={search_term_string}\"},\"query-input\":{\"@type\":\"PropertyValueSpecification\",\"valueRequired\":true,\"valueName\":\"search_term_string\"}}],\"inLanguage\":\"en-US\"},{\"@type\":\"Organization\",\"@id\":\"https:\\\/\\\/espanolconmaria.com\\\/#organization\",\"name\":\"Espa\u00f1ol con Mar\u00eda\",\"url\":\"https:\\\/\\\/espanolconmaria.com\\\/\",\"logo\":{\"@type\":\"ImageObject\",\"inLanguage\":\"en-US\",\"@id\":\"https:\\\/\\\/espanolconmaria.com\\\/#\\\/schema\\\/logo\\\/image\\\/\",\"url\":\"https:\\\/\\\/espanolconmaria.com\\\/wp-content\\\/uploads\\\/2022\\\/11\\\/elementos-grma\u0301ticos-cambio-de-logo-espan\u0303ol-con-maria-07.png\",\"contentUrl\":\"https:\\\/\\\/espanolconmaria.com\\\/wp-content\\\/uploads\\\/2022\\\/11\\\/elementos-grma\u0301ticos-cambio-de-logo-espan\u0303ol-con-maria-07.png\",\"width\":1254,\"height\":398,\"caption\":\"Espa\u00f1ol con Mar\u00eda\"},\"image\":{\"@id\":\"https:\\\/\\\/espanolconmaria.com\\\/#\\\/schema\\\/logo\\\/image\\\/\"},\"sameAs\":[\"https:\\\/\\\/www.facebook.com\\\/AprenderEspanolConMaria\\\/\",\"https:\\\/\\\/x.com\\\/espanolconmaria\",\"https:\\\/\\\/www.instagram.com\\\/espanolconmaria\\\/\",\"https:\\\/\\\/www.tiktok.com\\\/@espanolconmaria\"]}]}<\/script>\n<!-- \/ Yoast SEO plugin. -->","yoast_head_json":{"title":"What is the perfect methodology for learning Spanish?","description":"We believe that each person is unique and therefore the methodology for learning Spanish must be adapted to each student.","robots":{"index":"index","follow":"follow","max-snippet":"max-snippet:-1","max-image-preview":"max-image-preview:large","max-video-preview":"max-video-preview:-1"},"canonical":"https:\/\/espanolconmaria.com\/en\/we-hack-the-way-you-learn-spanish\/","og_locale":"en_US","og_type":"article","og_title":"What is the perfect methodology for learning Spanish?","og_description":"We believe that each person is unique and therefore the methodology for learning Spanish must be adapted to each student.","og_url":"https:\/\/espanolconmaria.com\/en\/we-hack-the-way-you-learn-spanish\/","og_site_name":"Espa\u00f1ol con Mar\u00eda","article_publisher":"https:\/\/www.facebook.com\/AprenderEspanolConMaria\/","article_modified_time":"2024-05-02T23:24:12+00:00","twitter_card":"summary_large_image","twitter_site":"@espanolconmaria","twitter_misc":{"Est. reading time":"1 minute"},"schema":{"@context":"https:\/\/schema.org","@graph":[{"@type":"WebPage","@id":"https:\/\/espanolconmaria.com\/en\/we-hack-the-way-you-learn-spanish\/","url":"https:\/\/espanolconmaria.com\/en\/we-hack-the-way-you-learn-spanish\/","name":"What is the perfect methodology for learning Spanish?","isPartOf":{"@id":"https:\/\/espanolconmaria.com\/#website"},"datePublished":"2024-04-30T21:14:51+00:00","dateModified":"2024-05-02T23:24:12+00:00","description":"We believe that each person is unique and therefore the methodology for learning Spanish must be adapted to each student.","breadcrumb":{"@id":"https:\/\/espanolconmaria.com\/en\/we-hack-the-way-you-learn-spanish\/#breadcrumb"},"inLanguage":"en-US","potentialAction":[{"@type":"ReadAction","target":["https:\/\/espanolconmaria.com\/en\/we-hack-the-way-you-learn-spanish\/"]}]},{"@type":"BreadcrumbList","@id":"https:\/\/espanolconmaria.com\/en\/we-hack-the-way-you-learn-spanish\/#breadcrumb","itemListElement":[{"@type":"ListItem","position":1,"name":"Portada","item":"https:\/\/espanolconmaria.com\/en\/"},{"@type":"ListItem","position":2,"name":"We hack the way you learn Spanish."}]},{"@type":"WebSite","@id":"https:\/\/espanolconmaria.com\/#website","url":"https:\/\/espanolconmaria.com\/","name":"Espa\u00f1ol con Mar\u00eda","description":"La forma tropical de aprender espa\u00f1ol","publisher":{"@id":"https:\/\/espanolconmaria.com\/#organization"},"potentialAction":[{"@type":"SearchAction","target":{"@type":"EntryPoint","urlTemplate":"https:\/\/espanolconmaria.com\/?s={search_term_string}"},"query-input":{"@type":"PropertyValueSpecification","valueRequired":true,"valueName":"search_term_string"}}],"inLanguage":"en-US"},{"@type":"Organization","@id":"https:\/\/espanolconmaria.com\/#organization","name":"Espa\u00f1ol con Mar\u00eda","url":"https:\/\/espanolconmaria.com\/","logo":{"@type":"ImageObject","inLanguage":"en-US","@id":"https:\/\/espanolconmaria.com\/#\/schema\/logo\/image\/","url":"https:\/\/espanolconmaria.com\/wp-content\/uploads\/2022\/11\/elementos-grma\u0301ticos-cambio-de-logo-espan\u0303ol-con-maria-07.png","contentUrl":"https:\/\/espanolconmaria.com\/wp-content\/uploads\/2022\/11\/elementos-grma\u0301ticos-cambio-de-logo-espan\u0303ol-con-maria-07.png","width":1254,"height":398,"caption":"Espa\u00f1ol con Mar\u00eda"},"image":{"@id":"https:\/\/espanolconmaria.com\/#\/schema\/logo\/image\/"},"sameAs":["https:\/\/www.facebook.com\/AprenderEspanolConMaria\/","https:\/\/x.com\/espanolconmaria","https:\/\/www.instagram.com\/espanolconmaria\/","https:\/\/www.tiktok.com\/@espanolconmaria"]}]}},"_hostinger_reach_plugin_has_subscription_block":false,"_hostinger_reach_plugin_is_elementor":false,"_links":{"self":[{"href":"https:\/\/espanolconmaria.com\/en\/wp-json\/wp\/v2\/pages\/25870","targetHints":{"allow":["GET"]}}],"collection":[{"href":"https:\/\/espanolconmaria.com\/en\/wp-json\/wp\/v2\/pages"}],"about":[{"href":"https:\/\/espanolconmaria.com\/en\/wp-json\/wp\/v2\/types\/page"}],"author":[{"embeddable":true,"href":"https:\/\/espanolconmaria.com\/en\/wp-json\/wp\/v2\/users\/1"}],"replies":[{"embeddable":true,"href":"https:\/\/espanolconmaria.com\/en\/wp-json\/wp\/v2\/comments?post=25870"}],"version-history":[{"count":6,"href":"https:\/\/espanolconmaria.com\/en\/wp-json\/wp\/v2\/pages\/25870\/revisions"}],"predecessor-version":[{"id":25877,"href":"https:\/\/espanolconmaria.com\/en\/wp-json\/wp\/v2\/pages\/25870\/revisions\/25877"}],"wp:attachment":[{"href":"https:\/\/espanolconmaria.com\/en\/wp-json\/wp\/v2\/media?parent=25870"}],"curies":[{"name":"wp","href":"https:\/\/api.w.org\/{rel}","templated":true}]}}