{"id":26621,"date":"2024-11-29T11:48:21","date_gmt":"2024-11-29T16:48:21","guid":{"rendered":"https:\/\/espanolconmaria.com\/?page_id=26621"},"modified":"2024-12-01T09:42:24","modified_gmt":"2024-12-01T14:42:24","slug":"black-friday-aprende-espanol-hoy","status":"publish","type":"page","link":"https:\/\/espanolconmaria.com\/en\/black-friday-aprende-espanol-hoy\/","title":{"rendered":"Black friday 2024- Todo sitio web"},"content":{"rendered":"\t\t<div data-elementor-type=\"wp-page\" data-elementor-id=\"26621\" class=\"elementor elementor-26621\" data-elementor-post-type=\"page\">\n\t\t\t\t\t\t<section class=\"elementor-section elementor-top-section elementor-element elementor-element-dca30bb elementor-section-boxed elementor-section-height-default elementor-section-height-default\" data-id=\"dca30bb\" data-element_type=\"section\" data-e-type=\"section\" data-settings=\"{&quot;background_background&quot;:&quot;classic&quot;}\">\n\t\t\t\t\t\t<div class=\"elementor-container elementor-column-gap-default\">\n\t\t\t\t\t<div class=\"elementor-column elementor-col-100 elementor-top-column elementor-element elementor-element-a8f7731\" data-id=\"a8f7731\" data-element_type=\"column\" data-e-type=\"column\">\n\t\t\t<div class=\"elementor-widget-wrap elementor-element-populated\">\n\t\t\t\t\t\t<div class=\"elementor-element elementor-element-f8421e6 elementor-widget elementor-widget-heading\" data-id=\"f8421e6\" data-element_type=\"widget\" data-e-type=\"widget\" data-widget_type=\"heading.default\">\n\t\t\t\t<div class=\"elementor-widget-container\">\n\t\t\t\t\t<h6 class=\"elementor-heading-title elementor-size-default\">\ud83d\ude40 \ud83e\udd9c Llegaste tarde, mi vida\ud83e\udd9c \ud83d\ude40<\/h6>\t\t\t\t<\/div>\n\t\t\t\t<\/div>\n\t\t\t\t\t<\/div>\n\t\t<\/div>\n\t\t\t\t\t<\/div>\n\t\t<\/section>\n\t\t\t\t<section class=\"elementor-section elementor-top-section elementor-element elementor-element-c6d2d1a elementor-section-boxed elementor-section-height-default elementor-section-height-default\" data-id=\"c6d2d1a\" data-element_type=\"section\" data-e-type=\"section\" data-settings=\"{&quot;background_background&quot;:&quot;classic&quot;}\">\n\t\t\t\t\t\t\t<div class=\"elementor-background-overlay\"><\/div>\n\t\t\t\t\t\t\t<div class=\"elementor-container elementor-column-gap-default\">\n\t\t\t\t\t<div class=\"elementor-column elementor-col-16 elementor-top-column elementor-element elementor-element-0f32a48\" data-id=\"0f32a48\" data-element_type=\"column\" data-e-type=\"column\">\n\t\t\t<div class=\"elementor-widget-wrap\">\n\t\t\t\t\t\t\t<\/div>\n\t\t<\/div>\n\t\t\t\t<div class=\"elementor-column elementor-col-66 elementor-top-column elementor-element elementor-element-442160b\" data-id=\"442160b\" data-element_type=\"column\" data-e-type=\"column\">\n\t\t\t<div class=\"elementor-widget-wrap elementor-element-populated\">\n\t\t\t\t\t\t<div class=\"elementor-element elementor-element-d8fae5f elementor-widget elementor-widget-image\" data-id=\"d8fae5f\" data-element_type=\"widget\" data-e-type=\"widget\" data-widget_type=\"image.default\">\n\t\t\t\t<div class=\"elementor-widget-container\">\n\t\t\t\t\t\t\t\t\t\t\t\t\t\t\t<img fetchpriority=\"high\" decoding=\"async\" width=\"1254\" height=\"398\" src=\"https:\/\/espanolconmaria.com\/wp-content\/uploads\/2024\/05\/cambio-de-logo-espanol-con-maria-07.png\" class=\"attachment-full size-full wp-image-25885\" alt=\"\" srcset=\"https:\/\/espanolconmaria.com\/wp-content\/uploads\/2024\/05\/cambio-de-logo-espanol-con-maria-07.png 1254w, https:\/\/espanolconmaria.com\/wp-content\/uploads\/2024\/05\/cambio-de-logo-espanol-con-maria-07-300x95.png 300w, https:\/\/espanolconmaria.com\/wp-content\/uploads\/2024\/05\/cambio-de-logo-espanol-con-maria-07-1024x325.png 1024w, https:\/\/espanolconmaria.com\/wp-content\/uploads\/2024\/05\/cambio-de-logo-espanol-con-maria-07-768x244.png 768w, https:\/\/espanolconmaria.com\/wp-content\/uploads\/2024\/05\/cambio-de-logo-espanol-con-maria-07-600x190.png 600w\" sizes=\"(max-width: 1254px) 100vw, 1254px\" \/>\t\t\t\t\t\t\t\t\t\t\t\t\t\t\t<\/div>\n\t\t\t\t<\/div>\n\t\t\t\t<div class=\"elementor-element elementor-element-fa5f2ff elementor-widget elementor-widget-heading\" data-id=\"fa5f2ff\" data-element_type=\"widget\" data-e-type=\"widget\" data-widget_type=\"heading.default\">\n\t\t\t\t<div class=\"elementor-widget-container\">\n\t\t\t\t\t<h2 class=\"elementor-heading-title elementor-size-default\">Se acab\u00f3 nuestra promoci\u00f3n de viernes negro.<\/h2>\t\t\t\t<\/div>\n\t\t\t\t<\/div>\n\t\t\t\t<div class=\"elementor-element elementor-element-d46ba81 elementor-widget elementor-widget-image\" data-id=\"d46ba81\" data-element_type=\"widget\" data-e-type=\"widget\" data-widget_type=\"image.default\">\n\t\t\t\t<div class=\"elementor-widget-container\">\n\t\t\t\t\t\t\t\t\t\t\t\t\t\t\t<img decoding=\"async\" width=\"640\" height=\"360\" src=\"https:\/\/espanolconmaria.com\/wp-content\/uploads\/2024\/12\/Se-te-fue-1024x576.jpg\" class=\"attachment-large size-large wp-image-26682\" alt=\"promocion de curso de espa\u00f1ol\" srcset=\"https:\/\/espanolconmaria.com\/wp-content\/uploads\/2024\/12\/Se-te-fue-1024x576.jpg 1024w, https:\/\/espanolconmaria.com\/wp-content\/uploads\/2024\/12\/Se-te-fue-300x169.jpg 300w, https:\/\/espanolconmaria.com\/wp-content\/uploads\/2024\/12\/Se-te-fue-768x432.jpg 768w, https:\/\/espanolconmaria.com\/wp-content\/uploads\/2024\/12\/Se-te-fue-600x338.jpg 600w, https:\/\/espanolconmaria.com\/wp-content\/uploads\/2024\/12\/Se-te-fue.jpg 1280w\" sizes=\"(max-width: 640px) 100vw, 640px\" \/>\t\t\t\t\t\t\t\t\t\t\t\t\t\t\t<\/div>\n\t\t\t\t<\/div>\n\t\t\t\t<div class=\"elementor-element elementor-element-f0c8a29 elementor-widget elementor-widget-text-editor\" data-id=\"f0c8a29\" data-element_type=\"widget\" data-e-type=\"widget\" data-widget_type=\"text-editor.default\">\n\t\t\t\t<div class=\"elementor-widget-container\">\n\t\t\t\t\t\t\t\t\t<p>No te vuelvas a perder ninguna noticia ni promoci\u00f3n. Reg\u00edstrate en nuestro bolet\u00edn de novedades y te avisar\u00e9 todo.<\/p><p><span style=\"color: #3c434a; font-family: Consolas, Monaco, monospace; font-size: 13px; background-color: rgba(0, 0, 0, 0.07);\"><div class='_form_77'><\/div><script type='text\/javascript' src='https:\/\/espanolconmaria.activehosted.com\/f\/embed.php?static=0&#038;id=77&#038;69DFF7B8D0E03&#038;nostyles=0&#038;preview=0'><\/script><\/span><\/p>\t\t\t\t\t\t\t\t<\/div>\n\t\t\t\t<\/div>\n\t\t\t\t\t<\/div>\n\t\t<\/div>\n\t\t\t\t<div class=\"elementor-column elementor-col-16 elementor-top-column elementor-element elementor-element-1366367\" data-id=\"1366367\" data-element_type=\"column\" data-e-type=\"column\">\n\t\t\t<div class=\"elementor-widget-wrap\">\n\t\t\t\t\t\t\t<\/div>\n\t\t<\/div>\n\t\t\t\t\t<\/div>\n\t\t<\/section>\n\t\t\t\t<section class=\"elementor-section elementor-top-section elementor-element elementor-element-3861ae1 elementor-section-boxed elementor-section-height-default elementor-section-height-default\" data-id=\"3861ae1\" data-element_type=\"section\" data-e-type=\"section\">\n\t\t\t\t\t\t<div class=\"elementor-container elementor-column-gap-default\">\n\t\t\t\t\t<div class=\"elementor-column elementor-col-16 elementor-top-column elementor-element elementor-element-7938b65\" data-id=\"7938b65\" data-element_type=\"column\" data-e-type=\"column\">\n\t\t\t<div class=\"elementor-widget-wrap\">\n\t\t\t\t\t\t\t<\/div>\n\t\t<\/div>\n\t\t\t\t<div class=\"elementor-column elementor-col-66 elementor-top-column elementor-element elementor-element-fdbe3f4\" data-id=\"fdbe3f4\" data-element_type=\"column\" data-e-type=\"column\">\n\t\t\t<div class=\"elementor-widget-wrap elementor-element-populated\">\n\t\t\t\t\t\t<div class=\"elementor-element elementor-element-fdcdd8f elementor-widget elementor-widget-text-editor\" data-id=\"fdcdd8f\" data-element_type=\"widget\" data-e-type=\"widget\" data-widget_type=\"text-editor.default\">\n\t\t\t\t<div class=\"elementor-widget-container\">\n\t\t\t\t\t\t\t\t\t<p>Esta es una promoci\u00f3n por tiempo limitado y solo tenemos 10 paquetes promocionales de la suscripci\u00f3n, 10 paquetes de clases privadas y 5 de salas de conversaci\u00f3n.Para conocer los <a href=\"https:\/\/espanolconmaria.com\/lp-term-conditions\/\">t\u00e9rminos y condiciones de nuestra plataforma haz clic aqu\u00ed<\/a>, y para la <a href=\"https:\/\/espanolconmaria.com\/privacy-policy\">pol\u00edtica de privacidad, aqu\u00ed.<\/a><\/p>\t\t\t\t\t\t\t\t<\/div>\n\t\t\t\t<\/div>\n\t\t\t\t<div class=\"elementor-element elementor-element-27869c2 elementor-widget elementor-widget-image\" data-id=\"27869c2\" data-element_type=\"widget\" data-e-type=\"widget\" data-widget_type=\"image.default\">\n\t\t\t\t<div class=\"elementor-widget-container\">\n\t\t\t\t\t\t\t\t\t\t\t\t\t\t\t<img fetchpriority=\"high\" decoding=\"async\" width=\"1254\" height=\"398\" src=\"https:\/\/espanolconmaria.com\/wp-content\/uploads\/2024\/05\/cambio-de-logo-espanol-con-maria-07.png\" class=\"attachment-full size-full wp-image-25885\" alt=\"\" srcset=\"https:\/\/espanolconmaria.com\/wp-content\/uploads\/2024\/05\/cambio-de-logo-espanol-con-maria-07.png 1254w, https:\/\/espanolconmaria.com\/wp-content\/uploads\/2024\/05\/cambio-de-logo-espanol-con-maria-07-300x95.png 300w, https:\/\/espanolconmaria.com\/wp-content\/uploads\/2024\/05\/cambio-de-logo-espanol-con-maria-07-1024x325.png 1024w, https:\/\/espanolconmaria.com\/wp-content\/uploads\/2024\/05\/cambio-de-logo-espanol-con-maria-07-768x244.png 768w, https:\/\/espanolconmaria.com\/wp-content\/uploads\/2024\/05\/cambio-de-logo-espanol-con-maria-07-600x190.png 600w\" sizes=\"(max-width: 1254px) 100vw, 1254px\" \/>\t\t\t\t\t\t\t\t\t\t\t\t\t\t\t<\/div>\n\t\t\t\t<\/div>\n\t\t\t\t\t<\/div>\n\t\t<\/div>\n\t\t\t\t<div class=\"elementor-column elementor-col-16 elementor-top-column elementor-element elementor-element-cff0b4c\" data-id=\"cff0b4c\" data-element_type=\"column\" data-e-type=\"column\">\n\t\t\t<div class=\"elementor-widget-wrap\">\n\t\t\t\t\t\t\t<\/div>\n\t\t<\/div>\n\t\t\t\t\t<\/div>\n\t\t<\/section>\n\t\t\t\t<\/div>\n\t\t","protected":false},"excerpt":{"rendered":"<p>La mejor forma de recuperar, mantener y disfrutar la fluidez en espa\u00f1ol. Superpromo de Black Friday https:\/\/vimeo.com\/1032485236 $400 USD\u00a0 $249<\/p>\n","protected":false},"author":1,"featured_media":26609,"parent":0,"menu_order":0,"comment_status":"closed","ping_status":"closed","template":"elementor_canvas","meta":{"pmpro_default_level":"","footnotes":""},"class_list":["post-26621","page","type-page","status-publish","has-post-thumbnail","hentry","pmpro-has-access"],"yoast_head":"<!-- This site is optimized with the Yoast SEO plugin v27.4 - https:\/\/yoast.com\/product\/yoast-seo-wordpress\/ -->\n<title>Promoci\u00f3n de salas de conversaci\u00f3n en espa\u00f1ol<\/title>\n<meta name=\"description\" content=\"Aprovecha nuestra promoci\u00f3n anual y pratica espa\u00f1ol todo el 2025.\" \/>\n<meta name=\"robots\" content=\"index, follow, max-snippet:-1, max-image-preview:large, max-video-preview:-1\" \/>\n<link rel=\"canonical\" href=\"https:\/\/espanolconmaria.com\/en\/black-friday-aprende-espanol-hoy\/\" \/>\n<meta property=\"og:locale\" content=\"en_US\" \/>\n<meta property=\"og:type\" content=\"article\" \/>\n<meta property=\"og:title\" content=\"Promoci\u00f3n de salas de conversaci\u00f3n en espa\u00f1ol\" \/>\n<meta property=\"og:description\" content=\"Aprovecha nuestra promoci\u00f3n anual y pratica espa\u00f1ol todo el 2025.\" \/>\n<meta property=\"og:url\" content=\"https:\/\/espanolconmaria.com\/en\/black-friday-aprende-espanol-hoy\/\" \/>\n<meta property=\"og:site_name\" content=\"Espa\u00f1ol con Mar\u00eda\" \/>\n<meta property=\"article:publisher\" content=\"https:\/\/www.facebook.com\/AprenderEspanolConMaria\/\" \/>\n<meta property=\"article:modified_time\" content=\"2024-12-01T14:42:24+00:00\" \/>\n<meta property=\"og:image\" content=\"https:\/\/espanolconmaria.com\/wp-content\/uploads\/2024\/11\/Aprovecha-estas-conversaciones-2.jpg\" \/>\n\t<meta property=\"og:image:width\" content=\"1280\" \/>\n\t<meta property=\"og:image:height\" content=\"720\" \/>\n\t<meta property=\"og:image:type\" content=\"image\/jpeg\" \/>\n<meta name=\"twitter:card\" content=\"summary_large_image\" \/>\n<meta name=\"twitter:site\" content=\"@espanolconmaria\" \/>\n<meta name=\"twitter:label1\" content=\"Est. reading time\" \/>\n\t<meta name=\"twitter:data1\" content=\"2 minutes\" \/>\n<script type=\"application\/ld+json\" class=\"yoast-schema-graph\">{\"@context\":\"https:\\\/\\\/schema.org\",\"@graph\":[{\"@type\":\"WebPage\",\"@id\":\"https:\\\/\\\/espanolconmaria.com\\\/en\\\/black-friday-aprende-espanol-hoy\\\/\",\"url\":\"https:\\\/\\\/espanolconmaria.com\\\/en\\\/black-friday-aprende-espanol-hoy\\\/\",\"name\":\"Promoci\u00f3n de salas de conversaci\u00f3n en espa\u00f1ol\",\"isPartOf\":{\"@id\":\"https:\\\/\\\/espanolconmaria.com\\\/#website\"},\"primaryImageOfPage\":{\"@id\":\"https:\\\/\\\/espanolconmaria.com\\\/en\\\/black-friday-aprende-espanol-hoy\\\/#primaryimage\"},\"image\":{\"@id\":\"https:\\\/\\\/espanolconmaria.com\\\/en\\\/black-friday-aprende-espanol-hoy\\\/#primaryimage\"},\"thumbnailUrl\":\"https:\\\/\\\/espanolconmaria.com\\\/wp-content\\\/uploads\\\/2024\\\/11\\\/Aprovecha-estas-conversaciones-2.jpg\",\"datePublished\":\"2024-11-29T16:48:21+00:00\",\"dateModified\":\"2024-12-01T14:42:24+00:00\",\"description\":\"Aprovecha nuestra promoci\u00f3n anual y pratica espa\u00f1ol todo el 2025.\",\"breadcrumb\":{\"@id\":\"https:\\\/\\\/espanolconmaria.com\\\/en\\\/black-friday-aprende-espanol-hoy\\\/#breadcrumb\"},\"inLanguage\":\"en-US\",\"potentialAction\":[{\"@type\":\"ReadAction\",\"target\":[\"https:\\\/\\\/espanolconmaria.com\\\/en\\\/black-friday-aprende-espanol-hoy\\\/\"]}]},{\"@type\":\"ImageObject\",\"inLanguage\":\"en-US\",\"@id\":\"https:\\\/\\\/espanolconmaria.com\\\/en\\\/black-friday-aprende-espanol-hoy\\\/#primaryimage\",\"url\":\"https:\\\/\\\/espanolconmaria.com\\\/wp-content\\\/uploads\\\/2024\\\/11\\\/Aprovecha-estas-conversaciones-2.jpg\",\"contentUrl\":\"https:\\\/\\\/espanolconmaria.com\\\/wp-content\\\/uploads\\\/2024\\\/11\\\/Aprovecha-estas-conversaciones-2.jpg\",\"width\":1280,\"height\":720,\"caption\":\"20 essential Spanish phrases for your trip\"},{\"@type\":\"BreadcrumbList\",\"@id\":\"https:\\\/\\\/espanolconmaria.com\\\/en\\\/black-friday-aprende-espanol-hoy\\\/#breadcrumb\",\"itemListElement\":[{\"@type\":\"ListItem\",\"position\":1,\"name\":\"Portada\",\"item\":\"https:\\\/\\\/espanolconmaria.com\\\/en\\\/\"},{\"@type\":\"ListItem\",\"position\":2,\"name\":\"Black friday 2024- Todo sitio web\"}]},{\"@type\":\"WebSite\",\"@id\":\"https:\\\/\\\/espanolconmaria.com\\\/#website\",\"url\":\"https:\\\/\\\/espanolconmaria.com\\\/\",\"name\":\"Espa\u00f1ol con Mar\u00eda\",\"description\":\"La forma tropical de aprender espa\u00f1ol\",\"publisher\":{\"@id\":\"https:\\\/\\\/espanolconmaria.com\\\/#organization\"},\"potentialAction\":[{\"@type\":\"SearchAction\",\"target\":{\"@type\":\"EntryPoint\",\"urlTemplate\":\"https:\\\/\\\/espanolconmaria.com\\\/?s={search_term_string}\"},\"query-input\":{\"@type\":\"PropertyValueSpecification\",\"valueRequired\":true,\"valueName\":\"search_term_string\"}}],\"inLanguage\":\"en-US\"},{\"@type\":\"Organization\",\"@id\":\"https:\\\/\\\/espanolconmaria.com\\\/#organization\",\"name\":\"Espa\u00f1ol con Mar\u00eda\",\"url\":\"https:\\\/\\\/espanolconmaria.com\\\/\",\"logo\":{\"@type\":\"ImageObject\",\"inLanguage\":\"en-US\",\"@id\":\"https:\\\/\\\/espanolconmaria.com\\\/#\\\/schema\\\/logo\\\/image\\\/\",\"url\":\"https:\\\/\\\/espanolconmaria.com\\\/wp-content\\\/uploads\\\/2022\\\/11\\\/elementos-grma\u0301ticos-cambio-de-logo-espan\u0303ol-con-maria-07.png\",\"contentUrl\":\"https:\\\/\\\/espanolconmaria.com\\\/wp-content\\\/uploads\\\/2022\\\/11\\\/elementos-grma\u0301ticos-cambio-de-logo-espan\u0303ol-con-maria-07.png\",\"width\":1254,\"height\":398,\"caption\":\"Espa\u00f1ol con Mar\u00eda\"},\"image\":{\"@id\":\"https:\\\/\\\/espanolconmaria.com\\\/#\\\/schema\\\/logo\\\/image\\\/\"},\"sameAs\":[\"https:\\\/\\\/www.facebook.com\\\/AprenderEspanolConMaria\\\/\",\"https:\\\/\\\/x.com\\\/espanolconmaria\",\"https:\\\/\\\/www.instagram.com\\\/espanolconmaria\\\/\",\"https:\\\/\\\/www.tiktok.com\\\/@espanolconmaria\"]}]}<\/script>\n<!-- \/ Yoast SEO plugin. -->","yoast_head_json":{"title":"Promoci\u00f3n de salas de conversaci\u00f3n en espa\u00f1ol","description":"Aprovecha nuestra promoci\u00f3n anual y pratica espa\u00f1ol todo el 2025.","robots":{"index":"index","follow":"follow","max-snippet":"max-snippet:-1","max-image-preview":"max-image-preview:large","max-video-preview":"max-video-preview:-1"},"canonical":"https:\/\/espanolconmaria.com\/en\/black-friday-aprende-espanol-hoy\/","og_locale":"en_US","og_type":"article","og_title":"Promoci\u00f3n de salas de conversaci\u00f3n en espa\u00f1ol","og_description":"Aprovecha nuestra promoci\u00f3n anual y pratica espa\u00f1ol todo el 2025.","og_url":"https:\/\/espanolconmaria.com\/en\/black-friday-aprende-espanol-hoy\/","og_site_name":"Espa\u00f1ol con Mar\u00eda","article_publisher":"https:\/\/www.facebook.com\/AprenderEspanolConMaria\/","article_modified_time":"2024-12-01T14:42:24+00:00","og_image":[{"width":1280,"height":720,"url":"https:\/\/espanolconmaria.com\/wp-content\/uploads\/2024\/11\/Aprovecha-estas-conversaciones-2.jpg","type":"image\/jpeg"}],"twitter_card":"summary_large_image","twitter_site":"@espanolconmaria","twitter_misc":{"Est. reading time":"2 minutes"},"schema":{"@context":"https:\/\/schema.org","@graph":[{"@type":"WebPage","@id":"https:\/\/espanolconmaria.com\/en\/black-friday-aprende-espanol-hoy\/","url":"https:\/\/espanolconmaria.com\/en\/black-friday-aprende-espanol-hoy\/","name":"Promoci\u00f3n de salas de conversaci\u00f3n en espa\u00f1ol","isPartOf":{"@id":"https:\/\/espanolconmaria.com\/#website"},"primaryImageOfPage":{"@id":"https:\/\/espanolconmaria.com\/en\/black-friday-aprende-espanol-hoy\/#primaryimage"},"image":{"@id":"https:\/\/espanolconmaria.com\/en\/black-friday-aprende-espanol-hoy\/#primaryimage"},"thumbnailUrl":"https:\/\/espanolconmaria.com\/wp-content\/uploads\/2024\/11\/Aprovecha-estas-conversaciones-2.jpg","datePublished":"2024-11-29T16:48:21+00:00","dateModified":"2024-12-01T14:42:24+00:00","description":"Aprovecha nuestra promoci\u00f3n anual y pratica espa\u00f1ol todo el 2025.","breadcrumb":{"@id":"https:\/\/espanolconmaria.com\/en\/black-friday-aprende-espanol-hoy\/#breadcrumb"},"inLanguage":"en-US","potentialAction":[{"@type":"ReadAction","target":["https:\/\/espanolconmaria.com\/en\/black-friday-aprende-espanol-hoy\/"]}]},{"@type":"ImageObject","inLanguage":"en-US","@id":"https:\/\/espanolconmaria.com\/en\/black-friday-aprende-espanol-hoy\/#primaryimage","url":"https:\/\/espanolconmaria.com\/wp-content\/uploads\/2024\/11\/Aprovecha-estas-conversaciones-2.jpg","contentUrl":"https:\/\/espanolconmaria.com\/wp-content\/uploads\/2024\/11\/Aprovecha-estas-conversaciones-2.jpg","width":1280,"height":720,"caption":"20 essential Spanish phrases for your trip"},{"@type":"BreadcrumbList","@id":"https:\/\/espanolconmaria.com\/en\/black-friday-aprende-espanol-hoy\/#breadcrumb","itemListElement":[{"@type":"ListItem","position":1,"name":"Portada","item":"https:\/\/espanolconmaria.com\/en\/"},{"@type":"ListItem","position":2,"name":"Black friday 2024- Todo sitio web"}]},{"@type":"WebSite","@id":"https:\/\/espanolconmaria.com\/#website","url":"https:\/\/espanolconmaria.com\/","name":"Espa\u00f1ol con Mar\u00eda","description":"La forma tropical de aprender espa\u00f1ol","publisher":{"@id":"https:\/\/espanolconmaria.com\/#organization"},"potentialAction":[{"@type":"SearchAction","target":{"@type":"EntryPoint","urlTemplate":"https:\/\/espanolconmaria.com\/?s={search_term_string}"},"query-input":{"@type":"PropertyValueSpecification","valueRequired":true,"valueName":"search_term_string"}}],"inLanguage":"en-US"},{"@type":"Organization","@id":"https:\/\/espanolconmaria.com\/#organization","name":"Espa\u00f1ol con Mar\u00eda","url":"https:\/\/espanolconmaria.com\/","logo":{"@type":"ImageObject","inLanguage":"en-US","@id":"https:\/\/espanolconmaria.com\/#\/schema\/logo\/image\/","url":"https:\/\/espanolconmaria.com\/wp-content\/uploads\/2022\/11\/elementos-grma\u0301ticos-cambio-de-logo-espan\u0303ol-con-maria-07.png","contentUrl":"https:\/\/espanolconmaria.com\/wp-content\/uploads\/2022\/11\/elementos-grma\u0301ticos-cambio-de-logo-espan\u0303ol-con-maria-07.png","width":1254,"height":398,"caption":"Espa\u00f1ol con Mar\u00eda"},"image":{"@id":"https:\/\/espanolconmaria.com\/#\/schema\/logo\/image\/"},"sameAs":["https:\/\/www.facebook.com\/AprenderEspanolConMaria\/","https:\/\/x.com\/espanolconmaria","https:\/\/www.instagram.com\/espanolconmaria\/","https:\/\/www.tiktok.com\/@espanolconmaria"]}]}},"_hostinger_reach_plugin_has_subscription_block":false,"_hostinger_reach_plugin_is_elementor":false,"_links":{"self":[{"href":"https:\/\/espanolconmaria.com\/en\/wp-json\/wp\/v2\/pages\/26621","targetHints":{"allow":["GET"]}}],"collection":[{"href":"https:\/\/espanolconmaria.com\/en\/wp-json\/wp\/v2\/pages"}],"about":[{"href":"https:\/\/espanolconmaria.com\/en\/wp-json\/wp\/v2\/types\/page"}],"author":[{"embeddable":true,"href":"https:\/\/espanolconmaria.com\/en\/wp-json\/wp\/v2\/users\/1"}],"replies":[{"embeddable":true,"href":"https:\/\/espanolconmaria.com\/en\/wp-json\/wp\/v2\/comments?post=26621"}],"version-history":[{"count":7,"href":"https:\/\/espanolconmaria.com\/en\/wp-json\/wp\/v2\/pages\/26621\/revisions"}],"predecessor-version":[{"id":26685,"href":"https:\/\/espanolconmaria.com\/en\/wp-json\/wp\/v2\/pages\/26621\/revisions\/26685"}],"wp:featuredmedia":[{"embeddable":true,"href":"https:\/\/espanolconmaria.com\/en\/wp-json\/wp\/v2\/media\/26609"}],"wp:attachment":[{"href":"https:\/\/espanolconmaria.com\/en\/wp-json\/wp\/v2\/media?parent=26621"}],"curies":[{"name":"wp","href":"https:\/\/api.w.org\/{rel}","templated":true}]}}