{"id":26703,"date":"2024-12-10T16:30:47","date_gmt":"2024-12-10T21:30:47","guid":{"rendered":"https:\/\/espanolconmaria.com\/?page_id=26703"},"modified":"2024-12-10T16:37:50","modified_gmt":"2024-12-10T21:37:50","slug":"discover-the-best-destination-in-latin-america","status":"publish","type":"page","link":"https:\/\/espanolconmaria.com\/en\/discover-the-best-destination-in-latin-america\/","title":{"rendered":"Discover the best destination in Latin America"},"content":{"rendered":"\t\t<div data-elementor-type=\"wp-page\" data-elementor-id=\"26703\" class=\"elementor elementor-26703\" data-elementor-post-type=\"page\">\n\t\t\t\t\t\t<section class=\"elementor-section elementor-top-section elementor-element elementor-element-dca30bb elementor-section-boxed elementor-section-height-default elementor-section-height-default\" data-id=\"dca30bb\" data-element_type=\"section\" data-e-type=\"section\" data-settings=\"{&quot;background_background&quot;:&quot;classic&quot;}\">\n\t\t\t\t\t\t<div class=\"elementor-container elementor-column-gap-default\">\n\t\t\t\t\t<div class=\"elementor-column elementor-col-100 elementor-top-column elementor-element elementor-element-a8f7731\" data-id=\"a8f7731\" data-element_type=\"column\" data-e-type=\"column\">\n\t\t\t<div class=\"elementor-widget-wrap elementor-element-populated\">\n\t\t\t\t\t\t<div class=\"elementor-element elementor-element-f8421e6 elementor-widget elementor-widget-heading\" data-id=\"f8421e6\" data-element_type=\"widget\" data-e-type=\"widget\" data-widget_type=\"heading.default\">\n\t\t\t\t<div class=\"elementor-widget-container\">\n\t\t\t\t\t<h6 class=\"elementor-heading-title elementor-size-default\">\ud83d\ude40 \ud83e\udd9c Discover the best destination for you \ud83e\udd9c \ud83d\ude40<\/h6>\t\t\t\t<\/div>\n\t\t\t\t<\/div>\n\t\t\t\t\t<\/div>\n\t\t<\/div>\n\t\t\t\t\t<\/div>\n\t\t<\/section>\n\t\t\t\t<section class=\"elementor-section elementor-top-section elementor-element elementor-element-c6d2d1a elementor-section-boxed elementor-section-height-default elementor-section-height-default\" data-id=\"c6d2d1a\" data-element_type=\"section\" data-e-type=\"section\" data-settings=\"{&quot;background_background&quot;:&quot;classic&quot;}\">\n\t\t\t\t\t\t\t<div class=\"elementor-background-overlay\"><\/div>\n\t\t\t\t\t\t\t<div class=\"elementor-container elementor-column-gap-default\">\n\t\t\t\t\t<div class=\"elementor-column elementor-col-16 elementor-top-column elementor-element elementor-element-0f32a48\" data-id=\"0f32a48\" data-element_type=\"column\" data-e-type=\"column\">\n\t\t\t<div class=\"elementor-widget-wrap\">\n\t\t\t\t\t\t\t<\/div>\n\t\t<\/div>\n\t\t\t\t<div class=\"elementor-column elementor-col-66 elementor-top-column elementor-element elementor-element-442160b\" data-id=\"442160b\" data-element_type=\"column\" data-e-type=\"column\">\n\t\t\t<div class=\"elementor-widget-wrap elementor-element-populated\">\n\t\t\t\t\t\t<div class=\"elementor-element elementor-element-d8fae5f elementor-widget elementor-widget-image\" data-id=\"d8fae5f\" data-element_type=\"widget\" data-e-type=\"widget\" data-widget_type=\"image.default\">\n\t\t\t\t<div class=\"elementor-widget-container\">\n\t\t\t\t\t\t\t\t\t\t\t\t\t\t\t<img fetchpriority=\"high\" decoding=\"async\" width=\"1254\" height=\"398\" src=\"https:\/\/espanolconmaria.com\/wp-content\/uploads\/2024\/05\/cambio-de-logo-espanol-con-maria-07.png\" class=\"attachment-full size-full wp-image-25885\" alt=\"\" srcset=\"https:\/\/espanolconmaria.com\/wp-content\/uploads\/2024\/05\/cambio-de-logo-espanol-con-maria-07.png 1254w, https:\/\/espanolconmaria.com\/wp-content\/uploads\/2024\/05\/cambio-de-logo-espanol-con-maria-07-300x95.png 300w, https:\/\/espanolconmaria.com\/wp-content\/uploads\/2024\/05\/cambio-de-logo-espanol-con-maria-07-1024x325.png 1024w, https:\/\/espanolconmaria.com\/wp-content\/uploads\/2024\/05\/cambio-de-logo-espanol-con-maria-07-768x244.png 768w, https:\/\/espanolconmaria.com\/wp-content\/uploads\/2024\/05\/cambio-de-logo-espanol-con-maria-07-600x190.png 600w\" sizes=\"(max-width: 1254px) 100vw, 1254px\" \/>\t\t\t\t\t\t\t\t\t\t\t\t\t\t\t<\/div>\n\t\t\t\t<\/div>\n\t\t\t\t<div class=\"elementor-element elementor-element-da9c4fa elementor-widget__width-initial elementor-widget elementor-widget-heading\" data-id=\"da9c4fa\" data-element_type=\"widget\" data-e-type=\"widget\" data-widget_type=\"heading.default\">\n\t\t\t\t<div class=\"elementor-widget-container\">\n\t\t\t\t\t<h3 class=\"elementor-heading-title elementor-size-default\">You next trip should be to:<\/h3>\t\t\t\t<\/div>\n\t\t\t\t<\/div>\n\t\t\t\t<div class=\"elementor-element elementor-element-d9e75e1 thim-ekits-heading-text-center elementor-widget thim-ekits-heading elementor-widget-thim-heading\" data-id=\"d9e75e1\" data-element_type=\"widget\" data-e-type=\"widget\" data-widget_type=\"thim-heading.default\">\n\t\t\t\t<div class=\"elementor-widget-container\">\n\t\t\t\t\t<div class=\"sc_heading text-center\"><h2 class=\"title\">The personality quiz that suggests your ideal destination. <\/h2><span class=\"line\"><\/span><\/div>\t\t\t\t<\/div>\n\t\t\t\t<\/div>\n\t\t\t\t<div class=\"elementor-element elementor-element-cbaf072 elementor-widget elementor-widget-html\" data-id=\"cbaf072\" data-element_type=\"widget\" data-e-type=\"widget\" data-widget_type=\"html.default\">\n\t\t\t\t<div class=\"elementor-widget-container\">\n\t\t\t\t\t<div data-tf-live=\"01JES7HV1JE09N5WH5QCZBYH1C\"><\/div><script src=\"\/\/embed.typeform.com\/next\/embed.js\"><\/script>\t\t\t\t<\/div>\n\t\t\t\t<\/div>\n\t\t\t\t\t<\/div>\n\t\t<\/div>\n\t\t\t\t<div class=\"elementor-column elementor-col-16 elementor-top-column elementor-element elementor-element-1366367\" data-id=\"1366367\" data-element_type=\"column\" data-e-type=\"column\">\n\t\t\t<div class=\"elementor-widget-wrap\">\n\t\t\t\t\t\t\t<\/div>\n\t\t<\/div>\n\t\t\t\t\t<\/div>\n\t\t<\/section>\n\t\t\t\t<section class=\"elementor-section elementor-top-section elementor-element elementor-element-cc7e30d elementor-section-boxed elementor-section-height-default elementor-section-height-default\" data-id=\"cc7e30d\" data-element_type=\"section\" data-e-type=\"section\" data-settings=\"{&quot;background_background&quot;:&quot;classic&quot;}\">\n\t\t\t\t\t\t<div class=\"elementor-container elementor-column-gap-default\">\n\t\t\t\t\t<div class=\"elementor-column elementor-col-50 elementor-top-column elementor-element elementor-element-3b9e369\" data-id=\"3b9e369\" data-element_type=\"column\" data-e-type=\"column\">\n\t\t\t<div class=\"elementor-widget-wrap elementor-element-populated\">\n\t\t\t\t\t\t<div class=\"elementor-element elementor-element-5692a49 elementor-widget elementor-widget-heading\" data-id=\"5692a49\" data-element_type=\"widget\" data-e-type=\"widget\" data-widget_type=\"heading.default\">\n\t\t\t\t<div class=\"elementor-widget-container\">\n\t\t\t\t\t<h2 class=\"elementor-heading-title elementor-size-default\">What is Espa\u00f1ol con Mar\u00eda ?<\/h2>\t\t\t\t<\/div>\n\t\t\t\t<\/div>\n\t\t\t\t<div class=\"elementor-element elementor-element-fae5d19 elementor-widget elementor-widget-heading\" data-id=\"fae5d19\" data-element_type=\"widget\" data-e-type=\"widget\" data-widget_type=\"heading.default\">\n\t\t\t\t<div class=\"elementor-widget-container\">\n\t\t\t\t\t<h2 class=\"elementor-heading-title elementor-size-default\">And why is it so cool?<\/h2>\t\t\t\t<\/div>\n\t\t\t\t<\/div>\n\t\t\t\t<div class=\"elementor-element elementor-element-8c0c703 elementor-widget elementor-widget-text-editor\" data-id=\"8c0c703\" data-element_type=\"widget\" data-e-type=\"widget\" data-widget_type=\"text-editor.default\">\n\t\t\t\t<div class=\"elementor-widget-container\">\n\t\t\t\t\t\t\t\t\t<p><span style=\"color: #ffffff;\">At Espa\u00f1ol con Mar\u00eda, <strong>our mission is to connect cultures<\/strong> through teaching Spanish as a foreign language. More than just a Spanish school, <span style=\"color: #ffff00;\"><strong>we are proud ambassadors of Latin America\u2019s vibrant and rich culture.<\/strong><\/span><\/span><\/p><p><span style=\"color: #ffffff;\">Our innovative methods have not only helped thousands of students achieve fluency in Spanish but have also ignited their passion for exploring the world and falling in love with the stories, traditions, and places of the Spanish-speaking world.<\/span><\/p><p><span style=\"color: #ffffff;\">If you\u2019re looking to take your Spanish seriously while having fun, Espa\u00f1ol con Mar\u00eda is the experience you\u2019ve been waiting for<span style=\"color: #ffff00;\">. Get ready to live the language and culture like never before!<\/span><\/span><\/p><p><span style=\"color: #ffffff;\">Now, we&#8217;re working in creating the best online program for (REAL) beginners in Spanish.<\/span><\/p>\t\t\t\t\t\t\t\t<\/div>\n\t\t\t\t<\/div>\n\t\t\t\t\t<\/div>\n\t\t<\/div>\n\t\t\t\t<div class=\"elementor-column elementor-col-50 elementor-top-column elementor-element elementor-element-8b0db91\" data-id=\"8b0db91\" data-element_type=\"column\" data-e-type=\"column\">\n\t\t\t<div class=\"elementor-widget-wrap elementor-element-populated\">\n\t\t\t\t\t\t<div class=\"elementor-element elementor-element-04d16ea elementor-widget__width-initial elementor-widget elementor-widget-image\" data-id=\"04d16ea\" data-element_type=\"widget\" data-e-type=\"widget\" data-widget_type=\"image.default\">\n\t\t\t\t<div class=\"elementor-widget-container\">\n\t\t\t\t\t\t\t\t\t\t\t\t\t\t\t<img decoding=\"async\" width=\"640\" height=\"841\" src=\"https:\/\/espanolconmaria.com\/wp-content\/uploads\/2024\/02\/Copia-historias-para-Facetech-1080-x-1420-px-779x1024.png\" class=\"attachment-large size-large wp-image-25105\" alt=\"Mar\u00eda de Espa\u00f1ol con Mar\u00eda\" srcset=\"https:\/\/espanolconmaria.com\/wp-content\/uploads\/2024\/02\/Copia-historias-para-Facetech-1080-x-1420-px-779x1024.png 779w, https:\/\/espanolconmaria.com\/wp-content\/uploads\/2024\/02\/Copia-historias-para-Facetech-1080-x-1420-px-228x300.png 228w, https:\/\/espanolconmaria.com\/wp-content\/uploads\/2024\/02\/Copia-historias-para-Facetech-1080-x-1420-px-768x1010.png 768w, https:\/\/espanolconmaria.com\/wp-content\/uploads\/2024\/02\/Copia-historias-para-Facetech-1080-x-1420-px-600x789.png 600w, https:\/\/espanolconmaria.com\/wp-content\/uploads\/2024\/02\/Copia-historias-para-Facetech-1080-x-1420-px.png 1080w\" sizes=\"(max-width: 640px) 100vw, 640px\" \/>\t\t\t\t\t\t\t\t\t\t\t\t\t\t\t<\/div>\n\t\t\t\t<\/div>\n\t\t\t\t<div class=\"elementor-element elementor-element-34463dc elementor-align-center elementor-widget__width-inherit elementor-widget elementor-widget-button\" data-id=\"34463dc\" data-element_type=\"widget\" data-e-type=\"widget\" data-widget_type=\"button.default\">\n\t\t\t\t<div class=\"elementor-widget-container\">\n\t\t\t\t\t\t\t\t\t<div class=\"elementor-button-wrapper\">\n\t\t\t\t\t<a class=\"elementor-button elementor-button-link elementor-size-sm\" href=\"#elementor-action%3Aaction%3Dpopup%3Aopen%26settings%3DeyJpZCI6MjY2MzgsInRvZ2dsZSI6ZmFsc2V9\">\n\t\t\t\t\t\t<span class=\"elementor-button-content-wrapper\">\n\t\t\t\t\t\t\t\t\t<span class=\"elementor-button-text\">I want to start learning with you<\/span>\n\t\t\t\t\t<\/span>\n\t\t\t\t\t<\/a>\n\t\t\t\t<\/div>\n\t\t\t\t\t\t\t\t<\/div>\n\t\t\t\t<\/div>\n\t\t\t\t\t<\/div>\n\t\t<\/div>\n\t\t\t\t\t<\/div>\n\t\t<\/section>\n\t\t\t\t<section class=\"elementor-section elementor-top-section elementor-element elementor-element-3861ae1 elementor-section-boxed elementor-section-height-default elementor-section-height-default\" data-id=\"3861ae1\" data-element_type=\"section\" data-e-type=\"section\">\n\t\t\t\t\t\t<div class=\"elementor-container elementor-column-gap-default\">\n\t\t\t\t\t<div class=\"elementor-column elementor-col-16 elementor-top-column elementor-element elementor-element-7938b65\" data-id=\"7938b65\" data-element_type=\"column\" data-e-type=\"column\">\n\t\t\t<div class=\"elementor-widget-wrap\">\n\t\t\t\t\t\t\t<\/div>\n\t\t<\/div>\n\t\t\t\t<div class=\"elementor-column elementor-col-66 elementor-top-column elementor-element elementor-element-fdbe3f4\" data-id=\"fdbe3f4\" data-element_type=\"column\" data-e-type=\"column\">\n\t\t\t<div class=\"elementor-widget-wrap elementor-element-populated\">\n\t\t\t\t\t\t<div class=\"elementor-element elementor-element-fdcdd8f elementor-widget elementor-widget-text-editor\" data-id=\"fdcdd8f\" data-element_type=\"widget\" data-e-type=\"widget\" data-widget_type=\"text-editor.default\">\n\t\t\t\t<div class=\"elementor-widget-container\">\n\t\t\t\t\t\t\t\t\t<p>Esta es una promoci\u00f3n por tiempo limitado y solo tenemos 10 paquetes promocionales de la misma.Para conocer los <a href=\"https:\/\/espanolconmaria.com\/lp-term-conditions\/\">t\u00e9rminos y condiciones de nuestra plataforma haz clic aqu\u00ed<\/a>, y para la <a href=\"https:\/\/espanolconmaria.com\/privacy-policy\">pol\u00edtica de privacidad, aqu\u00ed.<\/a><\/p>\t\t\t\t\t\t\t\t<\/div>\n\t\t\t\t<\/div>\n\t\t\t\t<div class=\"elementor-element elementor-element-27869c2 elementor-widget elementor-widget-image\" data-id=\"27869c2\" data-element_type=\"widget\" data-e-type=\"widget\" data-widget_type=\"image.default\">\n\t\t\t\t<div class=\"elementor-widget-container\">\n\t\t\t\t\t\t\t\t\t\t\t\t\t\t\t<img fetchpriority=\"high\" decoding=\"async\" width=\"1254\" height=\"398\" src=\"https:\/\/espanolconmaria.com\/wp-content\/uploads\/2024\/05\/cambio-de-logo-espanol-con-maria-07.png\" class=\"attachment-full size-full wp-image-25885\" alt=\"\" srcset=\"https:\/\/espanolconmaria.com\/wp-content\/uploads\/2024\/05\/cambio-de-logo-espanol-con-maria-07.png 1254w, https:\/\/espanolconmaria.com\/wp-content\/uploads\/2024\/05\/cambio-de-logo-espanol-con-maria-07-300x95.png 300w, https:\/\/espanolconmaria.com\/wp-content\/uploads\/2024\/05\/cambio-de-logo-espanol-con-maria-07-1024x325.png 1024w, https:\/\/espanolconmaria.com\/wp-content\/uploads\/2024\/05\/cambio-de-logo-espanol-con-maria-07-768x244.png 768w, https:\/\/espanolconmaria.com\/wp-content\/uploads\/2024\/05\/cambio-de-logo-espanol-con-maria-07-600x190.png 600w\" sizes=\"(max-width: 1254px) 100vw, 1254px\" \/>\t\t\t\t\t\t\t\t\t\t\t\t\t\t\t<\/div>\n\t\t\t\t<\/div>\n\t\t\t\t\t<\/div>\n\t\t<\/div>\n\t\t\t\t<div class=\"elementor-column elementor-col-16 elementor-top-column elementor-element elementor-element-cff0b4c\" data-id=\"cff0b4c\" data-element_type=\"column\" data-e-type=\"column\">\n\t\t\t<div class=\"elementor-widget-wrap\">\n\t\t\t\t\t\t\t<\/div>\n\t\t<\/div>\n\t\t\t\t\t<\/div>\n\t\t<\/section>\n\t\t\t\t<\/div>\n\t\t","protected":false},"excerpt":{"rendered":"<p>La mejor forma de recuperar, mantener y disfrutar la fluidez en espa\u00f1ol. Superpromo de Black Friday https:\/\/vimeo.com\/1032485236 $400 USD\u00a0 $249<\/p>\n","protected":false},"author":1,"featured_media":26704,"parent":0,"menu_order":0,"comment_status":"closed","ping_status":"closed","template":"elementor_canvas","meta":{"pmpro_default_level":"","footnotes":""},"class_list":["post-26703","page","type-page","status-publish","has-post-thumbnail","hentry","pmpro-has-access"],"yoast_head":"<!-- This site is optimized with the Yoast SEO plugin v27.4 - https:\/\/yoast.com\/product\/yoast-seo-wordpress\/ -->\n<title>Learn Spanish for beginners while you dance salsa<\/title>\n<meta name=\"description\" content=\"Spanish lesson for beginners: Get the basic vocabulary in Spanish while your learn the basic salsa steps.\" \/>\n<meta name=\"robots\" content=\"index, follow, max-snippet:-1, max-image-preview:large, max-video-preview:-1\" \/>\n<link rel=\"canonical\" href=\"https:\/\/espanolconmaria.com\/en\/discover-the-best-destination-in-latin-america\/\" \/>\n<meta property=\"og:locale\" content=\"en_US\" \/>\n<meta property=\"og:type\" content=\"article\" \/>\n<meta property=\"og:title\" content=\"Learn Spanish for beginners while you dance salsa\" \/>\n<meta property=\"og:description\" content=\"Spanish lesson for beginners: Get the basic vocabulary in Spanish while your learn the basic salsa steps.\" \/>\n<meta property=\"og:url\" content=\"https:\/\/espanolconmaria.com\/en\/discover-the-best-destination-in-latin-america\/\" \/>\n<meta property=\"og:site_name\" content=\"Espa\u00f1ol con Mar\u00eda\" \/>\n<meta property=\"article:publisher\" content=\"https:\/\/www.facebook.com\/AprenderEspanolConMaria\/\" \/>\n<meta property=\"article:modified_time\" content=\"2024-12-10T21:37:50+00:00\" \/>\n<meta property=\"og:image\" content=\"https:\/\/espanolconmaria.com\/wp-content\/uploads\/2024\/12\/Where-should-1.jpg\" \/>\n\t<meta property=\"og:image:width\" content=\"1920\" \/>\n\t<meta property=\"og:image:height\" content=\"1080\" \/>\n\t<meta property=\"og:image:type\" content=\"image\/jpeg\" \/>\n<meta name=\"twitter:card\" content=\"summary_large_image\" \/>\n<meta name=\"twitter:site\" content=\"@espanolconmaria\" \/>\n<meta name=\"twitter:label1\" content=\"Est. reading time\" \/>\n\t<meta name=\"twitter:data1\" content=\"2 minutes\" \/>\n<script type=\"application\/ld+json\" class=\"yoast-schema-graph\">{\"@context\":\"https:\\\/\\\/schema.org\",\"@graph\":[{\"@type\":\"WebPage\",\"@id\":\"https:\\\/\\\/espanolconmaria.com\\\/en\\\/discover-the-best-destination-in-latin-america\\\/\",\"url\":\"https:\\\/\\\/espanolconmaria.com\\\/en\\\/discover-the-best-destination-in-latin-america\\\/\",\"name\":\"Learn Spanish for beginners while you dance salsa\",\"isPartOf\":{\"@id\":\"https:\\\/\\\/espanolconmaria.com\\\/#website\"},\"primaryImageOfPage\":{\"@id\":\"https:\\\/\\\/espanolconmaria.com\\\/en\\\/discover-the-best-destination-in-latin-america\\\/#primaryimage\"},\"image\":{\"@id\":\"https:\\\/\\\/espanolconmaria.com\\\/en\\\/discover-the-best-destination-in-latin-america\\\/#primaryimage\"},\"thumbnailUrl\":\"https:\\\/\\\/espanolconmaria.com\\\/wp-content\\\/uploads\\\/2024\\\/12\\\/Where-should-1.jpg\",\"datePublished\":\"2024-12-10T21:30:47+00:00\",\"dateModified\":\"2024-12-10T21:37:50+00:00\",\"description\":\"Spanish lesson for beginners: Get the basic vocabulary in Spanish while your learn the basic salsa steps.\",\"breadcrumb\":{\"@id\":\"https:\\\/\\\/espanolconmaria.com\\\/en\\\/discover-the-best-destination-in-latin-america\\\/#breadcrumb\"},\"inLanguage\":\"en-US\",\"potentialAction\":[{\"@type\":\"ReadAction\",\"target\":[\"https:\\\/\\\/espanolconmaria.com\\\/en\\\/discover-the-best-destination-in-latin-america\\\/\"]}]},{\"@type\":\"ImageObject\",\"inLanguage\":\"en-US\",\"@id\":\"https:\\\/\\\/espanolconmaria.com\\\/en\\\/discover-the-best-destination-in-latin-america\\\/#primaryimage\",\"url\":\"https:\\\/\\\/espanolconmaria.com\\\/wp-content\\\/uploads\\\/2024\\\/12\\\/Where-should-1.jpg\",\"contentUrl\":\"https:\\\/\\\/espanolconmaria.com\\\/wp-content\\\/uploads\\\/2024\\\/12\\\/Where-should-1.jpg\",\"width\":1920,\"height\":1080,\"caption\":\"discover travel destination in latin america\"},{\"@type\":\"BreadcrumbList\",\"@id\":\"https:\\\/\\\/espanolconmaria.com\\\/en\\\/discover-the-best-destination-in-latin-america\\\/#breadcrumb\",\"itemListElement\":[{\"@type\":\"ListItem\",\"position\":1,\"name\":\"Portada\",\"item\":\"https:\\\/\\\/espanolconmaria.com\\\/en\\\/\"},{\"@type\":\"ListItem\",\"position\":2,\"name\":\"Discover the best destination in Latin America\"}]},{\"@type\":\"WebSite\",\"@id\":\"https:\\\/\\\/espanolconmaria.com\\\/#website\",\"url\":\"https:\\\/\\\/espanolconmaria.com\\\/\",\"name\":\"Espa\u00f1ol con Mar\u00eda\",\"description\":\"La forma tropical de aprender espa\u00f1ol\",\"publisher\":{\"@id\":\"https:\\\/\\\/espanolconmaria.com\\\/#organization\"},\"potentialAction\":[{\"@type\":\"SearchAction\",\"target\":{\"@type\":\"EntryPoint\",\"urlTemplate\":\"https:\\\/\\\/espanolconmaria.com\\\/?s={search_term_string}\"},\"query-input\":{\"@type\":\"PropertyValueSpecification\",\"valueRequired\":true,\"valueName\":\"search_term_string\"}}],\"inLanguage\":\"en-US\"},{\"@type\":\"Organization\",\"@id\":\"https:\\\/\\\/espanolconmaria.com\\\/#organization\",\"name\":\"Espa\u00f1ol con Mar\u00eda\",\"url\":\"https:\\\/\\\/espanolconmaria.com\\\/\",\"logo\":{\"@type\":\"ImageObject\",\"inLanguage\":\"en-US\",\"@id\":\"https:\\\/\\\/espanolconmaria.com\\\/#\\\/schema\\\/logo\\\/image\\\/\",\"url\":\"https:\\\/\\\/espanolconmaria.com\\\/wp-content\\\/uploads\\\/2022\\\/11\\\/elementos-grma\u0301ticos-cambio-de-logo-espan\u0303ol-con-maria-07.png\",\"contentUrl\":\"https:\\\/\\\/espanolconmaria.com\\\/wp-content\\\/uploads\\\/2022\\\/11\\\/elementos-grma\u0301ticos-cambio-de-logo-espan\u0303ol-con-maria-07.png\",\"width\":1254,\"height\":398,\"caption\":\"Espa\u00f1ol con Mar\u00eda\"},\"image\":{\"@id\":\"https:\\\/\\\/espanolconmaria.com\\\/#\\\/schema\\\/logo\\\/image\\\/\"},\"sameAs\":[\"https:\\\/\\\/www.facebook.com\\\/AprenderEspanolConMaria\\\/\",\"https:\\\/\\\/x.com\\\/espanolconmaria\",\"https:\\\/\\\/www.instagram.com\\\/espanolconmaria\\\/\",\"https:\\\/\\\/www.tiktok.com\\\/@espanolconmaria\"]}]}<\/script>\n<!-- \/ Yoast SEO plugin. -->","yoast_head_json":{"title":"Learn Spanish for beginners while you dance salsa","description":"Spanish lesson for beginners: Get the basic vocabulary in Spanish while your learn the basic salsa steps.","robots":{"index":"index","follow":"follow","max-snippet":"max-snippet:-1","max-image-preview":"max-image-preview:large","max-video-preview":"max-video-preview:-1"},"canonical":"https:\/\/espanolconmaria.com\/en\/discover-the-best-destination-in-latin-america\/","og_locale":"en_US","og_type":"article","og_title":"Learn Spanish for beginners while you dance salsa","og_description":"Spanish lesson for beginners: Get the basic vocabulary in Spanish while your learn the basic salsa steps.","og_url":"https:\/\/espanolconmaria.com\/en\/discover-the-best-destination-in-latin-america\/","og_site_name":"Espa\u00f1ol con Mar\u00eda","article_publisher":"https:\/\/www.facebook.com\/AprenderEspanolConMaria\/","article_modified_time":"2024-12-10T21:37:50+00:00","og_image":[{"width":1920,"height":1080,"url":"https:\/\/espanolconmaria.com\/wp-content\/uploads\/2024\/12\/Where-should-1.jpg","type":"image\/jpeg"}],"twitter_card":"summary_large_image","twitter_site":"@espanolconmaria","twitter_misc":{"Est. reading time":"2 minutes"},"schema":{"@context":"https:\/\/schema.org","@graph":[{"@type":"WebPage","@id":"https:\/\/espanolconmaria.com\/en\/discover-the-best-destination-in-latin-america\/","url":"https:\/\/espanolconmaria.com\/en\/discover-the-best-destination-in-latin-america\/","name":"Learn Spanish for beginners while you dance salsa","isPartOf":{"@id":"https:\/\/espanolconmaria.com\/#website"},"primaryImageOfPage":{"@id":"https:\/\/espanolconmaria.com\/en\/discover-the-best-destination-in-latin-america\/#primaryimage"},"image":{"@id":"https:\/\/espanolconmaria.com\/en\/discover-the-best-destination-in-latin-america\/#primaryimage"},"thumbnailUrl":"https:\/\/espanolconmaria.com\/wp-content\/uploads\/2024\/12\/Where-should-1.jpg","datePublished":"2024-12-10T21:30:47+00:00","dateModified":"2024-12-10T21:37:50+00:00","description":"Spanish lesson for beginners: Get the basic vocabulary in Spanish while your learn the basic salsa steps.","breadcrumb":{"@id":"https:\/\/espanolconmaria.com\/en\/discover-the-best-destination-in-latin-america\/#breadcrumb"},"inLanguage":"en-US","potentialAction":[{"@type":"ReadAction","target":["https:\/\/espanolconmaria.com\/en\/discover-the-best-destination-in-latin-america\/"]}]},{"@type":"ImageObject","inLanguage":"en-US","@id":"https:\/\/espanolconmaria.com\/en\/discover-the-best-destination-in-latin-america\/#primaryimage","url":"https:\/\/espanolconmaria.com\/wp-content\/uploads\/2024\/12\/Where-should-1.jpg","contentUrl":"https:\/\/espanolconmaria.com\/wp-content\/uploads\/2024\/12\/Where-should-1.jpg","width":1920,"height":1080,"caption":"discover travel destination in latin america"},{"@type":"BreadcrumbList","@id":"https:\/\/espanolconmaria.com\/en\/discover-the-best-destination-in-latin-america\/#breadcrumb","itemListElement":[{"@type":"ListItem","position":1,"name":"Portada","item":"https:\/\/espanolconmaria.com\/en\/"},{"@type":"ListItem","position":2,"name":"Discover the best destination in Latin America"}]},{"@type":"WebSite","@id":"https:\/\/espanolconmaria.com\/#website","url":"https:\/\/espanolconmaria.com\/","name":"Espa\u00f1ol con Mar\u00eda","description":"La forma tropical de aprender espa\u00f1ol","publisher":{"@id":"https:\/\/espanolconmaria.com\/#organization"},"potentialAction":[{"@type":"SearchAction","target":{"@type":"EntryPoint","urlTemplate":"https:\/\/espanolconmaria.com\/?s={search_term_string}"},"query-input":{"@type":"PropertyValueSpecification","valueRequired":true,"valueName":"search_term_string"}}],"inLanguage":"en-US"},{"@type":"Organization","@id":"https:\/\/espanolconmaria.com\/#organization","name":"Espa\u00f1ol con Mar\u00eda","url":"https:\/\/espanolconmaria.com\/","logo":{"@type":"ImageObject","inLanguage":"en-US","@id":"https:\/\/espanolconmaria.com\/#\/schema\/logo\/image\/","url":"https:\/\/espanolconmaria.com\/wp-content\/uploads\/2022\/11\/elementos-grma\u0301ticos-cambio-de-logo-espan\u0303ol-con-maria-07.png","contentUrl":"https:\/\/espanolconmaria.com\/wp-content\/uploads\/2022\/11\/elementos-grma\u0301ticos-cambio-de-logo-espan\u0303ol-con-maria-07.png","width":1254,"height":398,"caption":"Espa\u00f1ol con Mar\u00eda"},"image":{"@id":"https:\/\/espanolconmaria.com\/#\/schema\/logo\/image\/"},"sameAs":["https:\/\/www.facebook.com\/AprenderEspanolConMaria\/","https:\/\/x.com\/espanolconmaria","https:\/\/www.instagram.com\/espanolconmaria\/","https:\/\/www.tiktok.com\/@espanolconmaria"]}]}},"_hostinger_reach_plugin_has_subscription_block":false,"_hostinger_reach_plugin_is_elementor":false,"_links":{"self":[{"href":"https:\/\/espanolconmaria.com\/en\/wp-json\/wp\/v2\/pages\/26703","targetHints":{"allow":["GET"]}}],"collection":[{"href":"https:\/\/espanolconmaria.com\/en\/wp-json\/wp\/v2\/pages"}],"about":[{"href":"https:\/\/espanolconmaria.com\/en\/wp-json\/wp\/v2\/types\/page"}],"author":[{"embeddable":true,"href":"https:\/\/espanolconmaria.com\/en\/wp-json\/wp\/v2\/users\/1"}],"replies":[{"embeddable":true,"href":"https:\/\/espanolconmaria.com\/en\/wp-json\/wp\/v2\/comments?post=26703"}],"version-history":[{"count":4,"href":"https:\/\/espanolconmaria.com\/en\/wp-json\/wp\/v2\/pages\/26703\/revisions"}],"predecessor-version":[{"id":26711,"href":"https:\/\/espanolconmaria.com\/en\/wp-json\/wp\/v2\/pages\/26703\/revisions\/26711"}],"wp:featuredmedia":[{"embeddable":true,"href":"https:\/\/espanolconmaria.com\/en\/wp-json\/wp\/v2\/media\/26704"}],"wp:attachment":[{"href":"https:\/\/espanolconmaria.com\/en\/wp-json\/wp\/v2\/media?parent=26703"}],"curies":[{"name":"wp","href":"https:\/\/api.w.org\/{rel}","templated":true}]}}