{"id":22832,"date":"2023-04-25T21:20:06","date_gmt":"2023-04-26T02:20:06","guid":{"rendered":"https:\/\/espanolconmaria.com\/?post_type=product&#038;p=22832"},"modified":"2023-04-25T21:20:52","modified_gmt":"2023-04-26T02:20:52","slug":"gramatica-para-hablar-mejor-espanol","status":"publish","type":"product","link":"https:\/\/espanolconmaria.com\/en\/producto\/gramatica-para-hablar-mejor-espanol\/","title":{"rendered":"Gram\u00e1tica para hablar mejor espa\u00f1ol"},"content":{"rendered":"<p>Muchas personas pierden fluidez porque no tienen suficiente conocimiento de la gram\u00e1tica en espa\u00f1ol. En este curso te explico la gram\u00e1tica espa\u00f1ola desde lo m\u00e1s sencillo hasta lo m\u00e1s complejo. Puedes iniciar el curso cuando quieras, tiene ejercicios autocalificables y 180 minutos de conversaci\u00f3n.<\/p>\n<p>\u00bfTe falta confianza para hablar espa\u00f1ol? Este curso de gram\u00e1tica aplicada te ayuda a entender las reglas del idioma para que as\u00ed, te preocupes m\u00e1s por el mensaje que quieres decir que por los errores que cometes.<\/p>\n<ol>\n<li style=\"font-weight: 400;\" aria-level=\"1\"><span style=\"font-weight: 400;\">Sustantivos<\/span><\/li>\n<li style=\"font-weight: 400;\" aria-level=\"1\"><span style=\"font-weight: 400;\">Art\u00edculos<\/span><\/li>\n<li style=\"font-weight: 400;\" aria-level=\"1\"><span style=\"font-weight: 400;\">Adjetivos<\/span><\/li>\n<li style=\"font-weight: 400;\" aria-level=\"1\"><span style=\"font-weight: 400;\">Verbos<\/span><\/li>\n<li style=\"font-weight: 400;\" aria-level=\"1\"><span style=\"font-weight: 400;\">Pronombres<\/span><\/li>\n<li style=\"font-weight: 400;\" aria-level=\"1\"><span style=\"font-weight: 400;\">Adverbios<\/span><\/li>\n<li style=\"font-weight: 400;\" aria-level=\"1\"><span style=\"font-weight: 400;\">Preposiciones<\/span><\/li>\n<li style=\"font-weight: 400;\" aria-level=\"1\"><span style=\"font-weight: 400;\">Conjunciones<\/span><\/li>\n<li style=\"font-weight: 400;\" aria-level=\"1\"><span style=\"font-weight: 400;\">Interjecciones<\/span><\/li>\n<\/ol>\n","protected":false},"excerpt":{"rendered":"<p>Muchas personas pierden fluidez porque no tienen suficiente conocimiento de la gram\u00e1tica en espa\u00f1ol. En este curso te explico la gram\u00e1tica espa\u00f1ola desde lo m\u00e1s sencillo hasta lo m\u00e1s complejo. Puedes iniciar el curso cuando quieras, tiene ejercicios autocalificables y &hellip; <\/p>\n","protected":false},"featured_media":0,"comment_status":"open","ping_status":"closed","template":"","meta":{"pmpro_default_level":""},"product_brand":[],"product_cat":[321],"product_tag":[],"class_list":{"0":"post-22832","1":"product","2":"type-product","3":"status-publish","5":"product_cat-uncategorized-en","6":"pmpro-has-access","8":"first","9":"instock","10":"virtual","11":"purchasable","12":"product-type-simple"},"yoast_head":"<!-- This site is optimized with the Yoast SEO plugin v27.3 - https:\/\/yoast.com\/product\/yoast-seo-wordpress\/ -->\n<title>Gram\u00e1tica para hablar mejor espa\u00f1ol - Espa\u00f1ol con Mar\u00eda<\/title>\n<meta name=\"robots\" content=\"index, follow, max-snippet:-1, max-image-preview:large, max-video-preview:-1\" \/>\n<link rel=\"canonical\" href=\"https:\/\/espanolconmaria.com\/en\/producto\/gramatica-para-hablar-mejor-espanol\/\" \/>\n<meta property=\"og:locale\" content=\"en_US\" \/>\n<meta property=\"og:type\" content=\"article\" \/>\n<meta property=\"og:title\" content=\"Gram\u00e1tica para hablar mejor espa\u00f1ol - Espa\u00f1ol con Mar\u00eda\" \/>\n<meta property=\"og:description\" content=\"Muchas personas pierden fluidez porque no tienen suficiente conocimiento de la gram\u00e1tica en espa\u00f1ol. En este curso te explico la gram\u00e1tica espa\u00f1ola desde lo m\u00e1s sencillo hasta lo m\u00e1s complejo. Puedes iniciar el curso cuando quieras, tiene ejercicios autocalificables y &hellip;\" \/>\n<meta property=\"og:url\" content=\"https:\/\/espanolconmaria.com\/en\/producto\/gramatica-para-hablar-mejor-espanol\/\" \/>\n<meta property=\"og:site_name\" content=\"Espa\u00f1ol con Mar\u00eda\" \/>\n<meta property=\"article:publisher\" content=\"https:\/\/www.facebook.com\/AprenderEspanolConMaria\/\" \/>\n<meta property=\"article:modified_time\" content=\"2023-04-26T02:20:52+00:00\" \/>\n<meta name=\"twitter:card\" content=\"summary_large_image\" \/>\n<meta name=\"twitter:site\" content=\"@espanolconmaria\" \/>\n<meta name=\"twitter:label1\" content=\"Est. reading time\" \/>\n\t<meta name=\"twitter:data1\" content=\"1 minute\" \/>\n<script type=\"application\/ld+json\" class=\"yoast-schema-graph\">{\"@context\":\"https:\\\/\\\/schema.org\",\"@graph\":[{\"@type\":\"WebPage\",\"@id\":\"https:\\\/\\\/espanolconmaria.com\\\/en\\\/producto\\\/gramatica-para-hablar-mejor-espanol\\\/\",\"url\":\"https:\\\/\\\/espanolconmaria.com\\\/en\\\/producto\\\/gramatica-para-hablar-mejor-espanol\\\/\",\"name\":\"Gram\u00e1tica para hablar mejor espa\u00f1ol - Espa\u00f1ol con Mar\u00eda\",\"isPartOf\":{\"@id\":\"https:\\\/\\\/espanolconmaria.com\\\/#website\"},\"datePublished\":\"2023-04-26T02:20:06+00:00\",\"dateModified\":\"2023-04-26T02:20:52+00:00\",\"breadcrumb\":{\"@id\":\"https:\\\/\\\/espanolconmaria.com\\\/en\\\/producto\\\/gramatica-para-hablar-mejor-espanol\\\/#breadcrumb\"},\"inLanguage\":\"en-US\",\"potentialAction\":[{\"@type\":\"ReadAction\",\"target\":[\"https:\\\/\\\/espanolconmaria.com\\\/en\\\/producto\\\/gramatica-para-hablar-mejor-espanol\\\/\"]}]},{\"@type\":\"BreadcrumbList\",\"@id\":\"https:\\\/\\\/espanolconmaria.com\\\/en\\\/producto\\\/gramatica-para-hablar-mejor-espanol\\\/#breadcrumb\",\"itemListElement\":[{\"@type\":\"ListItem\",\"position\":1,\"name\":\"Portada\",\"item\":\"https:\\\/\\\/espanolconmaria.com\\\/en\\\/\"},{\"@type\":\"ListItem\",\"position\":2,\"name\":\"Shop\",\"item\":\"https:\\\/\\\/espanolconmaria.com\\\/en\\\/shop\\\/\"},{\"@type\":\"ListItem\",\"position\":3,\"name\":\"Gram\u00e1tica para hablar mejor espa\u00f1ol\"}]},{\"@type\":\"WebSite\",\"@id\":\"https:\\\/\\\/espanolconmaria.com\\\/#website\",\"url\":\"https:\\\/\\\/espanolconmaria.com\\\/\",\"name\":\"Espa\u00f1ol con Mar\u00eda\",\"description\":\"La forma tropical de aprender espa\u00f1ol\",\"publisher\":{\"@id\":\"https:\\\/\\\/espanolconmaria.com\\\/#organization\"},\"potentialAction\":[{\"@type\":\"SearchAction\",\"target\":{\"@type\":\"EntryPoint\",\"urlTemplate\":\"https:\\\/\\\/espanolconmaria.com\\\/?s={search_term_string}\"},\"query-input\":{\"@type\":\"PropertyValueSpecification\",\"valueRequired\":true,\"valueName\":\"search_term_string\"}}],\"inLanguage\":\"en-US\"},{\"@type\":\"Organization\",\"@id\":\"https:\\\/\\\/espanolconmaria.com\\\/#organization\",\"name\":\"Espa\u00f1ol con Mar\u00eda\",\"url\":\"https:\\\/\\\/espanolconmaria.com\\\/\",\"logo\":{\"@type\":\"ImageObject\",\"inLanguage\":\"en-US\",\"@id\":\"https:\\\/\\\/espanolconmaria.com\\\/#\\\/schema\\\/logo\\\/image\\\/\",\"url\":\"https:\\\/\\\/espanolconmaria.com\\\/wp-content\\\/uploads\\\/2022\\\/11\\\/elementos-grma\u0301ticos-cambio-de-logo-espan\u0303ol-con-maria-07.png\",\"contentUrl\":\"https:\\\/\\\/espanolconmaria.com\\\/wp-content\\\/uploads\\\/2022\\\/11\\\/elementos-grma\u0301ticos-cambio-de-logo-espan\u0303ol-con-maria-07.png\",\"width\":1254,\"height\":398,\"caption\":\"Espa\u00f1ol con Mar\u00eda\"},\"image\":{\"@id\":\"https:\\\/\\\/espanolconmaria.com\\\/#\\\/schema\\\/logo\\\/image\\\/\"},\"sameAs\":[\"https:\\\/\\\/www.facebook.com\\\/AprenderEspanolConMaria\\\/\",\"https:\\\/\\\/x.com\\\/espanolconmaria\",\"https:\\\/\\\/www.instagram.com\\\/espanolconmaria\\\/\",\"https:\\\/\\\/www.tiktok.com\\\/@espanolconmaria\"]}]}<\/script>\n<!-- \/ Yoast SEO plugin. -->","yoast_head_json":{"title":"Gram\u00e1tica para hablar mejor espa\u00f1ol - Espa\u00f1ol con Mar\u00eda","robots":{"index":"index","follow":"follow","max-snippet":"max-snippet:-1","max-image-preview":"max-image-preview:large","max-video-preview":"max-video-preview:-1"},"canonical":"https:\/\/espanolconmaria.com\/en\/producto\/gramatica-para-hablar-mejor-espanol\/","og_locale":"en_US","og_type":"article","og_title":"Gram\u00e1tica para hablar mejor espa\u00f1ol - Espa\u00f1ol con Mar\u00eda","og_description":"Muchas personas pierden fluidez porque no tienen suficiente conocimiento de la gram\u00e1tica en espa\u00f1ol. En este curso te explico la gram\u00e1tica espa\u00f1ola desde lo m\u00e1s sencillo hasta lo m\u00e1s complejo. Puedes iniciar el curso cuando quieras, tiene ejercicios autocalificables y &hellip;","og_url":"https:\/\/espanolconmaria.com\/en\/producto\/gramatica-para-hablar-mejor-espanol\/","og_site_name":"Espa\u00f1ol con Mar\u00eda","article_publisher":"https:\/\/www.facebook.com\/AprenderEspanolConMaria\/","article_modified_time":"2023-04-26T02:20:52+00:00","twitter_card":"summary_large_image","twitter_site":"@espanolconmaria","twitter_misc":{"Est. reading time":"1 minute"},"schema":{"@context":"https:\/\/schema.org","@graph":[{"@type":"WebPage","@id":"https:\/\/espanolconmaria.com\/en\/producto\/gramatica-para-hablar-mejor-espanol\/","url":"https:\/\/espanolconmaria.com\/en\/producto\/gramatica-para-hablar-mejor-espanol\/","name":"Gram\u00e1tica para hablar mejor espa\u00f1ol - Espa\u00f1ol con Mar\u00eda","isPartOf":{"@id":"https:\/\/espanolconmaria.com\/#website"},"datePublished":"2023-04-26T02:20:06+00:00","dateModified":"2023-04-26T02:20:52+00:00","breadcrumb":{"@id":"https:\/\/espanolconmaria.com\/en\/producto\/gramatica-para-hablar-mejor-espanol\/#breadcrumb"},"inLanguage":"en-US","potentialAction":[{"@type":"ReadAction","target":["https:\/\/espanolconmaria.com\/en\/producto\/gramatica-para-hablar-mejor-espanol\/"]}]},{"@type":"BreadcrumbList","@id":"https:\/\/espanolconmaria.com\/en\/producto\/gramatica-para-hablar-mejor-espanol\/#breadcrumb","itemListElement":[{"@type":"ListItem","position":1,"name":"Portada","item":"https:\/\/espanolconmaria.com\/en\/"},{"@type":"ListItem","position":2,"name":"Shop","item":"https:\/\/espanolconmaria.com\/en\/shop\/"},{"@type":"ListItem","position":3,"name":"Gram\u00e1tica para hablar mejor espa\u00f1ol"}]},{"@type":"WebSite","@id":"https:\/\/espanolconmaria.com\/#website","url":"https:\/\/espanolconmaria.com\/","name":"Espa\u00f1ol con Mar\u00eda","description":"La forma tropical de aprender espa\u00f1ol","publisher":{"@id":"https:\/\/espanolconmaria.com\/#organization"},"potentialAction":[{"@type":"SearchAction","target":{"@type":"EntryPoint","urlTemplate":"https:\/\/espanolconmaria.com\/?s={search_term_string}"},"query-input":{"@type":"PropertyValueSpecification","valueRequired":true,"valueName":"search_term_string"}}],"inLanguage":"en-US"},{"@type":"Organization","@id":"https:\/\/espanolconmaria.com\/#organization","name":"Espa\u00f1ol con Mar\u00eda","url":"https:\/\/espanolconmaria.com\/","logo":{"@type":"ImageObject","inLanguage":"en-US","@id":"https:\/\/espanolconmaria.com\/#\/schema\/logo\/image\/","url":"https:\/\/espanolconmaria.com\/wp-content\/uploads\/2022\/11\/elementos-grma\u0301ticos-cambio-de-logo-espan\u0303ol-con-maria-07.png","contentUrl":"https:\/\/espanolconmaria.com\/wp-content\/uploads\/2022\/11\/elementos-grma\u0301ticos-cambio-de-logo-espan\u0303ol-con-maria-07.png","width":1254,"height":398,"caption":"Espa\u00f1ol con Mar\u00eda"},"image":{"@id":"https:\/\/espanolconmaria.com\/#\/schema\/logo\/image\/"},"sameAs":["https:\/\/www.facebook.com\/AprenderEspanolConMaria\/","https:\/\/x.com\/espanolconmaria","https:\/\/www.instagram.com\/espanolconmaria\/","https:\/\/www.tiktok.com\/@espanolconmaria"]}]}},"_links":{"self":[{"href":"https:\/\/espanolconmaria.com\/en\/wp-json\/wp\/v2\/product\/22832","targetHints":{"allow":["GET"]}}],"collection":[{"href":"https:\/\/espanolconmaria.com\/en\/wp-json\/wp\/v2\/product"}],"about":[{"href":"https:\/\/espanolconmaria.com\/en\/wp-json\/wp\/v2\/types\/product"}],"replies":[{"embeddable":true,"href":"https:\/\/espanolconmaria.com\/en\/wp-json\/wp\/v2\/comments?post=22832"}],"wp:attachment":[{"href":"https:\/\/espanolconmaria.com\/en\/wp-json\/wp\/v2\/media?parent=22832"}],"wp:term":[{"taxonomy":"product_brand","embeddable":true,"href":"https:\/\/espanolconmaria.com\/en\/wp-json\/wp\/v2\/product_brand?post=22832"},{"taxonomy":"product_cat","embeddable":true,"href":"https:\/\/espanolconmaria.com\/en\/wp-json\/wp\/v2\/product_cat?post=22832"},{"taxonomy":"product_tag","embeddable":true,"href":"https:\/\/espanolconmaria.com\/en\/wp-json\/wp\/v2\/product_tag?post=22832"}],"curies":[{"name":"wp","href":"https:\/\/api.w.org\/{rel}","templated":true}]}}