{"id":22833,"date":"2023-04-25T21:21:27","date_gmt":"2023-04-26T02:21:27","guid":{"rendered":"https:\/\/espanolconmaria.com\/?post_type=product&#038;p=22833"},"modified":"2023-10-11T17:18:44","modified_gmt":"2023-10-11T22:18:44","slug":"curso-de-conjugacion-de-verbos-en-espanol","status":"publish","type":"product","link":"https:\/\/espanolconmaria.com\/en\/producto\/curso-de-conjugacion-de-verbos-en-espanol\/","title":{"rendered":"Curso de conjugaci\u00f3n de verbos en espa\u00f1ol"},"content":{"rendered":"<p>Mi\u00a0curso de conjugaci\u00f3n de verbos en espa\u00f1ol est\u00e1 dise\u00f1ado para ayudarte a conjugar con naturalidad todos los verbos en espa\u00f1ol. Tenemos una metodolog\u00eda basada en el enfoque comunicativo, as\u00ed que adem\u00e1s de conocer las reglas tradicionales para formar los verbos, tambi\u00e9n entiendes los contextos reales en los que elegimos cada tiempo y modo verbal.<\/p>\n<p>Este curso tiene lecciones en video, ebooks y ejercicios dise\u00f1ados para aprender a conjugar y a elegir el tiempo correcto para las situaciones.<\/p>\n<p>El curso est\u00e1 dise\u00f1ado para que lo hagas en 10 semanas, pero t\u00fa defines el ritmo. Puedes comprarlo hoy, y tomarte el tiempo que quieras para hacerlo, pues tienes acceso ilimitado.<br \/>\nAdem\u00e1s de las lecciones interactivas y ejercicios pr\u00e1cticos, tambi\u00e9n recibes una copia de mi ebook LOS VERBOS INTELIGENTES y una copia del cuaderno DE VERBOS IRREGULARES en espa\u00f1ol.<\/p>\n<p>Las lecciones son en espa\u00f1ol, estudiamos cada tiempo y modo verbal de forma te\u00f3rico pr\u00e1ctica, todo en contexto para que lo uses y mejores tu fluidez en espa\u00f1ol.<\/p>\n<p>\u00bfQu\u00e9 estudiaremos en el curso de conjugaci\u00f3n?<\/p>\n<ul>\n<li>Estudiamos cada uno de los tiempos y modos verbales en espa\u00f1ol, tanto en la formaci\u00f3n y en el uso.<\/li>\n<li>Estructuras comunes, como las de cortes\u00eda, que requieren ciertos tiempos y modos.<\/li>\n<li>Hacemos ejercicios de pr\u00e1ctica.<\/li>\n<\/ul>\n","protected":false},"excerpt":{"rendered":"<p>Mi\u00a0curso de conjugaci\u00f3n de verbos en espa\u00f1ol est\u00e1 dise\u00f1ado para ayudarte a conjugar con naturalidad todos los verbos en espa\u00f1ol. Tenemos una metodolog\u00eda basada en el enfoque comunicativo, as\u00ed que adem\u00e1s de conocer las reglas tradicionales para formar los verbos, &hellip; <\/p>\n","protected":false},"featured_media":0,"comment_status":"open","ping_status":"closed","template":"","meta":{"pmpro_default_level":""},"product_brand":[],"product_cat":[15],"product_tag":[],"class_list":{"0":"post-22833","1":"product","2":"type-product","3":"status-publish","5":"product_cat-sin-categorizar","6":"pmpro-has-access","8":"first","9":"instock","10":"virtual","11":"purchasable","12":"product-type-simple"},"yoast_head":"<!-- This site is optimized with the Yoast SEO plugin v27.3 - https:\/\/yoast.com\/product\/yoast-seo-wordpress\/ -->\n<title>Curso de conjugaci\u00f3n de verbos en espa\u00f1ol - Espa\u00f1ol con Mar\u00eda<\/title>\n<meta name=\"description\" content=\"\u00bfConjugar te parece dif\u00edcil? Este curso de conjugaci\u00f3n te ayuda a dominar todos los tiempos verbales, personas y modos, para que conjugar sea f\u00e1cil.\" \/>\n<meta name=\"robots\" content=\"index, follow, max-snippet:-1, max-image-preview:large, max-video-preview:-1\" \/>\n<link rel=\"canonical\" href=\"https:\/\/espanolconmaria.com\/producto\/curso-de-conjugacion-de-verbos-en-espanol\/\" \/>\n<meta property=\"og:locale\" content=\"en_US\" \/>\n<meta property=\"og:type\" content=\"article\" \/>\n<meta property=\"og:title\" content=\"Curso de conjugaci\u00f3n de verbos en espa\u00f1ol - Espa\u00f1ol con Mar\u00eda\" \/>\n<meta property=\"og:description\" content=\"\u00bfConjugar te parece dif\u00edcil? Este curso de conjugaci\u00f3n te ayuda a dominar todos los tiempos verbales, personas y modos, para que conjugar sea f\u00e1cil.\" \/>\n<meta property=\"og:url\" content=\"https:\/\/espanolconmaria.com\/producto\/curso-de-conjugacion-de-verbos-en-espanol\/\" \/>\n<meta property=\"og:site_name\" content=\"Espa\u00f1ol con Mar\u00eda\" \/>\n<meta property=\"article:publisher\" content=\"https:\/\/www.facebook.com\/AprenderEspanolConMaria\/\" \/>\n<meta property=\"article:modified_time\" content=\"2023-10-11T22:18:44+00:00\" \/>\n<meta name=\"twitter:card\" content=\"summary_large_image\" \/>\n<meta name=\"twitter:site\" content=\"@espanolconmaria\" \/>\n<meta name=\"twitter:label1\" content=\"Est. reading time\" \/>\n\t<meta name=\"twitter:data1\" content=\"1 minute\" \/>\n<script type=\"application\/ld+json\" class=\"yoast-schema-graph\">{\"@context\":\"https:\\\/\\\/schema.org\",\"@graph\":[{\"@type\":\"WebPage\",\"@id\":\"https:\\\/\\\/espanolconmaria.com\\\/producto\\\/curso-de-conjugacion-de-verbos-en-espanol\\\/\",\"url\":\"https:\\\/\\\/espanolconmaria.com\\\/producto\\\/curso-de-conjugacion-de-verbos-en-espanol\\\/\",\"name\":\"Curso de conjugaci\u00f3n de verbos en espa\u00f1ol - Espa\u00f1ol con Mar\u00eda\",\"isPartOf\":{\"@id\":\"https:\\\/\\\/espanolconmaria.com\\\/#website\"},\"datePublished\":\"2023-04-26T02:21:27+00:00\",\"dateModified\":\"2023-10-11T22:18:44+00:00\",\"description\":\"\u00bfConjugar te parece dif\u00edcil? Este curso de conjugaci\u00f3n te ayuda a dominar todos los tiempos verbales, personas y modos, para que conjugar sea f\u00e1cil.\",\"breadcrumb\":{\"@id\":\"https:\\\/\\\/espanolconmaria.com\\\/producto\\\/curso-de-conjugacion-de-verbos-en-espanol\\\/#breadcrumb\"},\"inLanguage\":\"en-US\",\"potentialAction\":[{\"@type\":\"ReadAction\",\"target\":[\"https:\\\/\\\/espanolconmaria.com\\\/producto\\\/curso-de-conjugacion-de-verbos-en-espanol\\\/\"]}]},{\"@type\":\"BreadcrumbList\",\"@id\":\"https:\\\/\\\/espanolconmaria.com\\\/producto\\\/curso-de-conjugacion-de-verbos-en-espanol\\\/#breadcrumb\",\"itemListElement\":[{\"@type\":\"ListItem\",\"position\":1,\"name\":\"Portada\",\"item\":\"https:\\\/\\\/espanolconmaria.com\\\/en\\\/\"},{\"@type\":\"ListItem\",\"position\":2,\"name\":\"Shop\",\"item\":\"https:\\\/\\\/espanolconmaria.com\\\/en\\\/shop\\\/\"},{\"@type\":\"ListItem\",\"position\":3,\"name\":\"Curso de conjugaci\u00f3n de verbos en espa\u00f1ol\"}]},{\"@type\":\"WebSite\",\"@id\":\"https:\\\/\\\/espanolconmaria.com\\\/#website\",\"url\":\"https:\\\/\\\/espanolconmaria.com\\\/\",\"name\":\"Espa\u00f1ol con Mar\u00eda\",\"description\":\"La forma tropical de aprender espa\u00f1ol\",\"publisher\":{\"@id\":\"https:\\\/\\\/espanolconmaria.com\\\/#organization\"},\"potentialAction\":[{\"@type\":\"SearchAction\",\"target\":{\"@type\":\"EntryPoint\",\"urlTemplate\":\"https:\\\/\\\/espanolconmaria.com\\\/?s={search_term_string}\"},\"query-input\":{\"@type\":\"PropertyValueSpecification\",\"valueRequired\":true,\"valueName\":\"search_term_string\"}}],\"inLanguage\":\"en-US\"},{\"@type\":\"Organization\",\"@id\":\"https:\\\/\\\/espanolconmaria.com\\\/#organization\",\"name\":\"Espa\u00f1ol con Mar\u00eda\",\"url\":\"https:\\\/\\\/espanolconmaria.com\\\/\",\"logo\":{\"@type\":\"ImageObject\",\"inLanguage\":\"en-US\",\"@id\":\"https:\\\/\\\/espanolconmaria.com\\\/#\\\/schema\\\/logo\\\/image\\\/\",\"url\":\"https:\\\/\\\/espanolconmaria.com\\\/wp-content\\\/uploads\\\/2022\\\/11\\\/elementos-grma\u0301ticos-cambio-de-logo-espan\u0303ol-con-maria-07.png\",\"contentUrl\":\"https:\\\/\\\/espanolconmaria.com\\\/wp-content\\\/uploads\\\/2022\\\/11\\\/elementos-grma\u0301ticos-cambio-de-logo-espan\u0303ol-con-maria-07.png\",\"width\":1254,\"height\":398,\"caption\":\"Espa\u00f1ol con Mar\u00eda\"},\"image\":{\"@id\":\"https:\\\/\\\/espanolconmaria.com\\\/#\\\/schema\\\/logo\\\/image\\\/\"},\"sameAs\":[\"https:\\\/\\\/www.facebook.com\\\/AprenderEspanolConMaria\\\/\",\"https:\\\/\\\/x.com\\\/espanolconmaria\",\"https:\\\/\\\/www.instagram.com\\\/espanolconmaria\\\/\",\"https:\\\/\\\/www.tiktok.com\\\/@espanolconmaria\"]}]}<\/script>\n<!-- \/ Yoast SEO plugin. -->","yoast_head_json":{"title":"Curso de conjugaci\u00f3n de verbos en espa\u00f1ol - Espa\u00f1ol con Mar\u00eda","description":"\u00bfConjugar te parece dif\u00edcil? Este curso de conjugaci\u00f3n te ayuda a dominar todos los tiempos verbales, personas y modos, para que conjugar sea f\u00e1cil.","robots":{"index":"index","follow":"follow","max-snippet":"max-snippet:-1","max-image-preview":"max-image-preview:large","max-video-preview":"max-video-preview:-1"},"canonical":"https:\/\/espanolconmaria.com\/producto\/curso-de-conjugacion-de-verbos-en-espanol\/","og_locale":"en_US","og_type":"article","og_title":"Curso de conjugaci\u00f3n de verbos en espa\u00f1ol - Espa\u00f1ol con Mar\u00eda","og_description":"\u00bfConjugar te parece dif\u00edcil? Este curso de conjugaci\u00f3n te ayuda a dominar todos los tiempos verbales, personas y modos, para que conjugar sea f\u00e1cil.","og_url":"https:\/\/espanolconmaria.com\/producto\/curso-de-conjugacion-de-verbos-en-espanol\/","og_site_name":"Espa\u00f1ol con Mar\u00eda","article_publisher":"https:\/\/www.facebook.com\/AprenderEspanolConMaria\/","article_modified_time":"2023-10-11T22:18:44+00:00","twitter_card":"summary_large_image","twitter_site":"@espanolconmaria","twitter_misc":{"Est. reading time":"1 minute"},"schema":{"@context":"https:\/\/schema.org","@graph":[{"@type":"WebPage","@id":"https:\/\/espanolconmaria.com\/producto\/curso-de-conjugacion-de-verbos-en-espanol\/","url":"https:\/\/espanolconmaria.com\/producto\/curso-de-conjugacion-de-verbos-en-espanol\/","name":"Curso de conjugaci\u00f3n de verbos en espa\u00f1ol - Espa\u00f1ol con Mar\u00eda","isPartOf":{"@id":"https:\/\/espanolconmaria.com\/#website"},"datePublished":"2023-04-26T02:21:27+00:00","dateModified":"2023-10-11T22:18:44+00:00","description":"\u00bfConjugar te parece dif\u00edcil? Este curso de conjugaci\u00f3n te ayuda a dominar todos los tiempos verbales, personas y modos, para que conjugar sea f\u00e1cil.","breadcrumb":{"@id":"https:\/\/espanolconmaria.com\/producto\/curso-de-conjugacion-de-verbos-en-espanol\/#breadcrumb"},"inLanguage":"en-US","potentialAction":[{"@type":"ReadAction","target":["https:\/\/espanolconmaria.com\/producto\/curso-de-conjugacion-de-verbos-en-espanol\/"]}]},{"@type":"BreadcrumbList","@id":"https:\/\/espanolconmaria.com\/producto\/curso-de-conjugacion-de-verbos-en-espanol\/#breadcrumb","itemListElement":[{"@type":"ListItem","position":1,"name":"Portada","item":"https:\/\/espanolconmaria.com\/en\/"},{"@type":"ListItem","position":2,"name":"Shop","item":"https:\/\/espanolconmaria.com\/en\/shop\/"},{"@type":"ListItem","position":3,"name":"Curso de conjugaci\u00f3n de verbos en espa\u00f1ol"}]},{"@type":"WebSite","@id":"https:\/\/espanolconmaria.com\/#website","url":"https:\/\/espanolconmaria.com\/","name":"Espa\u00f1ol con Mar\u00eda","description":"La forma tropical de aprender espa\u00f1ol","publisher":{"@id":"https:\/\/espanolconmaria.com\/#organization"},"potentialAction":[{"@type":"SearchAction","target":{"@type":"EntryPoint","urlTemplate":"https:\/\/espanolconmaria.com\/?s={search_term_string}"},"query-input":{"@type":"PropertyValueSpecification","valueRequired":true,"valueName":"search_term_string"}}],"inLanguage":"en-US"},{"@type":"Organization","@id":"https:\/\/espanolconmaria.com\/#organization","name":"Espa\u00f1ol con Mar\u00eda","url":"https:\/\/espanolconmaria.com\/","logo":{"@type":"ImageObject","inLanguage":"en-US","@id":"https:\/\/espanolconmaria.com\/#\/schema\/logo\/image\/","url":"https:\/\/espanolconmaria.com\/wp-content\/uploads\/2022\/11\/elementos-grma\u0301ticos-cambio-de-logo-espan\u0303ol-con-maria-07.png","contentUrl":"https:\/\/espanolconmaria.com\/wp-content\/uploads\/2022\/11\/elementos-grma\u0301ticos-cambio-de-logo-espan\u0303ol-con-maria-07.png","width":1254,"height":398,"caption":"Espa\u00f1ol con Mar\u00eda"},"image":{"@id":"https:\/\/espanolconmaria.com\/#\/schema\/logo\/image\/"},"sameAs":["https:\/\/www.facebook.com\/AprenderEspanolConMaria\/","https:\/\/x.com\/espanolconmaria","https:\/\/www.instagram.com\/espanolconmaria\/","https:\/\/www.tiktok.com\/@espanolconmaria"]}]}},"_links":{"self":[{"href":"https:\/\/espanolconmaria.com\/en\/wp-json\/wp\/v2\/product\/22833","targetHints":{"allow":["GET"]}}],"collection":[{"href":"https:\/\/espanolconmaria.com\/en\/wp-json\/wp\/v2\/product"}],"about":[{"href":"https:\/\/espanolconmaria.com\/en\/wp-json\/wp\/v2\/types\/product"}],"replies":[{"embeddable":true,"href":"https:\/\/espanolconmaria.com\/en\/wp-json\/wp\/v2\/comments?post=22833"}],"wp:attachment":[{"href":"https:\/\/espanolconmaria.com\/en\/wp-json\/wp\/v2\/media?parent=22833"}],"wp:term":[{"taxonomy":"product_brand","embeddable":true,"href":"https:\/\/espanolconmaria.com\/en\/wp-json\/wp\/v2\/product_brand?post=22833"},{"taxonomy":"product_cat","embeddable":true,"href":"https:\/\/espanolconmaria.com\/en\/wp-json\/wp\/v2\/product_cat?post=22833"},{"taxonomy":"product_tag","embeddable":true,"href":"https:\/\/espanolconmaria.com\/en\/wp-json\/wp\/v2\/product_tag?post=22833"}],"curies":[{"name":"wp","href":"https:\/\/api.w.org\/{rel}","templated":true}]}}