{"id":22834,"date":"2023-04-25T21:22:54","date_gmt":"2023-04-26T02:22:54","guid":{"rendered":"https:\/\/espanolconmaria.com\/?post_type=product&#038;p=22834"},"modified":"2023-04-25T21:23:22","modified_gmt":"2023-04-26T02:23:22","slug":"survival-spanish-course","status":"publish","type":"product","link":"https:\/\/espanolconmaria.com\/en\/producto\/survival-spanish-course\/","title":{"rendered":"Survival Spanish Course"},"content":{"rendered":"<p><span style=\"font-weight: 400;\">Do you need to learn survival Spanish in a very short time? Well, learning a language is marathon, but here we&#8217;ll have a sprint so you can quickly get into the language and learn against the clock the most basic things you need whether it&#8217;s for a trip, to impress friends or just to start mastering the language. This is a 3 weeks online program that mixes videos, audios, exams, images and live lessons so you can take most of the useful vocabulary in short time.<\/span><\/p>\n<p><span style=\"font-weight: 400;\">What will you learn during this training:<\/span><\/p>\n<p><span style=\"font-weight: 400;\">\u2705 Basic courtesy: greetings and farewells in Spanish<\/span><\/p>\n<p><span style=\"font-weight: 400;\">\u2705 Small talk basics: How to introduce yourself, talk abour your age, your nationality.<\/span><\/p>\n<p><span style=\"font-weight: 400;\">\u2705 Usefull vocabulary for common situations: visiting a store, talking to a taxi driver a migration officer, asking for (and understanding)\u00a0 directions and more.<\/span><\/p>\n<p><span style=\"font-weight: 400;\">How lessons are presented:<\/span><\/p>\n<p><span style=\"font-weight: 400;\">We record didactic video lessons presented in Spanglish. We start talking in English and after every lesson, we add more vocabulary in Spanish. Lessons have visual resources to help you better understand and roleplays to learn the vocabulary in context.\u00a0<\/span><\/p>\n<p>&nbsp;<\/p>\n","protected":false},"excerpt":{"rendered":"<p>Do you need to learn survival Spanish in a very short time? Well, learning a language is marathon, but here we&#8217;ll have a sprint so you can quickly get into the language and learn against the clock the most basic &hellip; <\/p>\n","protected":false},"featured_media":0,"comment_status":"open","ping_status":"closed","template":"","meta":{"pmpro_default_level":""},"product_brand":[],"product_cat":[321],"product_tag":[],"class_list":{"0":"post-22834","1":"product","2":"type-product","3":"status-publish","5":"product_cat-uncategorized-en","6":"pmpro-has-access","8":"first","9":"instock","10":"virtual","11":"purchasable","12":"product-type-simple"},"yoast_head":"<!-- This site is optimized with the Yoast SEO plugin v27.3 - https:\/\/yoast.com\/product\/yoast-seo-wordpress\/ -->\n<title>Survival Spanish Course - Espa\u00f1ol con Mar\u00eda<\/title>\n<meta name=\"robots\" content=\"index, follow, max-snippet:-1, max-image-preview:large, max-video-preview:-1\" \/>\n<link rel=\"canonical\" href=\"https:\/\/espanolconmaria.com\/producto\/survival-spanish-course\/\" \/>\n<meta property=\"og:locale\" content=\"en_US\" \/>\n<meta property=\"og:type\" content=\"article\" \/>\n<meta property=\"og:title\" content=\"Survival Spanish Course - Espa\u00f1ol con Mar\u00eda\" \/>\n<meta property=\"og:description\" content=\"Do you need to learn survival Spanish in a very short time? Well, learning a language is marathon, but here we&#8217;ll have a sprint so you can quickly get into the language and learn against the clock the most basic &hellip;\" \/>\n<meta property=\"og:url\" content=\"https:\/\/espanolconmaria.com\/producto\/survival-spanish-course\/\" \/>\n<meta property=\"og:site_name\" content=\"Espa\u00f1ol con Mar\u00eda\" \/>\n<meta property=\"article:publisher\" content=\"https:\/\/www.facebook.com\/AprenderEspanolConMaria\/\" \/>\n<meta property=\"article:modified_time\" content=\"2023-04-26T02:23:22+00:00\" \/>\n<meta name=\"twitter:card\" content=\"summary_large_image\" \/>\n<meta name=\"twitter:site\" content=\"@espanolconmaria\" \/>\n<meta name=\"twitter:label1\" content=\"Est. reading time\" \/>\n\t<meta name=\"twitter:data1\" content=\"1 minute\" \/>\n<script type=\"application\/ld+json\" class=\"yoast-schema-graph\">{\"@context\":\"https:\\\/\\\/schema.org\",\"@graph\":[{\"@type\":\"WebPage\",\"@id\":\"https:\\\/\\\/espanolconmaria.com\\\/producto\\\/survival-spanish-course\\\/\",\"url\":\"https:\\\/\\\/espanolconmaria.com\\\/producto\\\/survival-spanish-course\\\/\",\"name\":\"Survival Spanish Course - Espa\u00f1ol con Mar\u00eda\",\"isPartOf\":{\"@id\":\"https:\\\/\\\/espanolconmaria.com\\\/#website\"},\"datePublished\":\"2023-04-26T02:22:54+00:00\",\"dateModified\":\"2023-04-26T02:23:22+00:00\",\"breadcrumb\":{\"@id\":\"https:\\\/\\\/espanolconmaria.com\\\/producto\\\/survival-spanish-course\\\/#breadcrumb\"},\"inLanguage\":\"en-US\",\"potentialAction\":[{\"@type\":\"ReadAction\",\"target\":[\"https:\\\/\\\/espanolconmaria.com\\\/producto\\\/survival-spanish-course\\\/\"]}]},{\"@type\":\"BreadcrumbList\",\"@id\":\"https:\\\/\\\/espanolconmaria.com\\\/producto\\\/survival-spanish-course\\\/#breadcrumb\",\"itemListElement\":[{\"@type\":\"ListItem\",\"position\":1,\"name\":\"Portada\",\"item\":\"https:\\\/\\\/espanolconmaria.com\\\/en\\\/\"},{\"@type\":\"ListItem\",\"position\":2,\"name\":\"Shop\",\"item\":\"https:\\\/\\\/espanolconmaria.com\\\/en\\\/shop\\\/\"},{\"@type\":\"ListItem\",\"position\":3,\"name\":\"Survival Spanish Course\"}]},{\"@type\":\"WebSite\",\"@id\":\"https:\\\/\\\/espanolconmaria.com\\\/#website\",\"url\":\"https:\\\/\\\/espanolconmaria.com\\\/\",\"name\":\"Espa\u00f1ol con Mar\u00eda\",\"description\":\"La forma tropical de aprender espa\u00f1ol\",\"publisher\":{\"@id\":\"https:\\\/\\\/espanolconmaria.com\\\/#organization\"},\"potentialAction\":[{\"@type\":\"SearchAction\",\"target\":{\"@type\":\"EntryPoint\",\"urlTemplate\":\"https:\\\/\\\/espanolconmaria.com\\\/?s={search_term_string}\"},\"query-input\":{\"@type\":\"PropertyValueSpecification\",\"valueRequired\":true,\"valueName\":\"search_term_string\"}}],\"inLanguage\":\"en-US\"},{\"@type\":\"Organization\",\"@id\":\"https:\\\/\\\/espanolconmaria.com\\\/#organization\",\"name\":\"Espa\u00f1ol con Mar\u00eda\",\"url\":\"https:\\\/\\\/espanolconmaria.com\\\/\",\"logo\":{\"@type\":\"ImageObject\",\"inLanguage\":\"en-US\",\"@id\":\"https:\\\/\\\/espanolconmaria.com\\\/#\\\/schema\\\/logo\\\/image\\\/\",\"url\":\"https:\\\/\\\/espanolconmaria.com\\\/wp-content\\\/uploads\\\/2022\\\/11\\\/elementos-grma\u0301ticos-cambio-de-logo-espan\u0303ol-con-maria-07.png\",\"contentUrl\":\"https:\\\/\\\/espanolconmaria.com\\\/wp-content\\\/uploads\\\/2022\\\/11\\\/elementos-grma\u0301ticos-cambio-de-logo-espan\u0303ol-con-maria-07.png\",\"width\":1254,\"height\":398,\"caption\":\"Espa\u00f1ol con Mar\u00eda\"},\"image\":{\"@id\":\"https:\\\/\\\/espanolconmaria.com\\\/#\\\/schema\\\/logo\\\/image\\\/\"},\"sameAs\":[\"https:\\\/\\\/www.facebook.com\\\/AprenderEspanolConMaria\\\/\",\"https:\\\/\\\/x.com\\\/espanolconmaria\",\"https:\\\/\\\/www.instagram.com\\\/espanolconmaria\\\/\",\"https:\\\/\\\/www.tiktok.com\\\/@espanolconmaria\"]}]}<\/script>\n<!-- \/ Yoast SEO plugin. -->","yoast_head_json":{"title":"Survival Spanish Course - Espa\u00f1ol con Mar\u00eda","robots":{"index":"index","follow":"follow","max-snippet":"max-snippet:-1","max-image-preview":"max-image-preview:large","max-video-preview":"max-video-preview:-1"},"canonical":"https:\/\/espanolconmaria.com\/producto\/survival-spanish-course\/","og_locale":"en_US","og_type":"article","og_title":"Survival Spanish Course - Espa\u00f1ol con Mar\u00eda","og_description":"Do you need to learn survival Spanish in a very short time? Well, learning a language is marathon, but here we&#8217;ll have a sprint so you can quickly get into the language and learn against the clock the most basic &hellip;","og_url":"https:\/\/espanolconmaria.com\/producto\/survival-spanish-course\/","og_site_name":"Espa\u00f1ol con Mar\u00eda","article_publisher":"https:\/\/www.facebook.com\/AprenderEspanolConMaria\/","article_modified_time":"2023-04-26T02:23:22+00:00","twitter_card":"summary_large_image","twitter_site":"@espanolconmaria","twitter_misc":{"Est. reading time":"1 minute"},"schema":{"@context":"https:\/\/schema.org","@graph":[{"@type":"WebPage","@id":"https:\/\/espanolconmaria.com\/producto\/survival-spanish-course\/","url":"https:\/\/espanolconmaria.com\/producto\/survival-spanish-course\/","name":"Survival Spanish Course - Espa\u00f1ol con Mar\u00eda","isPartOf":{"@id":"https:\/\/espanolconmaria.com\/#website"},"datePublished":"2023-04-26T02:22:54+00:00","dateModified":"2023-04-26T02:23:22+00:00","breadcrumb":{"@id":"https:\/\/espanolconmaria.com\/producto\/survival-spanish-course\/#breadcrumb"},"inLanguage":"en-US","potentialAction":[{"@type":"ReadAction","target":["https:\/\/espanolconmaria.com\/producto\/survival-spanish-course\/"]}]},{"@type":"BreadcrumbList","@id":"https:\/\/espanolconmaria.com\/producto\/survival-spanish-course\/#breadcrumb","itemListElement":[{"@type":"ListItem","position":1,"name":"Portada","item":"https:\/\/espanolconmaria.com\/en\/"},{"@type":"ListItem","position":2,"name":"Shop","item":"https:\/\/espanolconmaria.com\/en\/shop\/"},{"@type":"ListItem","position":3,"name":"Survival Spanish Course"}]},{"@type":"WebSite","@id":"https:\/\/espanolconmaria.com\/#website","url":"https:\/\/espanolconmaria.com\/","name":"Espa\u00f1ol con Mar\u00eda","description":"La forma tropical de aprender espa\u00f1ol","publisher":{"@id":"https:\/\/espanolconmaria.com\/#organization"},"potentialAction":[{"@type":"SearchAction","target":{"@type":"EntryPoint","urlTemplate":"https:\/\/espanolconmaria.com\/?s={search_term_string}"},"query-input":{"@type":"PropertyValueSpecification","valueRequired":true,"valueName":"search_term_string"}}],"inLanguage":"en-US"},{"@type":"Organization","@id":"https:\/\/espanolconmaria.com\/#organization","name":"Espa\u00f1ol con Mar\u00eda","url":"https:\/\/espanolconmaria.com\/","logo":{"@type":"ImageObject","inLanguage":"en-US","@id":"https:\/\/espanolconmaria.com\/#\/schema\/logo\/image\/","url":"https:\/\/espanolconmaria.com\/wp-content\/uploads\/2022\/11\/elementos-grma\u0301ticos-cambio-de-logo-espan\u0303ol-con-maria-07.png","contentUrl":"https:\/\/espanolconmaria.com\/wp-content\/uploads\/2022\/11\/elementos-grma\u0301ticos-cambio-de-logo-espan\u0303ol-con-maria-07.png","width":1254,"height":398,"caption":"Espa\u00f1ol con Mar\u00eda"},"image":{"@id":"https:\/\/espanolconmaria.com\/#\/schema\/logo\/image\/"},"sameAs":["https:\/\/www.facebook.com\/AprenderEspanolConMaria\/","https:\/\/x.com\/espanolconmaria","https:\/\/www.instagram.com\/espanolconmaria\/","https:\/\/www.tiktok.com\/@espanolconmaria"]}]}},"_links":{"self":[{"href":"https:\/\/espanolconmaria.com\/en\/wp-json\/wp\/v2\/product\/22834","targetHints":{"allow":["GET"]}}],"collection":[{"href":"https:\/\/espanolconmaria.com\/en\/wp-json\/wp\/v2\/product"}],"about":[{"href":"https:\/\/espanolconmaria.com\/en\/wp-json\/wp\/v2\/types\/product"}],"replies":[{"embeddable":true,"href":"https:\/\/espanolconmaria.com\/en\/wp-json\/wp\/v2\/comments?post=22834"}],"wp:attachment":[{"href":"https:\/\/espanolconmaria.com\/en\/wp-json\/wp\/v2\/media?parent=22834"}],"wp:term":[{"taxonomy":"product_brand","embeddable":true,"href":"https:\/\/espanolconmaria.com\/en\/wp-json\/wp\/v2\/product_brand?post=22834"},{"taxonomy":"product_cat","embeddable":true,"href":"https:\/\/espanolconmaria.com\/en\/wp-json\/wp\/v2\/product_cat?post=22834"},{"taxonomy":"product_tag","embeddable":true,"href":"https:\/\/espanolconmaria.com\/en\/wp-json\/wp\/v2\/product_tag?post=22834"}],"curies":[{"name":"wp","href":"https:\/\/api.w.org\/{rel}","templated":true}]}}