{"id":25208,"date":"2024-06-13T13:25:45","date_gmt":"2024-06-13T18:25:45","guid":{"rendered":"https:\/\/espanolconmaria.com\/?post_type=product&#038;p=25208"},"modified":"2025-01-10T17:27:54","modified_gmt":"2025-01-10T22:27:54","slug":"aprender-espanol-con-musica","status":"publish","type":"product","link":"https:\/\/espanolconmaria.com\/en\/producto\/aprender-espanol-con-musica\/","title":{"rendered":"Aprender espa\u00f1ol con M\u00fasica"},"content":{"rendered":"<p>\u00bfBuscas una forma divertida y efectiva de aprender espa\u00f1ol? \u00a1Te tenemos la soluci\u00f3n perfecta! Bienvenido a &#8220;Aprender Espa\u00f1ol con M\u00fasica&#8221; , el curso de espa\u00f1ol que utiliza la m\u00fasica en espa\u00f1ol para ayudarte a dominar el idioma.<\/p>\n<h2>\u00bfQu\u00e9 Ofrecemos en Este Curso de Espa\u00f1ol?<\/h2>\n<p>En este curso de espa\u00f1ol, te ofrecemos una amplia selecci\u00f3n de canciones en espa\u00f1ol, cuidadosamente elegidas para ayudarte a aprender y practicar diferentes aspectos del idioma. Aqu\u00ed, la m\u00fasica en espa\u00f1ol no solo es un placer para tus o\u00eddos, sino una herramienta educativa poderosa.<\/p>\n<h4>Beneficios del Curso:<\/h4>\n<ul>\n<li><strong>Mejora tu comprensi\u00f3n auditiva<\/strong>: Aprende espa\u00f1ol escuchando canciones que mejorar\u00e1n tu capacidad para entender el idioma hablado.<\/li>\n<li><strong>Perfecciona tu pronunciaci\u00f3n<\/strong>: Practica la pronunciaci\u00f3n correcta en espa\u00f1ol siguiendo el ritmo y la entonaci\u00f3n de las canciones.<\/li>\n<li><strong>Expande tu vocabulario en espa\u00f1ol<\/strong>: Enriquecemos tu l\u00e9xico con palabras y expresiones nuevas que encontrar\u00e1s en cada canci\u00f3n.<\/li>\n<li><strong>Conoce la cultura hispana<\/strong>: Sum\u00e9rgete en la rica cultura hispanohablante a trav\u00e9s de sus ritmos, historias y tradiciones musicales.<\/li>\n<\/ul>\n<h4>Actividades Interactivas:<\/h4>\n<p>Nuestro curso &#8220;Aprender espa\u00f1ol con m\u00fasica&#8221; est\u00e1 lleno de actividades interactivas que te permiten practicar y aplicar lo que aprendes de manera din\u00e1mica y entretenida. Desde karaokes hasta juegos de palabras y an\u00e1lisis de letras, cada lecci\u00f3n es una oportunidad para aprender espa\u00f1ol de forma activa y divertida.<\/p>\n<p>\u00a1\u00danete a &#8220;Aprender Espa\u00f1ol con M\u00fasica&#8221; y descubre c\u00f3mo la m\u00fasica en espa\u00f1ol puede transformar tu manera de aprender el idioma!<\/p>\n<p>Ideal para estudiantes con nivel A2 en adelante.<\/p>\n","protected":false},"excerpt":{"rendered":"<p>\u00bfBuscas una forma divertida y efectiva de aprender espa\u00f1ol? \u00a1Te tenemos la soluci\u00f3n perfecta! Bienvenido a &#8220;Aprender Espa\u00f1ol con M\u00fasica&#8221; , el curso de espa\u00f1ol que utiliza la m\u00fasica en espa\u00f1ol para ayudarte a dominar el idioma. \u00bfQu\u00e9 Ofrecemos en &hellip; <\/p>\n","protected":false},"featured_media":25160,"comment_status":"open","ping_status":"closed","template":"","meta":{"pmpro_default_level":""},"product_brand":[],"product_cat":[333],"product_tag":[],"class_list":{"0":"post-25208","1":"product","2":"type-product","3":"status-publish","4":"has-post-thumbnail","6":"product_cat-cursos","7":"pmpro-has-access","9":"first","10":"instock","11":"sale","12":"virtual","13":"sold-individually","14":"purchasable","15":"product-type-simple"},"yoast_head":"<!-- This site is optimized with the Yoast SEO plugin v27.3 - https:\/\/yoast.com\/product\/yoast-seo-wordpress\/ -->\n<title>Aprender espa\u00f1ol con M\u00fasica - Espa\u00f1ol con Mar\u00eda<\/title>\n<meta name=\"description\" content=\"\u00bfBuscas una forma divertida y efectiva de aprender espa\u00f1ol? \u00a1Te tenemos la soluci\u00f3n perfecta! el curso de espa\u00f1ol que utiliza la m\u00fasica en espa\u00f1ol para ayudarte a dominar el idioma.\" \/>\n<meta name=\"robots\" content=\"index, follow, max-snippet:-1, max-image-preview:large, max-video-preview:-1\" \/>\n<link rel=\"canonical\" href=\"https:\/\/espanolconmaria.com\/producto\/aprender-espanol-con-musica\/\" \/>\n<meta property=\"og:locale\" content=\"en_US\" \/>\n<meta property=\"og:type\" content=\"article\" \/>\n<meta property=\"og:title\" content=\"Aprender espa\u00f1ol con M\u00fasica - Espa\u00f1ol con Mar\u00eda\" \/>\n<meta property=\"og:description\" content=\"\u00bfBuscas una forma divertida y efectiva de aprender espa\u00f1ol? \u00a1Te tenemos la soluci\u00f3n perfecta! el curso de espa\u00f1ol que utiliza la m\u00fasica en espa\u00f1ol para ayudarte a dominar el idioma.\" \/>\n<meta property=\"og:url\" content=\"https:\/\/espanolconmaria.com\/producto\/aprender-espanol-con-musica\/\" \/>\n<meta property=\"og:site_name\" content=\"Espa\u00f1ol con Mar\u00eda\" \/>\n<meta property=\"article:publisher\" content=\"https:\/\/www.facebook.com\/AprenderEspanolConMaria\/\" \/>\n<meta property=\"article:modified_time\" content=\"2025-01-10T22:27:54+00:00\" \/>\n<meta property=\"og:image\" content=\"https:\/\/espanolconmaria.com\/wp-content\/uploads\/2024\/01\/Yellow-Modern-Motivational-Podcast-Promotion-YouTube-Thumbnail-3.jpg\" \/>\n\t<meta property=\"og:image:width\" content=\"940\" \/>\n\t<meta property=\"og:image:height\" content=\"770\" \/>\n\t<meta property=\"og:image:type\" content=\"image\/jpeg\" \/>\n<meta name=\"twitter:card\" content=\"summary_large_image\" \/>\n<meta name=\"twitter:site\" content=\"@espanolconmaria\" \/>\n<meta name=\"twitter:label1\" content=\"Est. reading time\" \/>\n\t<meta name=\"twitter:data1\" content=\"2 minutes\" \/>\n<script type=\"application\/ld+json\" class=\"yoast-schema-graph\">{\"@context\":\"https:\\\/\\\/schema.org\",\"@graph\":[{\"@type\":\"WebPage\",\"@id\":\"https:\\\/\\\/espanolconmaria.com\\\/producto\\\/aprender-espanol-con-musica\\\/\",\"url\":\"https:\\\/\\\/espanolconmaria.com\\\/producto\\\/aprender-espanol-con-musica\\\/\",\"name\":\"Aprender espa\u00f1ol con M\u00fasica - Espa\u00f1ol con Mar\u00eda\",\"isPartOf\":{\"@id\":\"https:\\\/\\\/espanolconmaria.com\\\/#website\"},\"primaryImageOfPage\":{\"@id\":\"https:\\\/\\\/espanolconmaria.com\\\/producto\\\/aprender-espanol-con-musica\\\/#primaryimage\"},\"image\":{\"@id\":\"https:\\\/\\\/espanolconmaria.com\\\/producto\\\/aprender-espanol-con-musica\\\/#primaryimage\"},\"thumbnailUrl\":\"https:\\\/\\\/espanolconmaria.com\\\/wp-content\\\/uploads\\\/2024\\\/01\\\/Yellow-Modern-Motivational-Podcast-Promotion-YouTube-Thumbnail-3.jpg\",\"datePublished\":\"2024-06-13T18:25:45+00:00\",\"dateModified\":\"2025-01-10T22:27:54+00:00\",\"description\":\"\u00bfBuscas una forma divertida y efectiva de aprender espa\u00f1ol? \u00a1Te tenemos la soluci\u00f3n perfecta! el curso de espa\u00f1ol que utiliza la m\u00fasica en espa\u00f1ol para ayudarte a dominar el idioma.\",\"breadcrumb\":{\"@id\":\"https:\\\/\\\/espanolconmaria.com\\\/producto\\\/aprender-espanol-con-musica\\\/#breadcrumb\"},\"inLanguage\":\"en-US\",\"potentialAction\":[{\"@type\":\"ReadAction\",\"target\":[\"https:\\\/\\\/espanolconmaria.com\\\/producto\\\/aprender-espanol-con-musica\\\/\"]}]},{\"@type\":\"ImageObject\",\"inLanguage\":\"en-US\",\"@id\":\"https:\\\/\\\/espanolconmaria.com\\\/producto\\\/aprender-espanol-con-musica\\\/#primaryimage\",\"url\":\"https:\\\/\\\/espanolconmaria.com\\\/wp-content\\\/uploads\\\/2024\\\/01\\\/Yellow-Modern-Motivational-Podcast-Promotion-YouTube-Thumbnail-3.jpg\",\"contentUrl\":\"https:\\\/\\\/espanolconmaria.com\\\/wp-content\\\/uploads\\\/2024\\\/01\\\/Yellow-Modern-Motivational-Podcast-Promotion-YouTube-Thumbnail-3.jpg\",\"width\":940,\"height\":770,\"caption\":\"musica para aprender espanol curso\"},{\"@type\":\"BreadcrumbList\",\"@id\":\"https:\\\/\\\/espanolconmaria.com\\\/producto\\\/aprender-espanol-con-musica\\\/#breadcrumb\",\"itemListElement\":[{\"@type\":\"ListItem\",\"position\":1,\"name\":\"Portada\",\"item\":\"https:\\\/\\\/espanolconmaria.com\\\/en\\\/\"},{\"@type\":\"ListItem\",\"position\":2,\"name\":\"Shop\",\"item\":\"https:\\\/\\\/espanolconmaria.com\\\/en\\\/shop\\\/\"},{\"@type\":\"ListItem\",\"position\":3,\"name\":\"Aprender espa\u00f1ol con M\u00fasica\"}]},{\"@type\":\"WebSite\",\"@id\":\"https:\\\/\\\/espanolconmaria.com\\\/#website\",\"url\":\"https:\\\/\\\/espanolconmaria.com\\\/\",\"name\":\"Espa\u00f1ol con Mar\u00eda\",\"description\":\"La forma tropical de aprender espa\u00f1ol\",\"publisher\":{\"@id\":\"https:\\\/\\\/espanolconmaria.com\\\/#organization\"},\"potentialAction\":[{\"@type\":\"SearchAction\",\"target\":{\"@type\":\"EntryPoint\",\"urlTemplate\":\"https:\\\/\\\/espanolconmaria.com\\\/?s={search_term_string}\"},\"query-input\":{\"@type\":\"PropertyValueSpecification\",\"valueRequired\":true,\"valueName\":\"search_term_string\"}}],\"inLanguage\":\"en-US\"},{\"@type\":\"Organization\",\"@id\":\"https:\\\/\\\/espanolconmaria.com\\\/#organization\",\"name\":\"Espa\u00f1ol con Mar\u00eda\",\"url\":\"https:\\\/\\\/espanolconmaria.com\\\/\",\"logo\":{\"@type\":\"ImageObject\",\"inLanguage\":\"en-US\",\"@id\":\"https:\\\/\\\/espanolconmaria.com\\\/#\\\/schema\\\/logo\\\/image\\\/\",\"url\":\"https:\\\/\\\/espanolconmaria.com\\\/wp-content\\\/uploads\\\/2022\\\/11\\\/elementos-grma\u0301ticos-cambio-de-logo-espan\u0303ol-con-maria-07.png\",\"contentUrl\":\"https:\\\/\\\/espanolconmaria.com\\\/wp-content\\\/uploads\\\/2022\\\/11\\\/elementos-grma\u0301ticos-cambio-de-logo-espan\u0303ol-con-maria-07.png\",\"width\":1254,\"height\":398,\"caption\":\"Espa\u00f1ol con Mar\u00eda\"},\"image\":{\"@id\":\"https:\\\/\\\/espanolconmaria.com\\\/#\\\/schema\\\/logo\\\/image\\\/\"},\"sameAs\":[\"https:\\\/\\\/www.facebook.com\\\/AprenderEspanolConMaria\\\/\",\"https:\\\/\\\/x.com\\\/espanolconmaria\",\"https:\\\/\\\/www.instagram.com\\\/espanolconmaria\\\/\",\"https:\\\/\\\/www.tiktok.com\\\/@espanolconmaria\"]}]}<\/script>\n<!-- \/ Yoast SEO plugin. -->","yoast_head_json":{"title":"Aprender espa\u00f1ol con M\u00fasica - Espa\u00f1ol con Mar\u00eda","description":"\u00bfBuscas una forma divertida y efectiva de aprender espa\u00f1ol? \u00a1Te tenemos la soluci\u00f3n perfecta! el curso de espa\u00f1ol que utiliza la m\u00fasica en espa\u00f1ol para ayudarte a dominar el idioma.","robots":{"index":"index","follow":"follow","max-snippet":"max-snippet:-1","max-image-preview":"max-image-preview:large","max-video-preview":"max-video-preview:-1"},"canonical":"https:\/\/espanolconmaria.com\/producto\/aprender-espanol-con-musica\/","og_locale":"en_US","og_type":"article","og_title":"Aprender espa\u00f1ol con M\u00fasica - Espa\u00f1ol con Mar\u00eda","og_description":"\u00bfBuscas una forma divertida y efectiva de aprender espa\u00f1ol? \u00a1Te tenemos la soluci\u00f3n perfecta! el curso de espa\u00f1ol que utiliza la m\u00fasica en espa\u00f1ol para ayudarte a dominar el idioma.","og_url":"https:\/\/espanolconmaria.com\/producto\/aprender-espanol-con-musica\/","og_site_name":"Espa\u00f1ol con Mar\u00eda","article_publisher":"https:\/\/www.facebook.com\/AprenderEspanolConMaria\/","article_modified_time":"2025-01-10T22:27:54+00:00","og_image":[{"width":940,"height":770,"url":"https:\/\/espanolconmaria.com\/wp-content\/uploads\/2024\/01\/Yellow-Modern-Motivational-Podcast-Promotion-YouTube-Thumbnail-3.jpg","type":"image\/jpeg"}],"twitter_card":"summary_large_image","twitter_site":"@espanolconmaria","twitter_misc":{"Est. reading time":"2 minutes"},"schema":{"@context":"https:\/\/schema.org","@graph":[{"@type":"WebPage","@id":"https:\/\/espanolconmaria.com\/producto\/aprender-espanol-con-musica\/","url":"https:\/\/espanolconmaria.com\/producto\/aprender-espanol-con-musica\/","name":"Aprender espa\u00f1ol con M\u00fasica - Espa\u00f1ol con Mar\u00eda","isPartOf":{"@id":"https:\/\/espanolconmaria.com\/#website"},"primaryImageOfPage":{"@id":"https:\/\/espanolconmaria.com\/producto\/aprender-espanol-con-musica\/#primaryimage"},"image":{"@id":"https:\/\/espanolconmaria.com\/producto\/aprender-espanol-con-musica\/#primaryimage"},"thumbnailUrl":"https:\/\/espanolconmaria.com\/wp-content\/uploads\/2024\/01\/Yellow-Modern-Motivational-Podcast-Promotion-YouTube-Thumbnail-3.jpg","datePublished":"2024-06-13T18:25:45+00:00","dateModified":"2025-01-10T22:27:54+00:00","description":"\u00bfBuscas una forma divertida y efectiva de aprender espa\u00f1ol? \u00a1Te tenemos la soluci\u00f3n perfecta! el curso de espa\u00f1ol que utiliza la m\u00fasica en espa\u00f1ol para ayudarte a dominar el idioma.","breadcrumb":{"@id":"https:\/\/espanolconmaria.com\/producto\/aprender-espanol-con-musica\/#breadcrumb"},"inLanguage":"en-US","potentialAction":[{"@type":"ReadAction","target":["https:\/\/espanolconmaria.com\/producto\/aprender-espanol-con-musica\/"]}]},{"@type":"ImageObject","inLanguage":"en-US","@id":"https:\/\/espanolconmaria.com\/producto\/aprender-espanol-con-musica\/#primaryimage","url":"https:\/\/espanolconmaria.com\/wp-content\/uploads\/2024\/01\/Yellow-Modern-Motivational-Podcast-Promotion-YouTube-Thumbnail-3.jpg","contentUrl":"https:\/\/espanolconmaria.com\/wp-content\/uploads\/2024\/01\/Yellow-Modern-Motivational-Podcast-Promotion-YouTube-Thumbnail-3.jpg","width":940,"height":770,"caption":"musica para aprender espanol curso"},{"@type":"BreadcrumbList","@id":"https:\/\/espanolconmaria.com\/producto\/aprender-espanol-con-musica\/#breadcrumb","itemListElement":[{"@type":"ListItem","position":1,"name":"Portada","item":"https:\/\/espanolconmaria.com\/en\/"},{"@type":"ListItem","position":2,"name":"Shop","item":"https:\/\/espanolconmaria.com\/en\/shop\/"},{"@type":"ListItem","position":3,"name":"Aprender espa\u00f1ol con M\u00fasica"}]},{"@type":"WebSite","@id":"https:\/\/espanolconmaria.com\/#website","url":"https:\/\/espanolconmaria.com\/","name":"Espa\u00f1ol con Mar\u00eda","description":"La forma tropical de aprender espa\u00f1ol","publisher":{"@id":"https:\/\/espanolconmaria.com\/#organization"},"potentialAction":[{"@type":"SearchAction","target":{"@type":"EntryPoint","urlTemplate":"https:\/\/espanolconmaria.com\/?s={search_term_string}"},"query-input":{"@type":"PropertyValueSpecification","valueRequired":true,"valueName":"search_term_string"}}],"inLanguage":"en-US"},{"@type":"Organization","@id":"https:\/\/espanolconmaria.com\/#organization","name":"Espa\u00f1ol con Mar\u00eda","url":"https:\/\/espanolconmaria.com\/","logo":{"@type":"ImageObject","inLanguage":"en-US","@id":"https:\/\/espanolconmaria.com\/#\/schema\/logo\/image\/","url":"https:\/\/espanolconmaria.com\/wp-content\/uploads\/2022\/11\/elementos-grma\u0301ticos-cambio-de-logo-espan\u0303ol-con-maria-07.png","contentUrl":"https:\/\/espanolconmaria.com\/wp-content\/uploads\/2022\/11\/elementos-grma\u0301ticos-cambio-de-logo-espan\u0303ol-con-maria-07.png","width":1254,"height":398,"caption":"Espa\u00f1ol con Mar\u00eda"},"image":{"@id":"https:\/\/espanolconmaria.com\/#\/schema\/logo\/image\/"},"sameAs":["https:\/\/www.facebook.com\/AprenderEspanolConMaria\/","https:\/\/x.com\/espanolconmaria","https:\/\/www.instagram.com\/espanolconmaria\/","https:\/\/www.tiktok.com\/@espanolconmaria"]}]}},"_links":{"self":[{"href":"https:\/\/espanolconmaria.com\/en\/wp-json\/wp\/v2\/product\/25208","targetHints":{"allow":["GET"]}}],"collection":[{"href":"https:\/\/espanolconmaria.com\/en\/wp-json\/wp\/v2\/product"}],"about":[{"href":"https:\/\/espanolconmaria.com\/en\/wp-json\/wp\/v2\/types\/product"}],"replies":[{"embeddable":true,"href":"https:\/\/espanolconmaria.com\/en\/wp-json\/wp\/v2\/comments?post=25208"}],"wp:featuredmedia":[{"embeddable":true,"href":"https:\/\/espanolconmaria.com\/en\/wp-json\/wp\/v2\/media\/25160"}],"wp:attachment":[{"href":"https:\/\/espanolconmaria.com\/en\/wp-json\/wp\/v2\/media?parent=25208"}],"wp:term":[{"taxonomy":"product_brand","embeddable":true,"href":"https:\/\/espanolconmaria.com\/en\/wp-json\/wp\/v2\/product_brand?post=25208"},{"taxonomy":"product_cat","embeddable":true,"href":"https:\/\/espanolconmaria.com\/en\/wp-json\/wp\/v2\/product_cat?post=25208"},{"taxonomy":"product_tag","embeddable":true,"href":"https:\/\/espanolconmaria.com\/en\/wp-json\/wp\/v2\/product_tag?post=25208"}],"curies":[{"name":"wp","href":"https:\/\/api.w.org\/{rel}","templated":true}]}}