{"id":25493,"date":"2024-03-19T22:52:34","date_gmt":"2024-03-20T03:52:34","guid":{"rendered":"https:\/\/espanolconmaria.com\/producto\/70-basic-spanish-verbs\/"},"modified":"2024-12-03T13:07:36","modified_gmt":"2024-12-03T18:07:36","slug":"70-basic-spanish-verbs","status":"publish","type":"product","link":"https:\/\/espanolconmaria.com\/en\/producto\/70-basic-spanish-verbs\/","title":{"rendered":"70 basic Spanish verbs"},"content":{"rendered":"<p>Discover the eBook you need to learn Spanish quickly and effectively! &#8220;Verbalizar, 70 Basic Spanish Verbs&#8221; is your complete guide to mastering 70 essential Spanish verbs. The book is full of illustrations and contextualized sentences, so that each verb comes to life, facilitating learning and retention.<\/p>\n<p>In my experience teaching Spanish to hundreds of people, I have found that one of the main reasons they do not achieve fluency is because of a lack of vocabulary. Many students make the mistake of enriching their vocabulary only by learning nouns such as: house, dog, chair, however, that is not enough to speak. Verbs are the heart of sentences, and it is essential to study them.<\/p>\n<h2><strong>What makes &#8220;Verbalizar, 70 basic Spanish verbs&#8221; the new Spanish with Maria eBook unique?<\/strong><\/h2>\n<p><img fetchpriority=\"high\" decoding=\"async\" class=\"alignnone wp-image-25438 size-medium\" src=\"https:\/\/espanolconmaria.com\/wp-content\/uploads\/2024\/03\/Pastel-Book-Launching-for-Authors-2-300x300.jpg\" alt=\"70 basic Spanish verbs\" width=\"300\" height=\"300\" srcset=\"https:\/\/espanolconmaria.com\/wp-content\/uploads\/2024\/03\/Pastel-Book-Launching-for-Authors-2-300x300.jpg 300w, https:\/\/espanolconmaria.com\/wp-content\/uploads\/2024\/03\/Pastel-Book-Launching-for-Authors-2-1024x1024.jpg 1024w, https:\/\/espanolconmaria.com\/wp-content\/uploads\/2024\/03\/Pastel-Book-Launching-for-Authors-2-150x150.jpg 150w, https:\/\/espanolconmaria.com\/wp-content\/uploads\/2024\/03\/Pastel-Book-Launching-for-Authors-2-768x768.jpg 768w, https:\/\/espanolconmaria.com\/wp-content\/uploads\/2024\/03\/Pastel-Book-Launching-for-Authors-2-600x600.jpg 600w, https:\/\/espanolconmaria.com\/wp-content\/uploads\/2024\/03\/Pastel-Book-Launching-for-Authors-2-100x100.jpg 100w, https:\/\/espanolconmaria.com\/wp-content\/uploads\/2024\/03\/Pastel-Book-Launching-for-Authors-2.jpg 1080w\" sizes=\"(max-width: 300px) 100vw, 300px\" \/><\/p>\n<p>In addition to the eye-catching images and useful sentences, this e-book includes a QR code so you can listen to the precise pronunciation of each verb, perfecting your listening skills. And to test your knowledge, at the end of the book you will find some exercises that will help you identify and correctly use the verbs you have learned.<\/p>\n<p>No matter if you are an absolute beginner or if you are looking to strengthen your Spanish skills, &#8220;Verbalizar, 70 basic Spanish verbs&#8221;, by Spanish with Maria is the perfect tool to reach your language goals. Get your copy today and start your journey to fluency in Spanish!<\/p>\n<p>And if you want to continue practicing everything related to verbs, we recommend the <a href=\"https:\/\/espanolconmaria.com\/course\/curso-de-conjugacion-de-verbos-en-espanol\/\">Spanish conjugation course with Maria<\/a>.<\/p>\n","protected":false},"excerpt":{"rendered":"<p>Discover the eBook you need to learn Spanish quickly and effectively! &#8220;Verbalizar, 70 Basic Spanish Verbs&#8221; is your complete guide to mastering 70 essential Spanish verbs. The book is full of illustrations and contextualized sentences, so that each verb comes &hellip; <\/p>\n","protected":false},"featured_media":0,"comment_status":"open","ping_status":"closed","template":"","meta":{"pmpro_default_level":""},"product_brand":[],"product_cat":[321],"product_tag":[],"class_list":{"0":"post-25493","1":"product","2":"type-product","3":"status-publish","5":"product_cat-uncategorized-en","6":"pmpro-has-access","8":"first","9":"instock","10":"sale","11":"downloadable","12":"virtual","13":"purchasable","14":"product-type-simple"},"yoast_head":"<!-- This site is optimized with the Yoast SEO plugin v27.3 - https:\/\/yoast.com\/product\/yoast-seo-wordpress\/ -->\n<title>70 basic Spanish verbs - Espa\u00f1ol con Mar\u00eda<\/title>\n<meta name=\"description\" content=\"An eBook that teaches you the 70 basic Spanish verbs. The perfect tool to gain vocabulary and improve fluency.\" \/>\n<meta name=\"robots\" content=\"index, follow, max-snippet:-1, max-image-preview:large, max-video-preview:-1\" \/>\n<link rel=\"canonical\" href=\"https:\/\/espanolconmaria.com\/en\/producto\/70-basic-spanish-verbs\/\" \/>\n<meta property=\"og:locale\" content=\"en_US\" \/>\n<meta property=\"og:type\" content=\"article\" \/>\n<meta property=\"og:title\" content=\"70 basic Spanish verbs - Espa\u00f1ol con Mar\u00eda\" \/>\n<meta property=\"og:description\" content=\"An eBook that teaches you the 70 basic Spanish verbs. The perfect tool to gain vocabulary and improve fluency.\" \/>\n<meta property=\"og:url\" content=\"https:\/\/espanolconmaria.com\/en\/producto\/70-basic-spanish-verbs\/\" \/>\n<meta property=\"og:site_name\" content=\"Espa\u00f1ol con Mar\u00eda\" \/>\n<meta property=\"article:publisher\" content=\"https:\/\/www.facebook.com\/AprenderEspanolConMaria\/\" \/>\n<meta property=\"article:modified_time\" content=\"2024-12-03T18:07:36+00:00\" \/>\n<meta property=\"og:image\" content=\"https:\/\/espanolconmaria.com\/wp-content\/uploads\/2024\/03\/Pastel-Book-Launching-for-Authors-2-300x300.jpg\" \/>\n<meta name=\"twitter:card\" content=\"summary_large_image\" \/>\n<meta name=\"twitter:site\" content=\"@espanolconmaria\" \/>\n<meta name=\"twitter:label1\" content=\"Est. reading time\" \/>\n\t<meta name=\"twitter:data1\" content=\"1 minute\" \/>\n<script type=\"application\/ld+json\" class=\"yoast-schema-graph\">{\"@context\":\"https:\\\/\\\/schema.org\",\"@graph\":[{\"@type\":\"WebPage\",\"@id\":\"https:\\\/\\\/espanolconmaria.com\\\/en\\\/producto\\\/70-basic-spanish-verbs\\\/\",\"url\":\"https:\\\/\\\/espanolconmaria.com\\\/en\\\/producto\\\/70-basic-spanish-verbs\\\/\",\"name\":\"70 basic Spanish verbs - Espa\u00f1ol con Mar\u00eda\",\"isPartOf\":{\"@id\":\"https:\\\/\\\/espanolconmaria.com\\\/#website\"},\"primaryImageOfPage\":{\"@id\":\"https:\\\/\\\/espanolconmaria.com\\\/en\\\/producto\\\/70-basic-spanish-verbs\\\/#primaryimage\"},\"image\":{\"@id\":\"https:\\\/\\\/espanolconmaria.com\\\/en\\\/producto\\\/70-basic-spanish-verbs\\\/#primaryimage\"},\"thumbnailUrl\":\"https:\\\/\\\/espanolconmaria.com\\\/wp-content\\\/uploads\\\/2024\\\/03\\\/Pastel-Book-Launching-for-Authors-2-300x300.jpg\",\"datePublished\":\"2024-03-20T03:52:34+00:00\",\"dateModified\":\"2024-12-03T18:07:36+00:00\",\"description\":\"An eBook that teaches you the 70 basic Spanish verbs. The perfect tool to gain vocabulary and improve fluency.\",\"breadcrumb\":{\"@id\":\"https:\\\/\\\/espanolconmaria.com\\\/en\\\/producto\\\/70-basic-spanish-verbs\\\/#breadcrumb\"},\"inLanguage\":\"en-US\",\"potentialAction\":[{\"@type\":\"ReadAction\",\"target\":[\"https:\\\/\\\/espanolconmaria.com\\\/en\\\/producto\\\/70-basic-spanish-verbs\\\/\"]}]},{\"@type\":\"ImageObject\",\"inLanguage\":\"en-US\",\"@id\":\"https:\\\/\\\/espanolconmaria.com\\\/en\\\/producto\\\/70-basic-spanish-verbs\\\/#primaryimage\",\"url\":\"https:\\\/\\\/espanolconmaria.com\\\/wp-content\\\/uploads\\\/2024\\\/03\\\/Pastel-Book-Launching-for-Authors-2-300x300.jpg\",\"contentUrl\":\"https:\\\/\\\/espanolconmaria.com\\\/wp-content\\\/uploads\\\/2024\\\/03\\\/Pastel-Book-Launching-for-Authors-2-300x300.jpg\"},{\"@type\":\"BreadcrumbList\",\"@id\":\"https:\\\/\\\/espanolconmaria.com\\\/en\\\/producto\\\/70-basic-spanish-verbs\\\/#breadcrumb\",\"itemListElement\":[{\"@type\":\"ListItem\",\"position\":1,\"name\":\"Portada\",\"item\":\"https:\\\/\\\/espanolconmaria.com\\\/en\\\/\"},{\"@type\":\"ListItem\",\"position\":2,\"name\":\"Shop\",\"item\":\"https:\\\/\\\/espanolconmaria.com\\\/en\\\/shop\\\/\"},{\"@type\":\"ListItem\",\"position\":3,\"name\":\"70 basic Spanish verbs\"}]},{\"@type\":\"WebSite\",\"@id\":\"https:\\\/\\\/espanolconmaria.com\\\/#website\",\"url\":\"https:\\\/\\\/espanolconmaria.com\\\/\",\"name\":\"Espa\u00f1ol con Mar\u00eda\",\"description\":\"La forma tropical de aprender espa\u00f1ol\",\"publisher\":{\"@id\":\"https:\\\/\\\/espanolconmaria.com\\\/#organization\"},\"potentialAction\":[{\"@type\":\"SearchAction\",\"target\":{\"@type\":\"EntryPoint\",\"urlTemplate\":\"https:\\\/\\\/espanolconmaria.com\\\/?s={search_term_string}\"},\"query-input\":{\"@type\":\"PropertyValueSpecification\",\"valueRequired\":true,\"valueName\":\"search_term_string\"}}],\"inLanguage\":\"en-US\"},{\"@type\":\"Organization\",\"@id\":\"https:\\\/\\\/espanolconmaria.com\\\/#organization\",\"name\":\"Espa\u00f1ol con Mar\u00eda\",\"url\":\"https:\\\/\\\/espanolconmaria.com\\\/\",\"logo\":{\"@type\":\"ImageObject\",\"inLanguage\":\"en-US\",\"@id\":\"https:\\\/\\\/espanolconmaria.com\\\/#\\\/schema\\\/logo\\\/image\\\/\",\"url\":\"https:\\\/\\\/espanolconmaria.com\\\/wp-content\\\/uploads\\\/2022\\\/11\\\/elementos-grma\u0301ticos-cambio-de-logo-espan\u0303ol-con-maria-07.png\",\"contentUrl\":\"https:\\\/\\\/espanolconmaria.com\\\/wp-content\\\/uploads\\\/2022\\\/11\\\/elementos-grma\u0301ticos-cambio-de-logo-espan\u0303ol-con-maria-07.png\",\"width\":1254,\"height\":398,\"caption\":\"Espa\u00f1ol con Mar\u00eda\"},\"image\":{\"@id\":\"https:\\\/\\\/espanolconmaria.com\\\/#\\\/schema\\\/logo\\\/image\\\/\"},\"sameAs\":[\"https:\\\/\\\/www.facebook.com\\\/AprenderEspanolConMaria\\\/\",\"https:\\\/\\\/x.com\\\/espanolconmaria\",\"https:\\\/\\\/www.instagram.com\\\/espanolconmaria\\\/\",\"https:\\\/\\\/www.tiktok.com\\\/@espanolconmaria\"]}]}<\/script>\n<!-- \/ Yoast SEO plugin. -->","yoast_head_json":{"title":"70 basic Spanish verbs - Espa\u00f1ol con Mar\u00eda","description":"An eBook that teaches you the 70 basic Spanish verbs. The perfect tool to gain vocabulary and improve fluency.","robots":{"index":"index","follow":"follow","max-snippet":"max-snippet:-1","max-image-preview":"max-image-preview:large","max-video-preview":"max-video-preview:-1"},"canonical":"https:\/\/espanolconmaria.com\/en\/producto\/70-basic-spanish-verbs\/","og_locale":"en_US","og_type":"article","og_title":"70 basic Spanish verbs - Espa\u00f1ol con Mar\u00eda","og_description":"An eBook that teaches you the 70 basic Spanish verbs. The perfect tool to gain vocabulary and improve fluency.","og_url":"https:\/\/espanolconmaria.com\/en\/producto\/70-basic-spanish-verbs\/","og_site_name":"Espa\u00f1ol con Mar\u00eda","article_publisher":"https:\/\/www.facebook.com\/AprenderEspanolConMaria\/","article_modified_time":"2024-12-03T18:07:36+00:00","og_image":[{"url":"https:\/\/espanolconmaria.com\/wp-content\/uploads\/2024\/03\/Pastel-Book-Launching-for-Authors-2-300x300.jpg","type":"","width":"","height":""}],"twitter_card":"summary_large_image","twitter_site":"@espanolconmaria","twitter_misc":{"Est. reading time":"1 minute"},"schema":{"@context":"https:\/\/schema.org","@graph":[{"@type":"WebPage","@id":"https:\/\/espanolconmaria.com\/en\/producto\/70-basic-spanish-verbs\/","url":"https:\/\/espanolconmaria.com\/en\/producto\/70-basic-spanish-verbs\/","name":"70 basic Spanish verbs - Espa\u00f1ol con Mar\u00eda","isPartOf":{"@id":"https:\/\/espanolconmaria.com\/#website"},"primaryImageOfPage":{"@id":"https:\/\/espanolconmaria.com\/en\/producto\/70-basic-spanish-verbs\/#primaryimage"},"image":{"@id":"https:\/\/espanolconmaria.com\/en\/producto\/70-basic-spanish-verbs\/#primaryimage"},"thumbnailUrl":"https:\/\/espanolconmaria.com\/wp-content\/uploads\/2024\/03\/Pastel-Book-Launching-for-Authors-2-300x300.jpg","datePublished":"2024-03-20T03:52:34+00:00","dateModified":"2024-12-03T18:07:36+00:00","description":"An eBook that teaches you the 70 basic Spanish verbs. The perfect tool to gain vocabulary and improve fluency.","breadcrumb":{"@id":"https:\/\/espanolconmaria.com\/en\/producto\/70-basic-spanish-verbs\/#breadcrumb"},"inLanguage":"en-US","potentialAction":[{"@type":"ReadAction","target":["https:\/\/espanolconmaria.com\/en\/producto\/70-basic-spanish-verbs\/"]}]},{"@type":"ImageObject","inLanguage":"en-US","@id":"https:\/\/espanolconmaria.com\/en\/producto\/70-basic-spanish-verbs\/#primaryimage","url":"https:\/\/espanolconmaria.com\/wp-content\/uploads\/2024\/03\/Pastel-Book-Launching-for-Authors-2-300x300.jpg","contentUrl":"https:\/\/espanolconmaria.com\/wp-content\/uploads\/2024\/03\/Pastel-Book-Launching-for-Authors-2-300x300.jpg"},{"@type":"BreadcrumbList","@id":"https:\/\/espanolconmaria.com\/en\/producto\/70-basic-spanish-verbs\/#breadcrumb","itemListElement":[{"@type":"ListItem","position":1,"name":"Portada","item":"https:\/\/espanolconmaria.com\/en\/"},{"@type":"ListItem","position":2,"name":"Shop","item":"https:\/\/espanolconmaria.com\/en\/shop\/"},{"@type":"ListItem","position":3,"name":"70 basic Spanish verbs"}]},{"@type":"WebSite","@id":"https:\/\/espanolconmaria.com\/#website","url":"https:\/\/espanolconmaria.com\/","name":"Espa\u00f1ol con Mar\u00eda","description":"La forma tropical de aprender espa\u00f1ol","publisher":{"@id":"https:\/\/espanolconmaria.com\/#organization"},"potentialAction":[{"@type":"SearchAction","target":{"@type":"EntryPoint","urlTemplate":"https:\/\/espanolconmaria.com\/?s={search_term_string}"},"query-input":{"@type":"PropertyValueSpecification","valueRequired":true,"valueName":"search_term_string"}}],"inLanguage":"en-US"},{"@type":"Organization","@id":"https:\/\/espanolconmaria.com\/#organization","name":"Espa\u00f1ol con Mar\u00eda","url":"https:\/\/espanolconmaria.com\/","logo":{"@type":"ImageObject","inLanguage":"en-US","@id":"https:\/\/espanolconmaria.com\/#\/schema\/logo\/image\/","url":"https:\/\/espanolconmaria.com\/wp-content\/uploads\/2022\/11\/elementos-grma\u0301ticos-cambio-de-logo-espan\u0303ol-con-maria-07.png","contentUrl":"https:\/\/espanolconmaria.com\/wp-content\/uploads\/2022\/11\/elementos-grma\u0301ticos-cambio-de-logo-espan\u0303ol-con-maria-07.png","width":1254,"height":398,"caption":"Espa\u00f1ol con Mar\u00eda"},"image":{"@id":"https:\/\/espanolconmaria.com\/#\/schema\/logo\/image\/"},"sameAs":["https:\/\/www.facebook.com\/AprenderEspanolConMaria\/","https:\/\/x.com\/espanolconmaria","https:\/\/www.instagram.com\/espanolconmaria\/","https:\/\/www.tiktok.com\/@espanolconmaria"]}]}},"_links":{"self":[{"href":"https:\/\/espanolconmaria.com\/en\/wp-json\/wp\/v2\/product\/25493","targetHints":{"allow":["GET"]}}],"collection":[{"href":"https:\/\/espanolconmaria.com\/en\/wp-json\/wp\/v2\/product"}],"about":[{"href":"https:\/\/espanolconmaria.com\/en\/wp-json\/wp\/v2\/types\/product"}],"replies":[{"embeddable":true,"href":"https:\/\/espanolconmaria.com\/en\/wp-json\/wp\/v2\/comments?post=25493"}],"wp:attachment":[{"href":"https:\/\/espanolconmaria.com\/en\/wp-json\/wp\/v2\/media?parent=25493"}],"wp:term":[{"taxonomy":"product_brand","embeddable":true,"href":"https:\/\/espanolconmaria.com\/en\/wp-json\/wp\/v2\/product_brand?post=25493"},{"taxonomy":"product_cat","embeddable":true,"href":"https:\/\/espanolconmaria.com\/en\/wp-json\/wp\/v2\/product_cat?post=25493"},{"taxonomy":"product_tag","embeddable":true,"href":"https:\/\/espanolconmaria.com\/en\/wp-json\/wp\/v2\/product_tag?post=25493"}],"curies":[{"name":"wp","href":"https:\/\/api.w.org\/{rel}","templated":true}]}}