{"id":25943,"date":"2024-05-27T10:52:17","date_gmt":"2024-05-27T15:52:17","guid":{"rendered":"https:\/\/espanolconmaria.com\/?post_type=product&#038;p=25943"},"modified":"2024-05-27T10:57:25","modified_gmt":"2024-05-27T15:57:25","slug":"cuaderno-de-verbos-irregulares","status":"publish","type":"product","link":"https:\/\/espanolconmaria.com\/en\/producto\/cuaderno-de-verbos-irregulares\/","title":{"rendered":"Cuaderno de verbos irregulares"},"content":{"rendered":"<h1 class=\"_mx-0 _mb-0 _mt-1 _text-md-5 _font-weight-bold _line-height redesigned-main-title\">Cuaderno de verbos irregulares en espa\u00f1ol<\/h1>\n<section id=\"description\" class=\"section section-divider _pt-6 _pt-md-7\">\n<div class=\"_d-flex _w-full redesigned-main-container\">\n<div class=\"_flex-1\">\n<div class=\"_w-full _line-height-lg _text-gray-600\">\n<p role=\"paragraph\">Este cuaderno te ahorrar\u00e1 mucho tiempo en el proceso de aprendizaje de los verbos irregulares en espa\u00f1ol. Te ense\u00f1o modelos de conjugaci\u00f3n verbal y adem\u00e1s tendr\u00e1s ejercicios de pr\u00e1ctica para que se quede en tu cabeza.<\/p>\n<\/div>\n<\/div>\n<\/div>\n<\/section>\n<section>\n<div class=\"section section-divider\">\n<div class=\"cover\">\n<section id=\"video\" class=\"\">\n<div class=\"section section_video\">\n<div class=\"section_wrap\">\n<div id=\"iframeWrapper\" class=\"videoWrapper\">\n<div class=\"yt-lite false\" data-title=\"Video\"><img fetchpriority=\"high\" decoding=\"async\" class=\"alignnone size-medium wp-image-25946\" src=\"https:\/\/espanolconmaria.com\/wp-content\/uploads\/2024\/05\/CUADERNO-DE-VERBOS-04--247x300.png\" alt=\"\" width=\"247\" height=\"300\" srcset=\"https:\/\/espanolconmaria.com\/wp-content\/uploads\/2024\/05\/CUADERNO-DE-VERBOS-04--247x300.png 247w, https:\/\/espanolconmaria.com\/wp-content\/uploads\/2024\/05\/CUADERNO-DE-VERBOS-04-.png 550w\" sizes=\"(max-width: 247px) 100vw, 247px\" \/><\/div>\n<\/div>\n<\/div>\n<\/div>\n<\/section>\n<\/div>\n<\/div>\n<\/section>\n","protected":false},"excerpt":{"rendered":"<p>Un cuaderno que te permite identificar patrones para conjugar los verbos irregulares en espa\u00f1ol.<\/p>\n","protected":false},"featured_media":25946,"comment_status":"open","ping_status":"closed","template":"","meta":{"pmpro_default_level":""},"product_brand":[],"product_cat":[320],"product_tag":[],"class_list":{"0":"post-25943","1":"product","2":"type-product","3":"status-publish","4":"has-post-thumbnail","6":"product_cat-conjugaciones","7":"pmpro-has-access","9":"first","10":"instock","11":"downloadable","12":"virtual","13":"purchasable","14":"product-type-simple"},"yoast_head":"<!-- This site is optimized with the Yoast SEO plugin v27.3 - https:\/\/yoast.com\/product\/yoast-seo-wordpress\/ -->\n<title>Cuaderno de verbos irregulares - Espa\u00f1ol con Mar\u00eda<\/title>\n<meta name=\"robots\" content=\"index, follow, max-snippet:-1, max-image-preview:large, max-video-preview:-1\" \/>\n<link rel=\"canonical\" href=\"https:\/\/espanolconmaria.com\/producto\/cuaderno-de-verbos-irregulares\/\" \/>\n<meta property=\"og:locale\" content=\"en_US\" \/>\n<meta property=\"og:type\" content=\"article\" \/>\n<meta property=\"og:title\" content=\"Cuaderno de verbos irregulares - Espa\u00f1ol con Mar\u00eda\" \/>\n<meta property=\"og:description\" content=\"Un cuaderno que te permite identificar patrones para conjugar los verbos irregulares en espa\u00f1ol.\" \/>\n<meta property=\"og:url\" content=\"https:\/\/espanolconmaria.com\/producto\/cuaderno-de-verbos-irregulares\/\" \/>\n<meta property=\"og:site_name\" content=\"Espa\u00f1ol con Mar\u00eda\" \/>\n<meta property=\"article:publisher\" content=\"https:\/\/www.facebook.com\/AprenderEspanolConMaria\/\" \/>\n<meta property=\"article:modified_time\" content=\"2024-05-27T15:57:25+00:00\" \/>\n<meta property=\"og:image\" content=\"https:\/\/espanolconmaria.com\/wp-content\/uploads\/2024\/05\/CUADERNO-DE-VERBOS-04-.png\" \/>\n\t<meta property=\"og:image:width\" content=\"550\" \/>\n\t<meta property=\"og:image:height\" content=\"667\" \/>\n\t<meta property=\"og:image:type\" content=\"image\/png\" \/>\n<meta name=\"twitter:card\" content=\"summary_large_image\" \/>\n<meta name=\"twitter:site\" content=\"@espanolconmaria\" \/>\n<meta name=\"twitter:label1\" content=\"Est. reading time\" \/>\n\t<meta name=\"twitter:data1\" content=\"1 minute\" \/>\n<script type=\"application\/ld+json\" class=\"yoast-schema-graph\">{\"@context\":\"https:\\\/\\\/schema.org\",\"@graph\":[{\"@type\":\"WebPage\",\"@id\":\"https:\\\/\\\/espanolconmaria.com\\\/producto\\\/cuaderno-de-verbos-irregulares\\\/\",\"url\":\"https:\\\/\\\/espanolconmaria.com\\\/producto\\\/cuaderno-de-verbos-irregulares\\\/\",\"name\":\"Cuaderno de verbos irregulares - Espa\u00f1ol con Mar\u00eda\",\"isPartOf\":{\"@id\":\"https:\\\/\\\/espanolconmaria.com\\\/#website\"},\"primaryImageOfPage\":{\"@id\":\"https:\\\/\\\/espanolconmaria.com\\\/producto\\\/cuaderno-de-verbos-irregulares\\\/#primaryimage\"},\"image\":{\"@id\":\"https:\\\/\\\/espanolconmaria.com\\\/producto\\\/cuaderno-de-verbos-irregulares\\\/#primaryimage\"},\"thumbnailUrl\":\"https:\\\/\\\/espanolconmaria.com\\\/wp-content\\\/uploads\\\/2024\\\/05\\\/CUADERNO-DE-VERBOS-04-.png\",\"datePublished\":\"2024-05-27T15:52:17+00:00\",\"dateModified\":\"2024-05-27T15:57:25+00:00\",\"breadcrumb\":{\"@id\":\"https:\\\/\\\/espanolconmaria.com\\\/producto\\\/cuaderno-de-verbos-irregulares\\\/#breadcrumb\"},\"inLanguage\":\"en-US\",\"potentialAction\":[{\"@type\":\"ReadAction\",\"target\":[\"https:\\\/\\\/espanolconmaria.com\\\/producto\\\/cuaderno-de-verbos-irregulares\\\/\"]}]},{\"@type\":\"ImageObject\",\"inLanguage\":\"en-US\",\"@id\":\"https:\\\/\\\/espanolconmaria.com\\\/producto\\\/cuaderno-de-verbos-irregulares\\\/#primaryimage\",\"url\":\"https:\\\/\\\/espanolconmaria.com\\\/wp-content\\\/uploads\\\/2024\\\/05\\\/CUADERNO-DE-VERBOS-04-.png\",\"contentUrl\":\"https:\\\/\\\/espanolconmaria.com\\\/wp-content\\\/uploads\\\/2024\\\/05\\\/CUADERNO-DE-VERBOS-04-.png\",\"width\":550,\"height\":667},{\"@type\":\"BreadcrumbList\",\"@id\":\"https:\\\/\\\/espanolconmaria.com\\\/producto\\\/cuaderno-de-verbos-irregulares\\\/#breadcrumb\",\"itemListElement\":[{\"@type\":\"ListItem\",\"position\":1,\"name\":\"Portada\",\"item\":\"https:\\\/\\\/espanolconmaria.com\\\/en\\\/\"},{\"@type\":\"ListItem\",\"position\":2,\"name\":\"Shop\",\"item\":\"https:\\\/\\\/espanolconmaria.com\\\/en\\\/shop\\\/\"},{\"@type\":\"ListItem\",\"position\":3,\"name\":\"Cuaderno de verbos irregulares\"}]},{\"@type\":\"WebSite\",\"@id\":\"https:\\\/\\\/espanolconmaria.com\\\/#website\",\"url\":\"https:\\\/\\\/espanolconmaria.com\\\/\",\"name\":\"Espa\u00f1ol con Mar\u00eda\",\"description\":\"La forma tropical de aprender espa\u00f1ol\",\"publisher\":{\"@id\":\"https:\\\/\\\/espanolconmaria.com\\\/#organization\"},\"potentialAction\":[{\"@type\":\"SearchAction\",\"target\":{\"@type\":\"EntryPoint\",\"urlTemplate\":\"https:\\\/\\\/espanolconmaria.com\\\/?s={search_term_string}\"},\"query-input\":{\"@type\":\"PropertyValueSpecification\",\"valueRequired\":true,\"valueName\":\"search_term_string\"}}],\"inLanguage\":\"en-US\"},{\"@type\":\"Organization\",\"@id\":\"https:\\\/\\\/espanolconmaria.com\\\/#organization\",\"name\":\"Espa\u00f1ol con Mar\u00eda\",\"url\":\"https:\\\/\\\/espanolconmaria.com\\\/\",\"logo\":{\"@type\":\"ImageObject\",\"inLanguage\":\"en-US\",\"@id\":\"https:\\\/\\\/espanolconmaria.com\\\/#\\\/schema\\\/logo\\\/image\\\/\",\"url\":\"https:\\\/\\\/espanolconmaria.com\\\/wp-content\\\/uploads\\\/2022\\\/11\\\/elementos-grma\u0301ticos-cambio-de-logo-espan\u0303ol-con-maria-07.png\",\"contentUrl\":\"https:\\\/\\\/espanolconmaria.com\\\/wp-content\\\/uploads\\\/2022\\\/11\\\/elementos-grma\u0301ticos-cambio-de-logo-espan\u0303ol-con-maria-07.png\",\"width\":1254,\"height\":398,\"caption\":\"Espa\u00f1ol con Mar\u00eda\"},\"image\":{\"@id\":\"https:\\\/\\\/espanolconmaria.com\\\/#\\\/schema\\\/logo\\\/image\\\/\"},\"sameAs\":[\"https:\\\/\\\/www.facebook.com\\\/AprenderEspanolConMaria\\\/\",\"https:\\\/\\\/x.com\\\/espanolconmaria\",\"https:\\\/\\\/www.instagram.com\\\/espanolconmaria\\\/\",\"https:\\\/\\\/www.tiktok.com\\\/@espanolconmaria\"]}]}<\/script>\n<!-- \/ Yoast SEO plugin. -->","yoast_head_json":{"title":"Cuaderno de verbos irregulares - Espa\u00f1ol con Mar\u00eda","robots":{"index":"index","follow":"follow","max-snippet":"max-snippet:-1","max-image-preview":"max-image-preview:large","max-video-preview":"max-video-preview:-1"},"canonical":"https:\/\/espanolconmaria.com\/producto\/cuaderno-de-verbos-irregulares\/","og_locale":"en_US","og_type":"article","og_title":"Cuaderno de verbos irregulares - Espa\u00f1ol con Mar\u00eda","og_description":"Un cuaderno que te permite identificar patrones para conjugar los verbos irregulares en espa\u00f1ol.","og_url":"https:\/\/espanolconmaria.com\/producto\/cuaderno-de-verbos-irregulares\/","og_site_name":"Espa\u00f1ol con Mar\u00eda","article_publisher":"https:\/\/www.facebook.com\/AprenderEspanolConMaria\/","article_modified_time":"2024-05-27T15:57:25+00:00","og_image":[{"width":550,"height":667,"url":"https:\/\/espanolconmaria.com\/wp-content\/uploads\/2024\/05\/CUADERNO-DE-VERBOS-04-.png","type":"image\/png"}],"twitter_card":"summary_large_image","twitter_site":"@espanolconmaria","twitter_misc":{"Est. reading time":"1 minute"},"schema":{"@context":"https:\/\/schema.org","@graph":[{"@type":"WebPage","@id":"https:\/\/espanolconmaria.com\/producto\/cuaderno-de-verbos-irregulares\/","url":"https:\/\/espanolconmaria.com\/producto\/cuaderno-de-verbos-irregulares\/","name":"Cuaderno de verbos irregulares - Espa\u00f1ol con Mar\u00eda","isPartOf":{"@id":"https:\/\/espanolconmaria.com\/#website"},"primaryImageOfPage":{"@id":"https:\/\/espanolconmaria.com\/producto\/cuaderno-de-verbos-irregulares\/#primaryimage"},"image":{"@id":"https:\/\/espanolconmaria.com\/producto\/cuaderno-de-verbos-irregulares\/#primaryimage"},"thumbnailUrl":"https:\/\/espanolconmaria.com\/wp-content\/uploads\/2024\/05\/CUADERNO-DE-VERBOS-04-.png","datePublished":"2024-05-27T15:52:17+00:00","dateModified":"2024-05-27T15:57:25+00:00","breadcrumb":{"@id":"https:\/\/espanolconmaria.com\/producto\/cuaderno-de-verbos-irregulares\/#breadcrumb"},"inLanguage":"en-US","potentialAction":[{"@type":"ReadAction","target":["https:\/\/espanolconmaria.com\/producto\/cuaderno-de-verbos-irregulares\/"]}]},{"@type":"ImageObject","inLanguage":"en-US","@id":"https:\/\/espanolconmaria.com\/producto\/cuaderno-de-verbos-irregulares\/#primaryimage","url":"https:\/\/espanolconmaria.com\/wp-content\/uploads\/2024\/05\/CUADERNO-DE-VERBOS-04-.png","contentUrl":"https:\/\/espanolconmaria.com\/wp-content\/uploads\/2024\/05\/CUADERNO-DE-VERBOS-04-.png","width":550,"height":667},{"@type":"BreadcrumbList","@id":"https:\/\/espanolconmaria.com\/producto\/cuaderno-de-verbos-irregulares\/#breadcrumb","itemListElement":[{"@type":"ListItem","position":1,"name":"Portada","item":"https:\/\/espanolconmaria.com\/en\/"},{"@type":"ListItem","position":2,"name":"Shop","item":"https:\/\/espanolconmaria.com\/en\/shop\/"},{"@type":"ListItem","position":3,"name":"Cuaderno de verbos irregulares"}]},{"@type":"WebSite","@id":"https:\/\/espanolconmaria.com\/#website","url":"https:\/\/espanolconmaria.com\/","name":"Espa\u00f1ol con Mar\u00eda","description":"La forma tropical de aprender espa\u00f1ol","publisher":{"@id":"https:\/\/espanolconmaria.com\/#organization"},"potentialAction":[{"@type":"SearchAction","target":{"@type":"EntryPoint","urlTemplate":"https:\/\/espanolconmaria.com\/?s={search_term_string}"},"query-input":{"@type":"PropertyValueSpecification","valueRequired":true,"valueName":"search_term_string"}}],"inLanguage":"en-US"},{"@type":"Organization","@id":"https:\/\/espanolconmaria.com\/#organization","name":"Espa\u00f1ol con Mar\u00eda","url":"https:\/\/espanolconmaria.com\/","logo":{"@type":"ImageObject","inLanguage":"en-US","@id":"https:\/\/espanolconmaria.com\/#\/schema\/logo\/image\/","url":"https:\/\/espanolconmaria.com\/wp-content\/uploads\/2022\/11\/elementos-grma\u0301ticos-cambio-de-logo-espan\u0303ol-con-maria-07.png","contentUrl":"https:\/\/espanolconmaria.com\/wp-content\/uploads\/2022\/11\/elementos-grma\u0301ticos-cambio-de-logo-espan\u0303ol-con-maria-07.png","width":1254,"height":398,"caption":"Espa\u00f1ol con Mar\u00eda"},"image":{"@id":"https:\/\/espanolconmaria.com\/#\/schema\/logo\/image\/"},"sameAs":["https:\/\/www.facebook.com\/AprenderEspanolConMaria\/","https:\/\/x.com\/espanolconmaria","https:\/\/www.instagram.com\/espanolconmaria\/","https:\/\/www.tiktok.com\/@espanolconmaria"]}]}},"_links":{"self":[{"href":"https:\/\/espanolconmaria.com\/en\/wp-json\/wp\/v2\/product\/25943","targetHints":{"allow":["GET"]}}],"collection":[{"href":"https:\/\/espanolconmaria.com\/en\/wp-json\/wp\/v2\/product"}],"about":[{"href":"https:\/\/espanolconmaria.com\/en\/wp-json\/wp\/v2\/types\/product"}],"replies":[{"embeddable":true,"href":"https:\/\/espanolconmaria.com\/en\/wp-json\/wp\/v2\/comments?post=25943"}],"wp:featuredmedia":[{"embeddable":true,"href":"https:\/\/espanolconmaria.com\/en\/wp-json\/wp\/v2\/media\/25946"}],"wp:attachment":[{"href":"https:\/\/espanolconmaria.com\/en\/wp-json\/wp\/v2\/media?parent=25943"}],"wp:term":[{"taxonomy":"product_brand","embeddable":true,"href":"https:\/\/espanolconmaria.com\/en\/wp-json\/wp\/v2\/product_brand?post=25943"},{"taxonomy":"product_cat","embeddable":true,"href":"https:\/\/espanolconmaria.com\/en\/wp-json\/wp\/v2\/product_cat?post=25943"},{"taxonomy":"product_tag","embeddable":true,"href":"https:\/\/espanolconmaria.com\/en\/wp-json\/wp\/v2\/product_tag?post=25943"}],"curies":[{"name":"wp","href":"https:\/\/api.w.org\/{rel}","templated":true}]}}